{"id":10691,"date":"2022-07-20T21:25:42","date_gmt":"2022-07-20T21:25:42","guid":{"rendered":"https:\/\/bkmedevents.com\/?page_id=10691"},"modified":"2022-07-27T20:28:25","modified_gmt":"2022-07-27T20:28:25","slug":"hani-tohme","status":"publish","type":"page","link":"https:\/\/bkmedevents.com\/fr\/hani-tohme\/","title":{"rendered":"Hani Tohme"},"content":{"rendered":"\t\t<div data-elementor-type=\"wp-page\" data-elementor-id=\"10691\" class=\"elementor elementor-10691\" data-elementor-post-type=\"page\">\n\t\t\t\t\t\t<section class=\"elementor-section elementor-top-section elementor-element elementor-element-bf67814 elementor-section-content-middle elementor-section-boxed elementor-section-height-default elementor-section-height-default\" data-id=\"bf67814\" data-element_type=\"section\" data-settings=\"{&quot;background_background&quot;:&quot;classic&quot;}\">\n\t\t\t\t\t\t<div class=\"elementor-container elementor-column-gap-wide\">\n\t\t\t\t\t<div class=\"elementor-column elementor-col-50 elementor-top-column elementor-element elementor-element-4c007c1\" data-id=\"4c007c1\" data-element_type=\"column\" data-settings=\"{&quot;background_background&quot;:&quot;classic&quot;}\">\n\t\t\t<div class=\"elementor-widget-wrap elementor-element-populated\">\n\t\t\t\t\t\t<div class=\"elementor-element elementor-element-7a297569 elementor-widget elementor-widget-spacer\" data-id=\"7a297569\" data-element_type=\"widget\" data-widget_type=\"spacer.default\">\n\t\t\t\t<div class=\"elementor-widget-container\">\n\t\t\t\t\t\t\t<div class=\"elementor-spacer\">\n\t\t\t<div class=\"elementor-spacer-inner\"><\/div>\n\t\t<\/div>\n\t\t\t\t\t\t<\/div>\n\t\t\t\t<\/div>\n\t\t\t\t\t<\/div>\n\t\t<\/div>\n\t\t\t\t<div class=\"elementor-column elementor-col-50 elementor-top-column elementor-element elementor-element-42ad50ba\" data-id=\"42ad50ba\" data-element_type=\"column\">\n\t\t\t<div class=\"elementor-widget-wrap elementor-element-populated\">\n\t\t\t\t\t\t<div class=\"elementor-element elementor-element-42d0a364 elementor-widget elementor-widget-heading\" data-id=\"42d0a364\" data-element_type=\"widget\" data-widget_type=\"heading.default\">\n\t\t\t\t<div class=\"elementor-widget-container\">\n\t\t\t\t\t<h2 class=\"elementor-heading-title elementor-size-xxl\">Hani Tohme<\/h2>\t\t\t\t<\/div>\n\t\t\t\t<\/div>\n\t\t\t\t<div class=\"elementor-element elementor-element-3f0d0702 elementor-widget-divider--view-line elementor-invisible elementor-widget elementor-widget-divider\" data-id=\"3f0d0702\" data-element_type=\"widget\" data-settings=\"{&quot;_animation&quot;:&quot;fadeInUp&quot;}\" data-widget_type=\"divider.default\">\n\t\t\t\t<div class=\"elementor-widget-container\">\n\t\t\t\t\t\t\t<div class=\"elementor-divider\">\n\t\t\t<span class=\"elementor-divider-separator\">\n\t\t\t\t\t\t<\/span>\n\t\t<\/div>\n\t\t\t\t\t\t<\/div>\n\t\t\t\t<\/div>\n\t\t\t\t<div class=\"elementor-element elementor-element-36aed3f1 elementor-widget elementor-widget-text-editor\" data-id=\"36aed3f1\" data-element_type=\"widget\" data-widget_type=\"text-editor.default\">\n\t\t\t\t<div class=\"elementor-widget-container\">\n\t\t\t\t\t\t\t\t\t<p>Il a obtenu son DDS en 1995, puis son MSc en prosthodontie en 1999 \u00e0 l&#8217;Universit\u00e9 Saint-Joseph de Beyrouth, au Liban, avec les honneurs, et il termine actuellement son doctorat en biomat\u00e9riaux.<\/p><p>Il est actuellement ma\u00eetre de conf\u00e9rences et directeur du programme postuniversitaire du d\u00e9partement de prosthodontie amovible.<\/p><p>Il est \u00e9galement le fondateur et l&#8217;actuel chef de l&#8217;unit\u00e9 de dentisterie num\u00e9rique de l&#8217;universit\u00e9 Saint Joseph, au Liban.<\/p><p>Il dispose d&#8217;installations ultramodernes dot\u00e9es des derni\u00e8res technologies dentaires dans son cabinet priv\u00e9 de Mtayleb, au Liban.<\/p><p>Il est l&#8217;actuel secr\u00e9taire de l&#8217;International Society for Functional Removable Prosthetics (SIPAF), un fellow de l&#8217;ITI et un Key Opinion Leader (KOL) pour 3 Shape.<\/p><p>Il intervient lors de cours et de conf\u00e9rences internationales sur des sujets li\u00e9s \u00e0 la prosthodontie, \u00e0 l&#8217;implantologie et \u00e0 la dentisterie num\u00e9rique et a publi\u00e9 de nombreux articles dans plusieurs revues \u00e0 comit\u00e9 de lecture.<\/p><p>Domaines de sp\u00e9cialisation : Implantologie, Prosthodontie<\/p><p>Expertise Topics: Immediacy, Digital Solutions, Guided Surgery<\/p>\t\t\t\t\t\t\t\t<\/div>\n\t\t\t\t<\/div>\n\t\t\t\t\t<\/div>\n\t\t<\/div>\n\t\t\t\t\t<\/div>\n\t\t<\/section>\n\t\t\t\t<\/div>\n\t\t","protected":false},"excerpt":{"rendered":"<p>Hani Tohme Il a obtenu son DDS en 1995, puis son MSc en prosthodontie en 1999 \u00e0 l&#8217;Universit\u00e9 Saint-Joseph de Beyrouth, au Liban, avec les honneurs, et il termine actuellement son doctorat en biomat\u00e9riaux. Il est actuellement ma\u00eetre de conf\u00e9rences &hellip; <\/p>\n","protected":false},"author":1,"featured_media":0,"parent":0,"menu_order":0,"comment_status":"closed","ping_status":"closed","template":"elementor_theme","meta":{"_bbp_topic_count":0,"_bbp_reply_count":0,"_bbp_total_topic_count":0,"_bbp_total_reply_count":0,"_bbp_voice_count":0,"_bbp_anonymous_reply_count":0,"_bbp_topic_count_hidden":0,"_bbp_reply_count_hidden":0,"_bbp_forum_subforum_count":0,"pmpro_default_level":"","footnotes":""},"class_list":["post-10691","page","type-page","status-publish","hentry","pmpro-has-access"],"yoast_head":"<!-- This site is optimized with the Yoast SEO plugin v22.3 - https:\/\/yoast.com\/wordpress\/plugins\/seo\/ -->\n<title>Hani Tohme - BKMED EVENTS<\/title>\n<meta name=\"robots\" content=\"index, follow, max-snippet:-1, max-image-preview:large, max-video-preview:-1\" \/>\n<link rel=\"canonical\" href=\"https:\/\/bkmedevents.com\/fr\/hani-tohme\/\" \/>\n<meta property=\"og:locale\" content=\"fr_FR\" \/>\n<meta property=\"og:type\" content=\"article\" \/>\n<meta property=\"og:title\" content=\"Hani Tohme - BKMED EVENTS\" \/>\n<meta property=\"og:description\" content=\"Hani Tohme Il a obtenu son DDS en 1995, puis son MSc en prosthodontie en 1999 \u00e0 l&#8217;Universit\u00e9 Saint-Joseph de Beyrouth, au Liban, avec les honneurs, et il termine actuellement son doctorat en biomat\u00e9riaux. Il est actuellement ma\u00eetre de conf\u00e9rences &hellip;\" \/>\n<meta property=\"og:url\" content=\"https:\/\/bkmedevents.com\/fr\/hani-tohme\/\" \/>\n<meta property=\"og:site_name\" content=\"BKMED EVENTS\" \/>\n<meta property=\"article:publisher\" content=\"https:\/\/www.facebook.com\/bkmedevents?mibextid=ZbWKwL\" \/>\n<meta property=\"article:modified_time\" content=\"2022-07-27T20:28:25+00:00\" \/>\n<meta name=\"twitter:card\" content=\"summary_large_image\" \/>\n<meta name=\"twitter:site\" content=\"@BkmedEvents\" \/>\n<meta name=\"twitter:label1\" content=\"Dur\u00e9e de lecture estim\u00e9e\" \/>\n\t<meta name=\"twitter:data1\" content=\"1 minute\" \/>\n<script type=\"application\/ld+json\" class=\"yoast-schema-graph\">{\"@context\":\"https:\/\/schema.org\",\"@graph\":[{\"@type\":\"WebPage\",\"@id\":\"https:\/\/bkmedevents.com\/hani-tohme\/\",\"url\":\"https:\/\/bkmedevents.com\/hani-tohme\/\",\"name\":\"Hani Tohme - BKMED EVENTS\",\"isPartOf\":{\"@id\":\"https:\/\/bkmedevents.com\/#website\"},\"datePublished\":\"2022-07-20T21:25:42+00:00\",\"dateModified\":\"2022-07-27T20:28:25+00:00\",\"breadcrumb\":{\"@id\":\"https:\/\/bkmedevents.com\/hani-tohme\/#breadcrumb\"},\"inLanguage\":\"fr-FR\",\"potentialAction\":[{\"@type\":\"ReadAction\",\"target\":[\"https:\/\/bkmedevents.com\/hani-tohme\/\"]}]},{\"@type\":\"BreadcrumbList\",\"@id\":\"https:\/\/bkmedevents.com\/hani-tohme\/#breadcrumb\",\"itemListElement\":[{\"@type\":\"ListItem\",\"position\":1,\"name\":\"Accueil\",\"item\":\"https:\/\/bkmedevents.com\/en\/\"},{\"@type\":\"ListItem\",\"position\":2,\"name\":\"Hani Tohme\"}]},{\"@type\":\"WebSite\",\"@id\":\"https:\/\/bkmedevents.com\/#website\",\"url\":\"https:\/\/bkmedevents.com\/\",\"name\":\"www.bkmedevents.com\",\"description\":\"La Formation Continue Vue AUTREMENT ..\",\"publisher\":{\"@id\":\"https:\/\/bkmedevents.com\/#organization\"},\"potentialAction\":[{\"@type\":\"SearchAction\",\"target\":{\"@type\":\"EntryPoint\",\"urlTemplate\":\"https:\/\/bkmedevents.com\/?s={search_term_string}\"},\"query-input\":\"required name=search_term_string\"}],\"inLanguage\":\"fr-FR\"},{\"@type\":\"Organization\",\"@id\":\"https:\/\/bkmedevents.com\/#organization\",\"name\":\"www.bkmedevents.com\",\"url\":\"https:\/\/bkmedevents.com\/\",\"logo\":{\"@type\":\"ImageObject\",\"inLanguage\":\"fr-FR\",\"@id\":\"https:\/\/bkmedevents.com\/#\/schema\/logo\/image\/\",\"url\":\"https:\/\/bkmedevents.com\/wp-content\/uploads\/2023\/09\/WhatsApp-Image-2023-09-18-a-14.53.20.jpg\",\"contentUrl\":\"https:\/\/bkmedevents.com\/wp-content\/uploads\/2023\/09\/WhatsApp-Image-2023-09-18-a-14.53.20.jpg\",\"width\":493,\"height\":308,\"caption\":\"www.bkmedevents.com\"},\"image\":{\"@id\":\"https:\/\/bkmedevents.com\/#\/schema\/logo\/image\/\"},\"sameAs\":[\"https:\/\/www.facebook.com\/bkmedevents?mibextid=ZbWKwL\",\"https:\/\/twitter.com\/BkmedEvents\",\"https:\/\/instagram.com\/bkmedevents?utm_source=qr&igshid=NGExMmI2YTkyZg\",\"https:\/\/youtube.com\/@bkmedevents2022?si=OHuUHYRdW6_kCi4L\"]}]}<\/script>\n<!-- \/ Yoast SEO plugin. -->","yoast_head_json":{"title":"Hani Tohme - BKMED EVENTS","robots":{"index":"index","follow":"follow","max-snippet":"max-snippet:-1","max-image-preview":"max-image-preview:large","max-video-preview":"max-video-preview:-1"},"canonical":"https:\/\/bkmedevents.com\/fr\/hani-tohme\/","og_locale":"fr_FR","og_type":"article","og_title":"Hani Tohme - BKMED EVENTS","og_description":"Hani Tohme Il a obtenu son DDS en 1995, puis son MSc en prosthodontie en 1999 \u00e0 l&#8217;Universit\u00e9 Saint-Joseph de Beyrouth, au Liban, avec les honneurs, et il termine actuellement son doctorat en biomat\u00e9riaux. Il est actuellement ma\u00eetre de conf\u00e9rences &hellip;","og_url":"https:\/\/bkmedevents.com\/fr\/hani-tohme\/","og_site_name":"BKMED EVENTS","article_publisher":"https:\/\/www.facebook.com\/bkmedevents?mibextid=ZbWKwL","article_modified_time":"2022-07-27T20:28:25+00:00","twitter_card":"summary_large_image","twitter_site":"@BkmedEvents","twitter_misc":{"Dur\u00e9e de lecture estim\u00e9e":"1 minute"},"schema":{"@context":"https:\/\/schema.org","@graph":[{"@type":"WebPage","@id":"https:\/\/bkmedevents.com\/hani-tohme\/","url":"https:\/\/bkmedevents.com\/hani-tohme\/","name":"Hani Tohme - BKMED EVENTS","isPartOf":{"@id":"https:\/\/bkmedevents.com\/#website"},"datePublished":"2022-07-20T21:25:42+00:00","dateModified":"2022-07-27T20:28:25+00:00","breadcrumb":{"@id":"https:\/\/bkmedevents.com\/hani-tohme\/#breadcrumb"},"inLanguage":"fr-FR","potentialAction":[{"@type":"ReadAction","target":["https:\/\/bkmedevents.com\/hani-tohme\/"]}]},{"@type":"BreadcrumbList","@id":"https:\/\/bkmedevents.com\/hani-tohme\/#breadcrumb","itemListElement":[{"@type":"ListItem","position":1,"name":"Accueil","item":"https:\/\/bkmedevents.com\/en\/"},{"@type":"ListItem","position":2,"name":"Hani Tohme"}]},{"@type":"WebSite","@id":"https:\/\/bkmedevents.com\/#website","url":"https:\/\/bkmedevents.com\/","name":"www.bkmedevents.com","description":"La Formation Continue Vue AUTREMENT ..","publisher":{"@id":"https:\/\/bkmedevents.com\/#organization"},"potentialAction":[{"@type":"SearchAction","target":{"@type":"EntryPoint","urlTemplate":"https:\/\/bkmedevents.com\/?s={search_term_string}"},"query-input":"required name=search_term_string"}],"inLanguage":"fr-FR"},{"@type":"Organization","@id":"https:\/\/bkmedevents.com\/#organization","name":"www.bkmedevents.com","url":"https:\/\/bkmedevents.com\/","logo":{"@type":"ImageObject","inLanguage":"fr-FR","@id":"https:\/\/bkmedevents.com\/#\/schema\/logo\/image\/","url":"https:\/\/bkmedevents.com\/wp-content\/uploads\/2023\/09\/WhatsApp-Image-2023-09-18-a-14.53.20.jpg","contentUrl":"https:\/\/bkmedevents.com\/wp-content\/uploads\/2023\/09\/WhatsApp-Image-2023-09-18-a-14.53.20.jpg","width":493,"height":308,"caption":"www.bkmedevents.com"},"image":{"@id":"https:\/\/bkmedevents.com\/#\/schema\/logo\/image\/"},"sameAs":["https:\/\/www.facebook.com\/bkmedevents?mibextid=ZbWKwL","https:\/\/twitter.com\/BkmedEvents","https:\/\/instagram.com\/bkmedevents?utm_source=qr&igshid=NGExMmI2YTkyZg","https:\/\/youtube.com\/@bkmedevents2022?si=OHuUHYRdW6_kCi4L"]}]}},"_links":{"self":[{"href":"https:\/\/bkmedevents.com\/fr\/wp-json\/wp\/v2\/pages\/10691","targetHints":{"allow":["GET"]}}],"collection":[{"href":"https:\/\/bkmedevents.com\/fr\/wp-json\/wp\/v2\/pages"}],"about":[{"href":"https:\/\/bkmedevents.com\/fr\/wp-json\/wp\/v2\/types\/page"}],"author":[{"embeddable":true,"href":"https:\/\/bkmedevents.com\/fr\/wp-json\/wp\/v2\/users\/1"}],"replies":[{"embeddable":true,"href":"https:\/\/bkmedevents.com\/fr\/wp-json\/wp\/v2\/comments?post=10691"}],"version-history":[{"count":13,"href":"https:\/\/bkmedevents.com\/fr\/wp-json\/wp\/v2\/pages\/10691\/revisions"}],"predecessor-version":[{"id":11055,"href":"https:\/\/bkmedevents.com\/fr\/wp-json\/wp\/v2\/pages\/10691\/revisions\/11055"}],"wp:attachment":[{"href":"https:\/\/bkmedevents.com\/fr\/wp-json\/wp\/v2\/media?parent=10691"}],"curies":[{"name":"wp","href":"https:\/\/api.w.org\/{rel}","templated":true}]}}