{"id":10692,"date":"2022-07-20T21:25:46","date_gmt":"2022-07-20T21:25:46","guid":{"rendered":"https:\/\/bkmedevents.com\/?page_id=10692"},"modified":"2022-07-27T20:32:04","modified_gmt":"2022-07-27T20:32:04","slug":"manaf-taher-agha","status":"publish","type":"page","link":"https:\/\/bkmedevents.com\/fr\/manaf-taher-agha\/","title":{"rendered":"Manaf Taher Agha"},"content":{"rendered":"\t\t<div data-elementor-type=\"wp-page\" data-elementor-id=\"10692\" class=\"elementor elementor-10692\" data-elementor-post-type=\"page\">\n\t\t\t\t\t\t<section class=\"elementor-section elementor-top-section elementor-element elementor-element-bf67814 elementor-section-content-middle elementor-section-boxed elementor-section-height-default elementor-section-height-default\" data-id=\"bf67814\" data-element_type=\"section\" data-settings=\"{&quot;background_background&quot;:&quot;classic&quot;}\">\n\t\t\t\t\t\t<div class=\"elementor-container elementor-column-gap-wide\">\n\t\t\t\t\t<div class=\"elementor-column elementor-col-50 elementor-top-column elementor-element elementor-element-4c007c1\" data-id=\"4c007c1\" data-element_type=\"column\" data-settings=\"{&quot;background_background&quot;:&quot;classic&quot;}\">\n\t\t\t<div class=\"elementor-widget-wrap elementor-element-populated\">\n\t\t\t\t\t\t<div class=\"elementor-element elementor-element-7a297569 elementor-widget elementor-widget-spacer\" data-id=\"7a297569\" data-element_type=\"widget\" data-widget_type=\"spacer.default\">\n\t\t\t\t<div class=\"elementor-widget-container\">\n\t\t\t\t\t\t\t<div class=\"elementor-spacer\">\n\t\t\t<div class=\"elementor-spacer-inner\"><\/div>\n\t\t<\/div>\n\t\t\t\t\t\t<\/div>\n\t\t\t\t<\/div>\n\t\t\t\t\t<\/div>\n\t\t<\/div>\n\t\t\t\t<div class=\"elementor-column elementor-col-50 elementor-top-column elementor-element elementor-element-42ad50ba\" data-id=\"42ad50ba\" data-element_type=\"column\">\n\t\t\t<div class=\"elementor-widget-wrap elementor-element-populated\">\n\t\t\t\t\t\t<div class=\"elementor-element elementor-element-42d0a364 elementor-widget elementor-widget-heading\" data-id=\"42d0a364\" data-element_type=\"widget\" data-widget_type=\"heading.default\">\n\t\t\t\t<div class=\"elementor-widget-container\">\n\t\t\t\t\t<h2 class=\"elementor-heading-title elementor-size-xxl\">Manaf Taher Agha<\/h2>\t\t\t\t<\/div>\n\t\t\t\t<\/div>\n\t\t\t\t<div class=\"elementor-element elementor-element-3f0d0702 elementor-widget-divider--view-line elementor-invisible elementor-widget elementor-widget-divider\" data-id=\"3f0d0702\" data-element_type=\"widget\" data-settings=\"{&quot;_animation&quot;:&quot;fadeInUp&quot;}\" data-widget_type=\"divider.default\">\n\t\t\t\t<div class=\"elementor-widget-container\">\n\t\t\t\t\t\t\t<div class=\"elementor-divider\">\n\t\t\t<span class=\"elementor-divider-separator\">\n\t\t\t\t\t\t<\/span>\n\t\t<\/div>\n\t\t\t\t\t\t<\/div>\n\t\t\t\t<\/div>\n\t\t\t\t<div class=\"elementor-element elementor-element-36aed3f1 elementor-widget elementor-widget-text-editor\" data-id=\"36aed3f1\" data-element_type=\"widget\" data-widget_type=\"text-editor.default\">\n\t\t\t\t<div class=\"elementor-widget-container\">\n\t\t\t\t\t\t\t\t\t<p>Le Dr Manaf a obtenu en 1996 le dipl\u00f4me de D.D.S. de la Facult\u00e9 de m\u00e9decine dentaire de l&#8217;Universit\u00e9 d&#8217;Alep.<\/p><p>-Il a travaill\u00e9 dans sa clinique priv\u00e9e en tant que dentiste g\u00e9n\u00e9raliste.<br \/>-En 2006, il a termin\u00e9 ses \u00e9tudes de laser et a obtenu son dipl\u00f4me de Master de l&#8217;ESOLA Laser Academy, \u00e0 l&#8217;universit\u00e9 de Vienne, \u00e9cole dentaire, en Autriche.<br \/>-Il a termin\u00e9 ses cours de dentisterie holistique et biologique.<br \/>-En 2007, le Dr Manaf s&#8217;installe \u00e0 Duba\u00ef et rejoint la New Life Style Clinic (Jumairah), en tant que chef du d\u00e9partement dentaire et directeur m\u00e9dical.<br \/>-En 2009, le Dr Manaf a rejoint la Liberty Dental Clinic en tant que chef du d\u00e9partement laser.<\/p><p>Secr\u00e9taire g\u00e9n\u00e9ral de l&#8217;International Academy For Laser Education<\/p><p>Adh\u00e9sion :<br \/>\uf076Association Dentaire Syrienne.<br \/>\uf076Soci\u00e9t\u00e9 europ\u00e9enne pour l&#8217;application du laser oral.<br \/>\uf076Soci\u00e9t\u00e9 syrienne contre le cancer-Aleppo.<br \/>\uf076Sola Laser Academy, Vienne.<br \/>\uf076Association m\u00e9dicale des \u00c9mirats.<\/p><p>Article publi\u00e9 :<br \/>&#8211; Low-Level Laser Therapy as a Solution in the Dental Clinic : Review and case report, Journal of Oral Laser Applications, Vol.7, No 1, 2007, p. 65-73.<br \/>Charg\u00e9 de cours :<br \/>&#8211; R\u00c9SEAU DE L&#8217;UNIVERSIT\u00c9 DES SCIENCES ET DE LA TECHNOLOGIE D&#8217;AJMAN, FACULT\u00c9 DE DENTISTERIE,<br \/>Cours sur le laser et la technologie moderne.<br \/>&#8211; Acad\u00e9mie de m\u00e9decine compl\u00e9mentaire de Duba\u00ef, (th\u00e9rapie au laser de bas niveau).<\/p>\t\t\t\t\t\t\t\t<\/div>\n\t\t\t\t<\/div>\n\t\t\t\t\t<\/div>\n\t\t<\/div>\n\t\t\t\t\t<\/div>\n\t\t<\/section>\n\t\t\t\t<\/div>\n\t\t","protected":false},"excerpt":{"rendered":"<p>Manaf Taher Agha Le Dr Manaf a obtenu en 1996 le dipl\u00f4me de D.D.S. de la Facult\u00e9 de m\u00e9decine dentaire de l&#8217;Universit\u00e9 d&#8217;Alep. -Il a travaill\u00e9 dans sa clinique priv\u00e9e en tant que dentiste g\u00e9n\u00e9raliste.-En 2006, il a termin\u00e9 ses &hellip; <\/p>\n","protected":false},"author":1,"featured_media":0,"parent":0,"menu_order":0,"comment_status":"closed","ping_status":"closed","template":"elementor_theme","meta":{"_bbp_topic_count":0,"_bbp_reply_count":0,"_bbp_total_topic_count":0,"_bbp_total_reply_count":0,"_bbp_voice_count":0,"_bbp_anonymous_reply_count":0,"_bbp_topic_count_hidden":0,"_bbp_reply_count_hidden":0,"_bbp_forum_subforum_count":0,"pmpro_default_level":"","footnotes":""},"class_list":["post-10692","page","type-page","status-publish","hentry","pmpro-has-access"],"yoast_head":"<!-- This site is optimized with the Yoast SEO plugin v22.3 - https:\/\/yoast.com\/wordpress\/plugins\/seo\/ -->\n<title>Manaf Taher Agha - BKMED EVENTS<\/title>\n<meta name=\"robots\" content=\"index, follow, max-snippet:-1, max-image-preview:large, max-video-preview:-1\" \/>\n<link rel=\"canonical\" href=\"https:\/\/bkmedevents.com\/fr\/manaf-taher-agha\/\" \/>\n<meta property=\"og:locale\" content=\"fr_FR\" \/>\n<meta property=\"og:type\" content=\"article\" \/>\n<meta property=\"og:title\" content=\"Manaf Taher Agha - BKMED EVENTS\" \/>\n<meta property=\"og:description\" content=\"Manaf Taher Agha Le Dr Manaf a obtenu en 1996 le dipl\u00f4me de D.D.S. de la Facult\u00e9 de m\u00e9decine dentaire de l&#8217;Universit\u00e9 d&#8217;Alep. -Il a travaill\u00e9 dans sa clinique priv\u00e9e en tant que dentiste g\u00e9n\u00e9raliste.-En 2006, il a termin\u00e9 ses &hellip;\" \/>\n<meta property=\"og:url\" content=\"https:\/\/bkmedevents.com\/fr\/manaf-taher-agha\/\" \/>\n<meta property=\"og:site_name\" content=\"BKMED EVENTS\" \/>\n<meta property=\"article:publisher\" content=\"https:\/\/www.facebook.com\/bkmedevents?mibextid=ZbWKwL\" \/>\n<meta property=\"article:modified_time\" content=\"2022-07-27T20:32:04+00:00\" \/>\n<meta name=\"twitter:card\" content=\"summary_large_image\" \/>\n<meta name=\"twitter:site\" content=\"@BkmedEvents\" \/>\n<meta name=\"twitter:label1\" content=\"Dur\u00e9e de lecture estim\u00e9e\" \/>\n\t<meta name=\"twitter:data1\" content=\"1 minute\" \/>\n<script type=\"application\/ld+json\" class=\"yoast-schema-graph\">{\"@context\":\"https:\/\/schema.org\",\"@graph\":[{\"@type\":\"WebPage\",\"@id\":\"https:\/\/bkmedevents.com\/manaf-taher-agha\/\",\"url\":\"https:\/\/bkmedevents.com\/manaf-taher-agha\/\",\"name\":\"Manaf Taher Agha - BKMED EVENTS\",\"isPartOf\":{\"@id\":\"https:\/\/bkmedevents.com\/#website\"},\"datePublished\":\"2022-07-20T21:25:46+00:00\",\"dateModified\":\"2022-07-27T20:32:04+00:00\",\"breadcrumb\":{\"@id\":\"https:\/\/bkmedevents.com\/manaf-taher-agha\/#breadcrumb\"},\"inLanguage\":\"fr-FR\",\"potentialAction\":[{\"@type\":\"ReadAction\",\"target\":[\"https:\/\/bkmedevents.com\/manaf-taher-agha\/\"]}]},{\"@type\":\"BreadcrumbList\",\"@id\":\"https:\/\/bkmedevents.com\/manaf-taher-agha\/#breadcrumb\",\"itemListElement\":[{\"@type\":\"ListItem\",\"position\":1,\"name\":\"Accueil\",\"item\":\"https:\/\/bkmedevents.com\/en\/\"},{\"@type\":\"ListItem\",\"position\":2,\"name\":\"Manaf Taher Agha\"}]},{\"@type\":\"WebSite\",\"@id\":\"https:\/\/bkmedevents.com\/#website\",\"url\":\"https:\/\/bkmedevents.com\/\",\"name\":\"www.bkmedevents.com\",\"description\":\"La Formation Continue Vue AUTREMENT ..\",\"publisher\":{\"@id\":\"https:\/\/bkmedevents.com\/#organization\"},\"potentialAction\":[{\"@type\":\"SearchAction\",\"target\":{\"@type\":\"EntryPoint\",\"urlTemplate\":\"https:\/\/bkmedevents.com\/?s={search_term_string}\"},\"query-input\":\"required name=search_term_string\"}],\"inLanguage\":\"fr-FR\"},{\"@type\":\"Organization\",\"@id\":\"https:\/\/bkmedevents.com\/#organization\",\"name\":\"www.bkmedevents.com\",\"url\":\"https:\/\/bkmedevents.com\/\",\"logo\":{\"@type\":\"ImageObject\",\"inLanguage\":\"fr-FR\",\"@id\":\"https:\/\/bkmedevents.com\/#\/schema\/logo\/image\/\",\"url\":\"https:\/\/bkmedevents.com\/wp-content\/uploads\/2023\/09\/WhatsApp-Image-2023-09-18-a-14.53.20.jpg\",\"contentUrl\":\"https:\/\/bkmedevents.com\/wp-content\/uploads\/2023\/09\/WhatsApp-Image-2023-09-18-a-14.53.20.jpg\",\"width\":493,\"height\":308,\"caption\":\"www.bkmedevents.com\"},\"image\":{\"@id\":\"https:\/\/bkmedevents.com\/#\/schema\/logo\/image\/\"},\"sameAs\":[\"https:\/\/www.facebook.com\/bkmedevents?mibextid=ZbWKwL\",\"https:\/\/twitter.com\/BkmedEvents\",\"https:\/\/instagram.com\/bkmedevents?utm_source=qr&igshid=NGExMmI2YTkyZg\",\"https:\/\/youtube.com\/@bkmedevents2022?si=OHuUHYRdW6_kCi4L\"]}]}<\/script>\n<!-- \/ Yoast SEO plugin. -->","yoast_head_json":{"title":"Manaf Taher Agha - BKMED EVENTS","robots":{"index":"index","follow":"follow","max-snippet":"max-snippet:-1","max-image-preview":"max-image-preview:large","max-video-preview":"max-video-preview:-1"},"canonical":"https:\/\/bkmedevents.com\/fr\/manaf-taher-agha\/","og_locale":"fr_FR","og_type":"article","og_title":"Manaf Taher Agha - BKMED EVENTS","og_description":"Manaf Taher Agha Le Dr Manaf a obtenu en 1996 le dipl\u00f4me de D.D.S. de la Facult\u00e9 de m\u00e9decine dentaire de l&#8217;Universit\u00e9 d&#8217;Alep. -Il a travaill\u00e9 dans sa clinique priv\u00e9e en tant que dentiste g\u00e9n\u00e9raliste.-En 2006, il a termin\u00e9 ses &hellip;","og_url":"https:\/\/bkmedevents.com\/fr\/manaf-taher-agha\/","og_site_name":"BKMED EVENTS","article_publisher":"https:\/\/www.facebook.com\/bkmedevents?mibextid=ZbWKwL","article_modified_time":"2022-07-27T20:32:04+00:00","twitter_card":"summary_large_image","twitter_site":"@BkmedEvents","twitter_misc":{"Dur\u00e9e de lecture estim\u00e9e":"1 minute"},"schema":{"@context":"https:\/\/schema.org","@graph":[{"@type":"WebPage","@id":"https:\/\/bkmedevents.com\/manaf-taher-agha\/","url":"https:\/\/bkmedevents.com\/manaf-taher-agha\/","name":"Manaf Taher Agha - BKMED EVENTS","isPartOf":{"@id":"https:\/\/bkmedevents.com\/#website"},"datePublished":"2022-07-20T21:25:46+00:00","dateModified":"2022-07-27T20:32:04+00:00","breadcrumb":{"@id":"https:\/\/bkmedevents.com\/manaf-taher-agha\/#breadcrumb"},"inLanguage":"fr-FR","potentialAction":[{"@type":"ReadAction","target":["https:\/\/bkmedevents.com\/manaf-taher-agha\/"]}]},{"@type":"BreadcrumbList","@id":"https:\/\/bkmedevents.com\/manaf-taher-agha\/#breadcrumb","itemListElement":[{"@type":"ListItem","position":1,"name":"Accueil","item":"https:\/\/bkmedevents.com\/en\/"},{"@type":"ListItem","position":2,"name":"Manaf Taher Agha"}]},{"@type":"WebSite","@id":"https:\/\/bkmedevents.com\/#website","url":"https:\/\/bkmedevents.com\/","name":"www.bkmedevents.com","description":"La Formation Continue Vue AUTREMENT ..","publisher":{"@id":"https:\/\/bkmedevents.com\/#organization"},"potentialAction":[{"@type":"SearchAction","target":{"@type":"EntryPoint","urlTemplate":"https:\/\/bkmedevents.com\/?s={search_term_string}"},"query-input":"required name=search_term_string"}],"inLanguage":"fr-FR"},{"@type":"Organization","@id":"https:\/\/bkmedevents.com\/#organization","name":"www.bkmedevents.com","url":"https:\/\/bkmedevents.com\/","logo":{"@type":"ImageObject","inLanguage":"fr-FR","@id":"https:\/\/bkmedevents.com\/#\/schema\/logo\/image\/","url":"https:\/\/bkmedevents.com\/wp-content\/uploads\/2023\/09\/WhatsApp-Image-2023-09-18-a-14.53.20.jpg","contentUrl":"https:\/\/bkmedevents.com\/wp-content\/uploads\/2023\/09\/WhatsApp-Image-2023-09-18-a-14.53.20.jpg","width":493,"height":308,"caption":"www.bkmedevents.com"},"image":{"@id":"https:\/\/bkmedevents.com\/#\/schema\/logo\/image\/"},"sameAs":["https:\/\/www.facebook.com\/bkmedevents?mibextid=ZbWKwL","https:\/\/twitter.com\/BkmedEvents","https:\/\/instagram.com\/bkmedevents?utm_source=qr&igshid=NGExMmI2YTkyZg","https:\/\/youtube.com\/@bkmedevents2022?si=OHuUHYRdW6_kCi4L"]}]}},"_links":{"self":[{"href":"https:\/\/bkmedevents.com\/fr\/wp-json\/wp\/v2\/pages\/10692","targetHints":{"allow":["GET"]}}],"collection":[{"href":"https:\/\/bkmedevents.com\/fr\/wp-json\/wp\/v2\/pages"}],"about":[{"href":"https:\/\/bkmedevents.com\/fr\/wp-json\/wp\/v2\/types\/page"}],"author":[{"embeddable":true,"href":"https:\/\/bkmedevents.com\/fr\/wp-json\/wp\/v2\/users\/1"}],"replies":[{"embeddable":true,"href":"https:\/\/bkmedevents.com\/fr\/wp-json\/wp\/v2\/comments?post=10692"}],"version-history":[{"count":16,"href":"https:\/\/bkmedevents.com\/fr\/wp-json\/wp\/v2\/pages\/10692\/revisions"}],"predecessor-version":[{"id":11058,"href":"https:\/\/bkmedevents.com\/fr\/wp-json\/wp\/v2\/pages\/10692\/revisions\/11058"}],"wp:attachment":[{"href":"https:\/\/bkmedevents.com\/fr\/wp-json\/wp\/v2\/media?parent=10692"}],"curies":[{"name":"wp","href":"https:\/\/api.w.org\/{rel}","templated":true}]}}