{"id":11108,"date":"2022-07-27T22:47:02","date_gmt":"2022-07-27T22:47:02","guid":{"rendered":"https:\/\/bkmedevents.com\/?page_id=11108"},"modified":"2022-07-27T22:54:52","modified_gmt":"2022-07-27T22:54:52","slug":"hicham-benbrahim","status":"publish","type":"page","link":"https:\/\/bkmedevents.com\/fr\/hicham-benbrahim\/","title":{"rendered":"Hicham Benbrahim"},"content":{"rendered":"\t\t<div data-elementor-type=\"wp-page\" data-elementor-id=\"11108\" class=\"elementor elementor-11108\" data-elementor-post-type=\"page\">\n\t\t\t\t\t\t<section class=\"elementor-section elementor-top-section elementor-element elementor-element-bf67814 elementor-section-content-middle elementor-section-boxed elementor-section-height-default elementor-section-height-default\" data-id=\"bf67814\" data-element_type=\"section\" data-settings=\"{&quot;background_background&quot;:&quot;classic&quot;}\">\n\t\t\t\t\t\t<div class=\"elementor-container elementor-column-gap-wide\">\n\t\t\t\t\t<div class=\"elementor-column elementor-col-50 elementor-top-column elementor-element elementor-element-4c007c1\" data-id=\"4c007c1\" data-element_type=\"column\" data-settings=\"{&quot;background_background&quot;:&quot;classic&quot;}\">\n\t\t\t<div class=\"elementor-widget-wrap elementor-element-populated\">\n\t\t\t\t\t\t<div class=\"elementor-element elementor-element-7a297569 elementor-widget elementor-widget-spacer\" data-id=\"7a297569\" data-element_type=\"widget\" data-widget_type=\"spacer.default\">\n\t\t\t\t<div class=\"elementor-widget-container\">\n\t\t\t\t\t\t\t<div class=\"elementor-spacer\">\n\t\t\t<div class=\"elementor-spacer-inner\"><\/div>\n\t\t<\/div>\n\t\t\t\t\t\t<\/div>\n\t\t\t\t<\/div>\n\t\t\t\t\t<\/div>\n\t\t<\/div>\n\t\t\t\t<div class=\"elementor-column elementor-col-50 elementor-top-column elementor-element elementor-element-42ad50ba\" data-id=\"42ad50ba\" data-element_type=\"column\">\n\t\t\t<div class=\"elementor-widget-wrap elementor-element-populated\">\n\t\t\t\t\t\t<div class=\"elementor-element elementor-element-42d0a364 elementor-widget elementor-widget-heading\" data-id=\"42d0a364\" data-element_type=\"widget\" data-widget_type=\"heading.default\">\n\t\t\t\t<div class=\"elementor-widget-container\">\n\t\t\t\t\t<h2 class=\"elementor-heading-title elementor-size-xxl\">Hicham Benbrahim<\/h2>\t\t\t\t<\/div>\n\t\t\t\t<\/div>\n\t\t\t\t<div class=\"elementor-element elementor-element-3f0d0702 elementor-widget-divider--view-line elementor-invisible elementor-widget elementor-widget-divider\" data-id=\"3f0d0702\" data-element_type=\"widget\" data-settings=\"{&quot;_animation&quot;:&quot;fadeInUp&quot;}\" data-widget_type=\"divider.default\">\n\t\t\t\t<div class=\"elementor-widget-container\">\n\t\t\t\t\t\t\t<div class=\"elementor-divider\">\n\t\t\t<span class=\"elementor-divider-separator\">\n\t\t\t\t\t\t<\/span>\n\t\t<\/div>\n\t\t\t\t\t\t<\/div>\n\t\t\t\t<\/div>\n\t\t\t\t<div class=\"elementor-element elementor-element-36aed3f1 elementor-widget elementor-widget-text-editor\" data-id=\"36aed3f1\" data-element_type=\"widget\" data-widget_type=\"text-editor.default\">\n\t\t\t\t<div class=\"elementor-widget-container\">\n\t\t\t\t\t\t\t\t\t<div dir=\"auto\"><div dir=\"auto\"><div dir=\"auto\">&#8211; M\u00e9decin-dentiste en pratique lib\u00e9rale depuis 24 ans<br \/>&#8211; Consultant en organisation et management<br \/>&#8211; Coach professionnel certifi\u00e9<br \/>&#8211; Formateur, conf\u00e9rencier international et conseiller<br \/>&#8211; Fondateur \u00ab DENTAL SUCCESS CONSULTING \u00bb<\/div><div dir=\"auto\">\u00a0<\/div><\/div><div dir=\"auto\">\u2022 Dipl\u00f4mes cliniques :<\/div><div dir=\"auto\">\u00a0<\/div><div dir=\"auto\">&#8211; Docteur en m\u00e9decine dentaire<br \/>&#8211; D. U d&#8217;implantologie orale et maxillo-facial (Toulouse)<br \/>&#8211; Certificat de Chirurgie muco ginigivale<br \/>&#8211; Certificat de chirurgie implantaire avanc\u00e9e<br \/>&#8211; Master class Laser<br \/>&#8211; Certification DSD<br \/>&#8211; Certificat Injection de l&#8217;acide hyaluronique<\/div><div dir=\"auto\">\u00a0<\/div><\/div><div dir=\"auto\">\u2022 Dipl\u00f4mes en management :<\/div><div dir=\"auto\">&#8211; D. U de consultant en organisation et management en entreprise (IAE La Rochelle)<br \/>&#8211; Certificat leadership et management de changement (HEM Casa)<br \/>&#8211; Master coach professionnel (EIC) reconnu par l\u2019acad\u00e9mie europ\u00e9enne de coaching<br \/>&#8211; Sp\u00e9cialisation coach en entreprise (EIC)<br \/>&#8211; Attestation Universitaire en organisation et management de cabinet dentaire (Paris Garanci\u00e8re)<br \/>&#8211; Attestation de Gestion des conflits en entreprise (HEC Rabat)<br \/>&#8211; Gestion de projet<\/div><div dir=\"auto\">\u00a0<\/div><div dir=\"auto\">\u2022 Exp\u00e9riences manag\u00e9riales au sein des structures dentaires :<\/div><div dir=\"auto\">\u00a0<\/div><div dir=\"auto\">&#8211; Identification et analyse des besoins des m\u00e9decins-dentistes en mati\u00e8re d\u2019organisation et management.<br \/>&#8211; Elaboration des missions de conseil , de formation et d\u2019accompagnement.<br \/>&#8211; Mise en place des process.<br \/>&#8211; Proposition et mise en oeuvre des solutions et pr\u00e9conisations.<br \/>&#8211; Conception , am\u00e9nagement et agencement des structures dentaires.<br \/>&#8211; Am\u00e9lioration des performances globales des cabinets dentaires.<br \/>&#8211; Expertise en analyse organisationnelle.<\/div>\t\t\t\t\t\t\t\t<\/div>\n\t\t\t\t<\/div>\n\t\t\t\t\t<\/div>\n\t\t<\/div>\n\t\t\t\t\t<\/div>\n\t\t<\/section>\n\t\t\t\t<\/div>\n\t\t","protected":false},"excerpt":{"rendered":"<p>Hicham Benbrahim &#8211; M\u00e9decin-dentiste en pratique lib\u00e9rale depuis 24 ans&#8211; Consultant en organisation et management&#8211; Coach professionnel certifi\u00e9&#8211; Formateur, conf\u00e9rencier international et conseiller&#8211; Fondateur \u00ab DENTAL SUCCESS CONSULTING \u00bb\u00a0\u2022 Dipl\u00f4mes cliniques :\u00a0&#8211; Docteur en m\u00e9decine dentaire&#8211; D. U d&#8217;implantologie orale &hellip; <\/p>\n","protected":false},"author":1,"featured_media":0,"parent":0,"menu_order":0,"comment_status":"closed","ping_status":"closed","template":"elementor_theme","meta":{"_bbp_topic_count":0,"_bbp_reply_count":0,"_bbp_total_topic_count":0,"_bbp_total_reply_count":0,"_bbp_voice_count":0,"_bbp_anonymous_reply_count":0,"_bbp_topic_count_hidden":0,"_bbp_reply_count_hidden":0,"_bbp_forum_subforum_count":0,"pmpro_default_level":"","footnotes":""},"class_list":["post-11108","page","type-page","status-publish","hentry","pmpro-has-access"],"yoast_head":"<!-- This site is optimized with the Yoast SEO plugin v22.3 - https:\/\/yoast.com\/wordpress\/plugins\/seo\/ -->\n<title>Hicham Benbrahim - BKMED EVENTS<\/title>\n<meta name=\"robots\" content=\"index, follow, max-snippet:-1, max-image-preview:large, max-video-preview:-1\" \/>\n<link rel=\"canonical\" href=\"https:\/\/bkmedevents.com\/fr\/hicham-benbrahim\/\" \/>\n<meta property=\"og:locale\" content=\"fr_FR\" \/>\n<meta property=\"og:type\" content=\"article\" \/>\n<meta property=\"og:title\" content=\"Hicham Benbrahim - BKMED EVENTS\" \/>\n<meta property=\"og:description\" content=\"Hicham Benbrahim &#8211; M\u00e9decin-dentiste en pratique lib\u00e9rale depuis 24 ans&#8211; Consultant en organisation et management&#8211; Coach professionnel certifi\u00e9&#8211; Formateur, conf\u00e9rencier international et conseiller&#8211; Fondateur \u00ab DENTAL SUCCESS CONSULTING \u00bb\u00a0\u2022 Dipl\u00f4mes cliniques :\u00a0&#8211; Docteur en m\u00e9decine dentaire&#8211; D. U d&#8217;implantologie orale &hellip;\" \/>\n<meta property=\"og:url\" content=\"https:\/\/bkmedevents.com\/fr\/hicham-benbrahim\/\" \/>\n<meta property=\"og:site_name\" content=\"BKMED EVENTS\" \/>\n<meta property=\"article:publisher\" content=\"https:\/\/www.facebook.com\/bkmedevents?mibextid=ZbWKwL\" \/>\n<meta property=\"article:modified_time\" content=\"2022-07-27T22:54:52+00:00\" \/>\n<meta name=\"twitter:card\" content=\"summary_large_image\" \/>\n<meta name=\"twitter:site\" content=\"@BkmedEvents\" \/>\n<meta name=\"twitter:label1\" content=\"Dur\u00e9e de lecture estim\u00e9e\" \/>\n\t<meta name=\"twitter:data1\" content=\"1 minute\" \/>\n<script type=\"application\/ld+json\" class=\"yoast-schema-graph\">{\"@context\":\"https:\/\/schema.org\",\"@graph\":[{\"@type\":\"WebPage\",\"@id\":\"https:\/\/bkmedevents.com\/hicham-benbrahim\/\",\"url\":\"https:\/\/bkmedevents.com\/hicham-benbrahim\/\",\"name\":\"Hicham Benbrahim - BKMED EVENTS\",\"isPartOf\":{\"@id\":\"https:\/\/bkmedevents.com\/#website\"},\"datePublished\":\"2022-07-27T22:47:02+00:00\",\"dateModified\":\"2022-07-27T22:54:52+00:00\",\"breadcrumb\":{\"@id\":\"https:\/\/bkmedevents.com\/hicham-benbrahim\/#breadcrumb\"},\"inLanguage\":\"fr-FR\",\"potentialAction\":[{\"@type\":\"ReadAction\",\"target\":[\"https:\/\/bkmedevents.com\/hicham-benbrahim\/\"]}]},{\"@type\":\"BreadcrumbList\",\"@id\":\"https:\/\/bkmedevents.com\/hicham-benbrahim\/#breadcrumb\",\"itemListElement\":[{\"@type\":\"ListItem\",\"position\":1,\"name\":\"Accueil\",\"item\":\"https:\/\/bkmedevents.com\/en\/\"},{\"@type\":\"ListItem\",\"position\":2,\"name\":\"Hicham Benbrahim\"}]},{\"@type\":\"WebSite\",\"@id\":\"https:\/\/bkmedevents.com\/#website\",\"url\":\"https:\/\/bkmedevents.com\/\",\"name\":\"www.bkmedevents.com\",\"description\":\"La Formation Continue Vue AUTREMENT ..\",\"publisher\":{\"@id\":\"https:\/\/bkmedevents.com\/#organization\"},\"potentialAction\":[{\"@type\":\"SearchAction\",\"target\":{\"@type\":\"EntryPoint\",\"urlTemplate\":\"https:\/\/bkmedevents.com\/?s={search_term_string}\"},\"query-input\":\"required name=search_term_string\"}],\"inLanguage\":\"fr-FR\"},{\"@type\":\"Organization\",\"@id\":\"https:\/\/bkmedevents.com\/#organization\",\"name\":\"www.bkmedevents.com\",\"url\":\"https:\/\/bkmedevents.com\/\",\"logo\":{\"@type\":\"ImageObject\",\"inLanguage\":\"fr-FR\",\"@id\":\"https:\/\/bkmedevents.com\/#\/schema\/logo\/image\/\",\"url\":\"https:\/\/bkmedevents.com\/wp-content\/uploads\/2023\/09\/WhatsApp-Image-2023-09-18-a-14.53.20.jpg\",\"contentUrl\":\"https:\/\/bkmedevents.com\/wp-content\/uploads\/2023\/09\/WhatsApp-Image-2023-09-18-a-14.53.20.jpg\",\"width\":493,\"height\":308,\"caption\":\"www.bkmedevents.com\"},\"image\":{\"@id\":\"https:\/\/bkmedevents.com\/#\/schema\/logo\/image\/\"},\"sameAs\":[\"https:\/\/www.facebook.com\/bkmedevents?mibextid=ZbWKwL\",\"https:\/\/twitter.com\/BkmedEvents\",\"https:\/\/instagram.com\/bkmedevents?utm_source=qr&igshid=NGExMmI2YTkyZg\",\"https:\/\/youtube.com\/@bkmedevents2022?si=OHuUHYRdW6_kCi4L\"]}]}<\/script>\n<!-- \/ Yoast SEO plugin. -->","yoast_head_json":{"title":"Hicham Benbrahim - BKMED EVENTS","robots":{"index":"index","follow":"follow","max-snippet":"max-snippet:-1","max-image-preview":"max-image-preview:large","max-video-preview":"max-video-preview:-1"},"canonical":"https:\/\/bkmedevents.com\/fr\/hicham-benbrahim\/","og_locale":"fr_FR","og_type":"article","og_title":"Hicham Benbrahim - BKMED EVENTS","og_description":"Hicham Benbrahim &#8211; M\u00e9decin-dentiste en pratique lib\u00e9rale depuis 24 ans&#8211; Consultant en organisation et management&#8211; Coach professionnel certifi\u00e9&#8211; Formateur, conf\u00e9rencier international et conseiller&#8211; Fondateur \u00ab DENTAL SUCCESS CONSULTING \u00bb\u00a0\u2022 Dipl\u00f4mes cliniques :\u00a0&#8211; Docteur en m\u00e9decine dentaire&#8211; D. U d&#8217;implantologie orale &hellip;","og_url":"https:\/\/bkmedevents.com\/fr\/hicham-benbrahim\/","og_site_name":"BKMED EVENTS","article_publisher":"https:\/\/www.facebook.com\/bkmedevents?mibextid=ZbWKwL","article_modified_time":"2022-07-27T22:54:52+00:00","twitter_card":"summary_large_image","twitter_site":"@BkmedEvents","twitter_misc":{"Dur\u00e9e de lecture estim\u00e9e":"1 minute"},"schema":{"@context":"https:\/\/schema.org","@graph":[{"@type":"WebPage","@id":"https:\/\/bkmedevents.com\/hicham-benbrahim\/","url":"https:\/\/bkmedevents.com\/hicham-benbrahim\/","name":"Hicham Benbrahim - BKMED EVENTS","isPartOf":{"@id":"https:\/\/bkmedevents.com\/#website"},"datePublished":"2022-07-27T22:47:02+00:00","dateModified":"2022-07-27T22:54:52+00:00","breadcrumb":{"@id":"https:\/\/bkmedevents.com\/hicham-benbrahim\/#breadcrumb"},"inLanguage":"fr-FR","potentialAction":[{"@type":"ReadAction","target":["https:\/\/bkmedevents.com\/hicham-benbrahim\/"]}]},{"@type":"BreadcrumbList","@id":"https:\/\/bkmedevents.com\/hicham-benbrahim\/#breadcrumb","itemListElement":[{"@type":"ListItem","position":1,"name":"Accueil","item":"https:\/\/bkmedevents.com\/en\/"},{"@type":"ListItem","position":2,"name":"Hicham Benbrahim"}]},{"@type":"WebSite","@id":"https:\/\/bkmedevents.com\/#website","url":"https:\/\/bkmedevents.com\/","name":"www.bkmedevents.com","description":"La Formation Continue Vue AUTREMENT ..","publisher":{"@id":"https:\/\/bkmedevents.com\/#organization"},"potentialAction":[{"@type":"SearchAction","target":{"@type":"EntryPoint","urlTemplate":"https:\/\/bkmedevents.com\/?s={search_term_string}"},"query-input":"required name=search_term_string"}],"inLanguage":"fr-FR"},{"@type":"Organization","@id":"https:\/\/bkmedevents.com\/#organization","name":"www.bkmedevents.com","url":"https:\/\/bkmedevents.com\/","logo":{"@type":"ImageObject","inLanguage":"fr-FR","@id":"https:\/\/bkmedevents.com\/#\/schema\/logo\/image\/","url":"https:\/\/bkmedevents.com\/wp-content\/uploads\/2023\/09\/WhatsApp-Image-2023-09-18-a-14.53.20.jpg","contentUrl":"https:\/\/bkmedevents.com\/wp-content\/uploads\/2023\/09\/WhatsApp-Image-2023-09-18-a-14.53.20.jpg","width":493,"height":308,"caption":"www.bkmedevents.com"},"image":{"@id":"https:\/\/bkmedevents.com\/#\/schema\/logo\/image\/"},"sameAs":["https:\/\/www.facebook.com\/bkmedevents?mibextid=ZbWKwL","https:\/\/twitter.com\/BkmedEvents","https:\/\/instagram.com\/bkmedevents?utm_source=qr&igshid=NGExMmI2YTkyZg","https:\/\/youtube.com\/@bkmedevents2022?si=OHuUHYRdW6_kCi4L"]}]}},"_links":{"self":[{"href":"https:\/\/bkmedevents.com\/fr\/wp-json\/wp\/v2\/pages\/11108","targetHints":{"allow":["GET"]}}],"collection":[{"href":"https:\/\/bkmedevents.com\/fr\/wp-json\/wp\/v2\/pages"}],"about":[{"href":"https:\/\/bkmedevents.com\/fr\/wp-json\/wp\/v2\/types\/page"}],"author":[{"embeddable":true,"href":"https:\/\/bkmedevents.com\/fr\/wp-json\/wp\/v2\/users\/1"}],"replies":[{"embeddable":true,"href":"https:\/\/bkmedevents.com\/fr\/wp-json\/wp\/v2\/comments?post=11108"}],"version-history":[{"count":7,"href":"https:\/\/bkmedevents.com\/fr\/wp-json\/wp\/v2\/pages\/11108\/revisions"}],"predecessor-version":[{"id":11118,"href":"https:\/\/bkmedevents.com\/fr\/wp-json\/wp\/v2\/pages\/11108\/revisions\/11118"}],"wp:attachment":[{"href":"https:\/\/bkmedevents.com\/fr\/wp-json\/wp\/v2\/media?parent=11108"}],"curies":[{"name":"wp","href":"https:\/\/api.w.org\/{rel}","templated":true}]}}