{"id":11159,"date":"2022-07-28T09:06:14","date_gmt":"2022-07-28T09:06:14","guid":{"rendered":"https:\/\/bkmedevents.com\/?page_id=11159"},"modified":"2022-07-28T13:39:02","modified_gmt":"2022-07-28T13:39:02","slug":"onprod","status":"publish","type":"page","link":"https:\/\/bkmedevents.com\/fr\/onprod\/","title":{"rendered":"ONPROD"},"content":{"rendered":"\t\t<div data-elementor-type=\"wp-page\" data-elementor-id=\"11159\" class=\"elementor elementor-11159\" data-elementor-post-type=\"page\">\n\t\t\t\t\t\t<section class=\"elementor-section elementor-top-section elementor-element elementor-element-02ffc62 envato-kit-141-top-0 elementor-section-content-middle elementor-section-boxed elementor-section-height-default elementor-section-height-default\" data-id=\"02ffc62\" data-element_type=\"section\" data-settings=\"{&quot;background_background&quot;:&quot;classic&quot;}\">\n\t\t\t\t\t\t\t<div class=\"elementor-background-overlay\"><\/div>\n\t\t\t\t\t\t\t<div class=\"elementor-container elementor-column-gap-wider\">\n\t\t\t\t\t<div class=\"elementor-column elementor-col-50 elementor-top-column elementor-element elementor-element-9c65455\" data-id=\"9c65455\" data-element_type=\"column\">\n\t\t\t<div class=\"elementor-widget-wrap elementor-element-populated\">\n\t\t\t\t\t\t<div class=\"elementor-element elementor-element-8baf9a2 elementor-invisible elementor-widget elementor-widget-image\" data-id=\"8baf9a2\" data-element_type=\"widget\" data-settings=\"{&quot;_animation&quot;:&quot;fadeIn&quot;,&quot;_animation_delay&quot;:100}\" data-widget_type=\"image.default\">\n\t\t\t\t<div class=\"elementor-widget-container\">\n\t\t\t\t\t\t\t\t\t\t\t\t\t\t\t<img decoding=\"async\" src=\"https:\/\/bkmedevents.com\/wp-content\/uploads\/2022\/07\/2-500x500.png\" title=\"2\" alt=\"2\" loading=\"lazy\" \/>\t\t\t\t\t\t\t\t\t\t\t\t\t\t\t<\/div>\n\t\t\t\t<\/div>\n\t\t\t\t\t<\/div>\n\t\t<\/div>\n\t\t\t\t<div class=\"elementor-column elementor-col-50 elementor-top-column elementor-element elementor-element-705d08c\" data-id=\"705d08c\" data-element_type=\"column\">\n\t\t\t<div class=\"elementor-widget-wrap elementor-element-populated\">\n\t\t\t\t\t\t<div class=\"elementor-element elementor-element-d2f1445 elementor-invisible elementor-widget elementor-widget-heading\" data-id=\"d2f1445\" data-element_type=\"widget\" data-settings=\"{&quot;_animation&quot;:&quot;fadeIn&quot;,&quot;_animation_delay&quot;:100}\" data-widget_type=\"heading.default\">\n\t\t\t\t<div class=\"elementor-widget-container\">\n\t\t\t\t\t<h2 class=\"elementor-heading-title elementor-size-default\">ONPROD<\/h2>\t\t\t\t<\/div>\n\t\t\t\t<\/div>\n\t\t\t\t<div class=\"elementor-element elementor-element-7c9e7db elementor-widget-divider--view-line elementor-invisible elementor-widget elementor-widget-divider\" data-id=\"7c9e7db\" data-element_type=\"widget\" data-settings=\"{&quot;_animation&quot;:&quot;fadeIn&quot;,&quot;_animation_delay&quot;:200}\" data-widget_type=\"divider.default\">\n\t\t\t\t<div class=\"elementor-widget-container\">\n\t\t\t\t\t\t\t<div class=\"elementor-divider\">\n\t\t\t<span class=\"elementor-divider-separator\">\n\t\t\t\t\t\t<\/span>\n\t\t<\/div>\n\t\t\t\t\t\t<\/div>\n\t\t\t\t<\/div>\n\t\t\t\t<div class=\"elementor-element elementor-element-4053dbd elementor-invisible elementor-widget elementor-widget-text-editor\" data-id=\"4053dbd\" data-element_type=\"widget\" data-settings=\"{&quot;_animation&quot;:&quot;fadeIn&quot;,&quot;_animation_delay&quot;:250}\" data-widget_type=\"text-editor.default\">\n\t\t\t\t<div class=\"elementor-widget-container\">\n\t\t\t\t\t\t\t\t\t<div dir=\"auto\">ONPROD l\u2019agence de production audiovisuelle qui garantie des services d&#8217;excellence.<\/div><div dir=\"auto\">\u00a0<\/div><div dir=\"auto\">Vous voulez mettre en avant vos produits, les atouts de votre \u00e9tablissement et am\u00e9liorer votre visibilit\u00e9 sur le march\u00e9? Nous nous occupons de votre communication institutionnelle sur mesure.\u00a0<\/div><div dir=\"auto\">\u00a0<\/div><div dir=\"auto\">Notre but ultime est de vous offrir un travail raffin\u00e9, et des prestations de qualit\u00e9 \u00e0 la hauteur de vos aspirations.<\/div><div dir=\"auto\">\u00a0<\/div><div dir=\"auto\">ONPROD a \u00e9t\u00e9 cr\u00e9\u00e9e par des sp\u00e9cialistes en audiovisuel et les m\u00e9tiers de la communication, dont l\u2019exp\u00e9rience remonte \u00e0 plus de 12 ans.<\/div><div dir=\"auto\">\u00a0<\/div><div dir=\"auto\">Pour vos besoins en photographie, vid\u00e9ographie, marketing digital, relations publiques, motion design ou encore en communication institutionnelle, vous avez frapp\u00e9 \u00e0 la bonne porte, ONPROD saura vous satisfaire.<\/div>\t\t\t\t\t\t\t\t<\/div>\n\t\t\t\t<\/div>\n\t\t\t\t\t<\/div>\n\t\t<\/div>\n\t\t\t\t\t<\/div>\n\t\t<\/section>\n\t\t\t\t<\/div>\n\t\t","protected":false},"excerpt":{"rendered":"<p>ONPROD ONPROD l\u2019agence de production audiovisuelle qui garantie des services d&#8217;excellence.\u00a0Vous voulez mettre en avant vos produits, les atouts de votre \u00e9tablissement et am\u00e9liorer votre visibilit\u00e9 sur le march\u00e9? Nous nous occupons de votre communication institutionnelle sur mesure.\u00a0\u00a0Notre but ultime &hellip; <\/p>\n","protected":false},"author":1,"featured_media":0,"parent":0,"menu_order":0,"comment_status":"closed","ping_status":"closed","template":"","meta":{"_bbp_topic_count":0,"_bbp_reply_count":0,"_bbp_total_topic_count":0,"_bbp_total_reply_count":0,"_bbp_voice_count":0,"_bbp_anonymous_reply_count":0,"_bbp_topic_count_hidden":0,"_bbp_reply_count_hidden":0,"_bbp_forum_subforum_count":0,"pmpro_default_level":"","footnotes":""},"class_list":["post-11159","page","type-page","status-publish","hentry","pmpro-has-access"],"yoast_head":"<!-- This site is optimized with the Yoast SEO plugin v22.3 - https:\/\/yoast.com\/wordpress\/plugins\/seo\/ -->\n<title>ONPROD - BKMED EVENTS<\/title>\n<meta name=\"robots\" content=\"index, follow, max-snippet:-1, max-image-preview:large, max-video-preview:-1\" \/>\n<link rel=\"canonical\" href=\"https:\/\/bkmedevents.com\/fr\/onprod\/\" \/>\n<meta property=\"og:locale\" content=\"fr_FR\" \/>\n<meta property=\"og:type\" content=\"article\" \/>\n<meta property=\"og:title\" content=\"ONPROD - BKMED EVENTS\" \/>\n<meta property=\"og:description\" content=\"ONPROD ONPROD l\u2019agence de production audiovisuelle qui garantie des services d&#8217;excellence.\u00a0Vous voulez mettre en avant vos produits, les atouts de votre \u00e9tablissement et am\u00e9liorer votre visibilit\u00e9 sur le march\u00e9? Nous nous occupons de votre communication institutionnelle sur mesure.\u00a0\u00a0Notre but ultime &hellip;\" \/>\n<meta property=\"og:url\" content=\"https:\/\/bkmedevents.com\/fr\/onprod\/\" \/>\n<meta property=\"og:site_name\" content=\"BKMED EVENTS\" \/>\n<meta property=\"article:publisher\" content=\"https:\/\/www.facebook.com\/bkmedevents?mibextid=ZbWKwL\" \/>\n<meta property=\"article:modified_time\" content=\"2022-07-28T13:39:02+00:00\" \/>\n<meta property=\"og:image\" content=\"https:\/\/bkmedevents.com\/wp-content\/uploads\/2022\/07\/2-500x500.png\" \/>\n<meta name=\"twitter:card\" content=\"summary_large_image\" \/>\n<meta name=\"twitter:site\" content=\"@BkmedEvents\" \/>\n<meta name=\"twitter:label1\" content=\"Dur\u00e9e de lecture estim\u00e9e\" \/>\n\t<meta name=\"twitter:data1\" content=\"1 minute\" \/>\n<script type=\"application\/ld+json\" class=\"yoast-schema-graph\">{\"@context\":\"https:\/\/schema.org\",\"@graph\":[{\"@type\":\"WebPage\",\"@id\":\"https:\/\/bkmedevents.com\/onprod\/\",\"url\":\"https:\/\/bkmedevents.com\/onprod\/\",\"name\":\"ONPROD - BKMED EVENTS\",\"isPartOf\":{\"@id\":\"https:\/\/bkmedevents.com\/#website\"},\"primaryImageOfPage\":{\"@id\":\"https:\/\/bkmedevents.com\/onprod\/#primaryimage\"},\"image\":{\"@id\":\"https:\/\/bkmedevents.com\/onprod\/#primaryimage\"},\"thumbnailUrl\":\"https:\/\/bkmedevents.com\/wp-content\/uploads\/2022\/07\/2-500x500.png\",\"datePublished\":\"2022-07-28T09:06:14+00:00\",\"dateModified\":\"2022-07-28T13:39:02+00:00\",\"breadcrumb\":{\"@id\":\"https:\/\/bkmedevents.com\/onprod\/#breadcrumb\"},\"inLanguage\":\"fr-FR\",\"potentialAction\":[{\"@type\":\"ReadAction\",\"target\":[\"https:\/\/bkmedevents.com\/onprod\/\"]}]},{\"@type\":\"ImageObject\",\"inLanguage\":\"fr-FR\",\"@id\":\"https:\/\/bkmedevents.com\/onprod\/#primaryimage\",\"url\":\"https:\/\/bkmedevents.com\/wp-content\/uploads\/2022\/07\/2.png\",\"contentUrl\":\"https:\/\/bkmedevents.com\/wp-content\/uploads\/2022\/07\/2.png\",\"width\":500,\"height\":500},{\"@type\":\"BreadcrumbList\",\"@id\":\"https:\/\/bkmedevents.com\/onprod\/#breadcrumb\",\"itemListElement\":[{\"@type\":\"ListItem\",\"position\":1,\"name\":\"Accueil\",\"item\":\"https:\/\/bkmedevents.com\/en\/\"},{\"@type\":\"ListItem\",\"position\":2,\"name\":\"ONPROD\"}]},{\"@type\":\"WebSite\",\"@id\":\"https:\/\/bkmedevents.com\/#website\",\"url\":\"https:\/\/bkmedevents.com\/\",\"name\":\"www.bkmedevents.com\",\"description\":\"La Formation Continue Vue AUTREMENT ..\",\"publisher\":{\"@id\":\"https:\/\/bkmedevents.com\/#organization\"},\"potentialAction\":[{\"@type\":\"SearchAction\",\"target\":{\"@type\":\"EntryPoint\",\"urlTemplate\":\"https:\/\/bkmedevents.com\/?s={search_term_string}\"},\"query-input\":\"required name=search_term_string\"}],\"inLanguage\":\"fr-FR\"},{\"@type\":\"Organization\",\"@id\":\"https:\/\/bkmedevents.com\/#organization\",\"name\":\"www.bkmedevents.com\",\"url\":\"https:\/\/bkmedevents.com\/\",\"logo\":{\"@type\":\"ImageObject\",\"inLanguage\":\"fr-FR\",\"@id\":\"https:\/\/bkmedevents.com\/#\/schema\/logo\/image\/\",\"url\":\"https:\/\/bkmedevents.com\/wp-content\/uploads\/2023\/09\/WhatsApp-Image-2023-09-18-a-14.53.20.jpg\",\"contentUrl\":\"https:\/\/bkmedevents.com\/wp-content\/uploads\/2023\/09\/WhatsApp-Image-2023-09-18-a-14.53.20.jpg\",\"width\":493,\"height\":308,\"caption\":\"www.bkmedevents.com\"},\"image\":{\"@id\":\"https:\/\/bkmedevents.com\/#\/schema\/logo\/image\/\"},\"sameAs\":[\"https:\/\/www.facebook.com\/bkmedevents?mibextid=ZbWKwL\",\"https:\/\/twitter.com\/BkmedEvents\",\"https:\/\/instagram.com\/bkmedevents?utm_source=qr&igshid=NGExMmI2YTkyZg\",\"https:\/\/youtube.com\/@bkmedevents2022?si=OHuUHYRdW6_kCi4L\"]}]}<\/script>\n<!-- \/ Yoast SEO plugin. -->","yoast_head_json":{"title":"ONPROD - BKMED EVENTS","robots":{"index":"index","follow":"follow","max-snippet":"max-snippet:-1","max-image-preview":"max-image-preview:large","max-video-preview":"max-video-preview:-1"},"canonical":"https:\/\/bkmedevents.com\/fr\/onprod\/","og_locale":"fr_FR","og_type":"article","og_title":"ONPROD - BKMED EVENTS","og_description":"ONPROD ONPROD l\u2019agence de production audiovisuelle qui garantie des services d&#8217;excellence.\u00a0Vous voulez mettre en avant vos produits, les atouts de votre \u00e9tablissement et am\u00e9liorer votre visibilit\u00e9 sur le march\u00e9? Nous nous occupons de votre communication institutionnelle sur mesure.\u00a0\u00a0Notre but ultime &hellip;","og_url":"https:\/\/bkmedevents.com\/fr\/onprod\/","og_site_name":"BKMED EVENTS","article_publisher":"https:\/\/www.facebook.com\/bkmedevents?mibextid=ZbWKwL","article_modified_time":"2022-07-28T13:39:02+00:00","og_image":[{"url":"https:\/\/bkmedevents.com\/wp-content\/uploads\/2022\/07\/2-500x500.png"}],"twitter_card":"summary_large_image","twitter_site":"@BkmedEvents","twitter_misc":{"Dur\u00e9e de lecture estim\u00e9e":"1 minute"},"schema":{"@context":"https:\/\/schema.org","@graph":[{"@type":"WebPage","@id":"https:\/\/bkmedevents.com\/onprod\/","url":"https:\/\/bkmedevents.com\/onprod\/","name":"ONPROD - BKMED EVENTS","isPartOf":{"@id":"https:\/\/bkmedevents.com\/#website"},"primaryImageOfPage":{"@id":"https:\/\/bkmedevents.com\/onprod\/#primaryimage"},"image":{"@id":"https:\/\/bkmedevents.com\/onprod\/#primaryimage"},"thumbnailUrl":"https:\/\/bkmedevents.com\/wp-content\/uploads\/2022\/07\/2-500x500.png","datePublished":"2022-07-28T09:06:14+00:00","dateModified":"2022-07-28T13:39:02+00:00","breadcrumb":{"@id":"https:\/\/bkmedevents.com\/onprod\/#breadcrumb"},"inLanguage":"fr-FR","potentialAction":[{"@type":"ReadAction","target":["https:\/\/bkmedevents.com\/onprod\/"]}]},{"@type":"ImageObject","inLanguage":"fr-FR","@id":"https:\/\/bkmedevents.com\/onprod\/#primaryimage","url":"https:\/\/bkmedevents.com\/wp-content\/uploads\/2022\/07\/2.png","contentUrl":"https:\/\/bkmedevents.com\/wp-content\/uploads\/2022\/07\/2.png","width":500,"height":500},{"@type":"BreadcrumbList","@id":"https:\/\/bkmedevents.com\/onprod\/#breadcrumb","itemListElement":[{"@type":"ListItem","position":1,"name":"Accueil","item":"https:\/\/bkmedevents.com\/en\/"},{"@type":"ListItem","position":2,"name":"ONPROD"}]},{"@type":"WebSite","@id":"https:\/\/bkmedevents.com\/#website","url":"https:\/\/bkmedevents.com\/","name":"www.bkmedevents.com","description":"La Formation Continue Vue AUTREMENT ..","publisher":{"@id":"https:\/\/bkmedevents.com\/#organization"},"potentialAction":[{"@type":"SearchAction","target":{"@type":"EntryPoint","urlTemplate":"https:\/\/bkmedevents.com\/?s={search_term_string}"},"query-input":"required name=search_term_string"}],"inLanguage":"fr-FR"},{"@type":"Organization","@id":"https:\/\/bkmedevents.com\/#organization","name":"www.bkmedevents.com","url":"https:\/\/bkmedevents.com\/","logo":{"@type":"ImageObject","inLanguage":"fr-FR","@id":"https:\/\/bkmedevents.com\/#\/schema\/logo\/image\/","url":"https:\/\/bkmedevents.com\/wp-content\/uploads\/2023\/09\/WhatsApp-Image-2023-09-18-a-14.53.20.jpg","contentUrl":"https:\/\/bkmedevents.com\/wp-content\/uploads\/2023\/09\/WhatsApp-Image-2023-09-18-a-14.53.20.jpg","width":493,"height":308,"caption":"www.bkmedevents.com"},"image":{"@id":"https:\/\/bkmedevents.com\/#\/schema\/logo\/image\/"},"sameAs":["https:\/\/www.facebook.com\/bkmedevents?mibextid=ZbWKwL","https:\/\/twitter.com\/BkmedEvents","https:\/\/instagram.com\/bkmedevents?utm_source=qr&igshid=NGExMmI2YTkyZg","https:\/\/youtube.com\/@bkmedevents2022?si=OHuUHYRdW6_kCi4L"]}]}},"_links":{"self":[{"href":"https:\/\/bkmedevents.com\/fr\/wp-json\/wp\/v2\/pages\/11159","targetHints":{"allow":["GET"]}}],"collection":[{"href":"https:\/\/bkmedevents.com\/fr\/wp-json\/wp\/v2\/pages"}],"about":[{"href":"https:\/\/bkmedevents.com\/fr\/wp-json\/wp\/v2\/types\/page"}],"author":[{"embeddable":true,"href":"https:\/\/bkmedevents.com\/fr\/wp-json\/wp\/v2\/users\/1"}],"replies":[{"embeddable":true,"href":"https:\/\/bkmedevents.com\/fr\/wp-json\/wp\/v2\/comments?post=11159"}],"version-history":[{"count":7,"href":"https:\/\/bkmedevents.com\/fr\/wp-json\/wp\/v2\/pages\/11159\/revisions"}],"predecessor-version":[{"id":11239,"href":"https:\/\/bkmedevents.com\/fr\/wp-json\/wp\/v2\/pages\/11159\/revisions\/11239"}],"wp:attachment":[{"href":"https:\/\/bkmedevents.com\/fr\/wp-json\/wp\/v2\/media?parent=11159"}],"curies":[{"name":"wp","href":"https:\/\/api.w.org\/{rel}","templated":true}]}}