{"id":11161,"date":"2022-07-28T09:06:31","date_gmt":"2022-07-28T09:06:31","guid":{"rendered":"https:\/\/bkmedevents.com\/?page_id=11161"},"modified":"2022-07-28T13:39:55","modified_gmt":"2022-07-28T13:39:55","slug":"sdefo","status":"publish","type":"page","link":"https:\/\/bkmedevents.com\/fr\/sdefo\/","title":{"rendered":"SDEFO"},"content":{"rendered":"\t\t<div data-elementor-type=\"wp-page\" data-elementor-id=\"11161\" class=\"elementor elementor-11161\" data-elementor-post-type=\"page\">\n\t\t\t\t\t\t<section class=\"elementor-section elementor-top-section elementor-element elementor-element-600e2ec envato-kit-141-top-0 elementor-section-content-middle elementor-section-boxed elementor-section-height-default elementor-section-height-default\" data-id=\"600e2ec\" data-element_type=\"section\" data-settings=\"{&quot;background_background&quot;:&quot;classic&quot;}\">\n\t\t\t\t\t\t\t<div class=\"elementor-background-overlay\"><\/div>\n\t\t\t\t\t\t\t<div class=\"elementor-container elementor-column-gap-wider\">\n\t\t\t\t\t<div class=\"elementor-column elementor-col-50 elementor-top-column elementor-element elementor-element-41ff638\" data-id=\"41ff638\" data-element_type=\"column\">\n\t\t\t<div class=\"elementor-widget-wrap elementor-element-populated\">\n\t\t\t\t\t\t<div class=\"elementor-element elementor-element-d22fdde elementor-invisible elementor-widget elementor-widget-image\" data-id=\"d22fdde\" data-element_type=\"widget\" data-settings=\"{&quot;_animation&quot;:&quot;fadeIn&quot;,&quot;_animation_delay&quot;:100}\" data-widget_type=\"image.default\">\n\t\t\t\t<div class=\"elementor-widget-container\">\n\t\t\t\t\t\t\t\t\t\t\t\t\t\t\t<img decoding=\"async\" src=\"https:\/\/bkmedevents.com\/wp-content\/uploads\/2022\/07\/4-500x500.png\" title=\"4\" alt=\"4\" loading=\"lazy\" \/>\t\t\t\t\t\t\t\t\t\t\t\t\t\t\t<\/div>\n\t\t\t\t<\/div>\n\t\t\t\t\t<\/div>\n\t\t<\/div>\n\t\t\t\t<div class=\"elementor-column elementor-col-50 elementor-top-column elementor-element elementor-element-728e47c\" data-id=\"728e47c\" data-element_type=\"column\">\n\t\t\t<div class=\"elementor-widget-wrap elementor-element-populated\">\n\t\t\t\t\t\t<div class=\"elementor-element elementor-element-dd5aa8f elementor-invisible elementor-widget elementor-widget-heading\" data-id=\"dd5aa8f\" data-element_type=\"widget\" data-settings=\"{&quot;_animation&quot;:&quot;fadeIn&quot;,&quot;_animation_delay&quot;:100}\" data-widget_type=\"heading.default\">\n\t\t\t\t<div class=\"elementor-widget-container\">\n\t\t\t\t\t<h2 class=\"elementor-heading-title elementor-size-default\">SDEFO<\/h2>\t\t\t\t<\/div>\n\t\t\t\t<\/div>\n\t\t\t\t<div class=\"elementor-element elementor-element-9578fc6 elementor-widget-divider--view-line elementor-invisible elementor-widget elementor-widget-divider\" data-id=\"9578fc6\" data-element_type=\"widget\" data-settings=\"{&quot;_animation&quot;:&quot;fadeIn&quot;,&quot;_animation_delay&quot;:200}\" data-widget_type=\"divider.default\">\n\t\t\t\t<div class=\"elementor-widget-container\">\n\t\t\t\t\t\t\t<div class=\"elementor-divider\">\n\t\t\t<span class=\"elementor-divider-separator\">\n\t\t\t\t\t\t<\/span>\n\t\t<\/div>\n\t\t\t\t\t\t<\/div>\n\t\t\t\t<\/div>\n\t\t\t\t<div class=\"elementor-element elementor-element-e7f4332 elementor-invisible elementor-widget elementor-widget-text-editor\" data-id=\"e7f4332\" data-element_type=\"widget\" data-settings=\"{&quot;_animation&quot;:&quot;fadeIn&quot;,&quot;_animation_delay&quot;:250}\" data-widget_type=\"text-editor.default\">\n\t\t\t\t<div class=\"elementor-widget-container\">\n\t\t\t\t\t\t\t\t\t<div dir=\"auto\">La SDEFO, Soci\u00e9t\u00e9 Dentaire pour Etudes et Formations en Odontologie, est une soci\u00e9t\u00e9 sp\u00e9cialis\u00e9e dans l\u2019organisation des formations post-universitaires, diplome universitaire, congr\u00e8s, et s\u00e9minaires pour dentistes.<\/div><div dir=\"auto\">\u00a0<\/div><div dir=\"auto\">Men\u00e9e par Dr. Mohammed Ben Azaiz, une ic\u00f4ne de la dentisterie au Maroc, la SDEFO a pu devenir l\u2019une des meilleures institutions au Maroc \u00e0 proposer des cursus universitaires et des cycles de formation des diverses disciplines dentaires, \u00e0 savoir l\u2019endodontie, la parodontie, l\u2019implantologie, la chirurgie avanc\u00e9e, le laser, la dentisterie esth\u00e9tique et la dentisterie restauratrice.<\/div><div dir=\"auto\">\u00a0<\/div><div dir=\"auto\">En effet, la SDEFO compte parmi son \u00e9quipe une multitude de professeurs universitaires et conf\u00e9renciers qui animent des s\u00e9minaires et cycles de formation certifiants tout au long de l\u2019ann\u00e9e.<\/div><div dir=\"auto\">\u00a0<\/div><div dir=\"auto\">Avec ses divers partenariats universitaires, principalement avec des universit\u00e9s europ\u00e9ennes, comme la prestigieuse universit\u00e9 de Aachen (Allemagne) dans le cadre du Mastership de laser, et l\u2019universit\u00e9 de Bordeaux pour le dipl\u00f4me universitaire de chirurgie implantaire et parodontale, et universit\u00e9 catholique\u00a0 de murcia UCAM la SDEFO a pu se forger une image de marque pertinente.<\/div><div dir=\"auto\">\u00a0<\/div><div dir=\"auto\">En outre, la SDEFO organise r\u00e9guli\u00e8rement depuis 2009, son \u00e9v\u00e9nement annuel phare, le \u2018Dental Meeting Morocco\u2019, DMM durant lequel des dizaines de conf\u00e9renciers internationaux et nationaux donnent des cours ateliers et animent des conf\u00e9rences au sujet des diverses th\u00e9matiques en rapport avec la dentisterie.<\/div><div dir=\"auto\">\u00a0<\/div><div dir=\"auto\">La SDEFO ne cesse d\u2019am\u00e9liorer la qualit\u00e9 de ses prestations en suivant de pr\u00e9s les \u00e9volutions scientifiques et technologiques de la dentisterie moderne, afin de r\u00e9pondre au mieux aux attentes et besoins de ses fid\u00e8les partenaires.<\/div>\t\t\t\t\t\t\t\t<\/div>\n\t\t\t\t<\/div>\n\t\t\t\t\t<\/div>\n\t\t<\/div>\n\t\t\t\t\t<\/div>\n\t\t<\/section>\n\t\t\t\t<\/div>\n\t\t","protected":false},"excerpt":{"rendered":"<p>SDEFO La SDEFO, Soci\u00e9t\u00e9 Dentaire pour Etudes et Formations en Odontologie, est une soci\u00e9t\u00e9 sp\u00e9cialis\u00e9e dans l\u2019organisation des formations post-universitaires, diplome universitaire, congr\u00e8s, et s\u00e9minaires pour dentistes.\u00a0Men\u00e9e par Dr. Mohammed Ben Azaiz, une ic\u00f4ne de la dentisterie au Maroc, la &hellip; <\/p>\n","protected":false},"author":1,"featured_media":0,"parent":0,"menu_order":0,"comment_status":"closed","ping_status":"closed","template":"","meta":{"_bbp_topic_count":0,"_bbp_reply_count":0,"_bbp_total_topic_count":0,"_bbp_total_reply_count":0,"_bbp_voice_count":0,"_bbp_anonymous_reply_count":0,"_bbp_topic_count_hidden":0,"_bbp_reply_count_hidden":0,"_bbp_forum_subforum_count":0,"pmpro_default_level":"","footnotes":""},"class_list":["post-11161","page","type-page","status-publish","hentry","pmpro-has-access"],"yoast_head":"<!-- This site is optimized with the Yoast SEO plugin v22.3 - https:\/\/yoast.com\/wordpress\/plugins\/seo\/ -->\n<title>SDEFO - BKMED EVENTS<\/title>\n<meta name=\"robots\" content=\"index, follow, max-snippet:-1, max-image-preview:large, max-video-preview:-1\" \/>\n<link rel=\"canonical\" href=\"https:\/\/bkmedevents.com\/fr\/sdefo\/\" \/>\n<meta property=\"og:locale\" content=\"fr_FR\" \/>\n<meta property=\"og:type\" content=\"article\" \/>\n<meta property=\"og:title\" content=\"SDEFO - BKMED EVENTS\" \/>\n<meta property=\"og:description\" content=\"SDEFO La SDEFO, Soci\u00e9t\u00e9 Dentaire pour Etudes et Formations en Odontologie, est une soci\u00e9t\u00e9 sp\u00e9cialis\u00e9e dans l\u2019organisation des formations post-universitaires, diplome universitaire, congr\u00e8s, et s\u00e9minaires pour dentistes.\u00a0Men\u00e9e par Dr. Mohammed Ben Azaiz, une ic\u00f4ne de la dentisterie au Maroc, la &hellip;\" \/>\n<meta property=\"og:url\" content=\"https:\/\/bkmedevents.com\/fr\/sdefo\/\" \/>\n<meta property=\"og:site_name\" content=\"BKMED EVENTS\" \/>\n<meta property=\"article:publisher\" content=\"https:\/\/www.facebook.com\/bkmedevents?mibextid=ZbWKwL\" \/>\n<meta property=\"article:modified_time\" content=\"2022-07-28T13:39:55+00:00\" \/>\n<meta property=\"og:image\" content=\"https:\/\/bkmedevents.com\/wp-content\/uploads\/2022\/07\/4-500x500.png\" \/>\n<meta name=\"twitter:card\" content=\"summary_large_image\" \/>\n<meta name=\"twitter:site\" content=\"@BkmedEvents\" \/>\n<meta name=\"twitter:label1\" content=\"Dur\u00e9e de lecture estim\u00e9e\" \/>\n\t<meta name=\"twitter:data1\" content=\"1 minute\" \/>\n<script type=\"application\/ld+json\" class=\"yoast-schema-graph\">{\"@context\":\"https:\/\/schema.org\",\"@graph\":[{\"@type\":\"WebPage\",\"@id\":\"https:\/\/bkmedevents.com\/fr\/sdefo\/\",\"url\":\"https:\/\/bkmedevents.com\/fr\/sdefo\/\",\"name\":\"SDEFO - BKMED EVENTS\",\"isPartOf\":{\"@id\":\"https:\/\/bkmedevents.com\/#website\"},\"primaryImageOfPage\":{\"@id\":\"https:\/\/bkmedevents.com\/fr\/sdefo\/#primaryimage\"},\"image\":{\"@id\":\"https:\/\/bkmedevents.com\/fr\/sdefo\/#primaryimage\"},\"thumbnailUrl\":\"https:\/\/bkmedevents.com\/wp-content\/uploads\/2022\/07\/4-500x500.png\",\"datePublished\":\"2022-07-28T09:06:31+00:00\",\"dateModified\":\"2022-07-28T13:39:55+00:00\",\"breadcrumb\":{\"@id\":\"https:\/\/bkmedevents.com\/fr\/sdefo\/#breadcrumb\"},\"inLanguage\":\"fr-FR\",\"potentialAction\":[{\"@type\":\"ReadAction\",\"target\":[\"https:\/\/bkmedevents.com\/fr\/sdefo\/\"]}]},{\"@type\":\"ImageObject\",\"inLanguage\":\"fr-FR\",\"@id\":\"https:\/\/bkmedevents.com\/fr\/sdefo\/#primaryimage\",\"url\":\"https:\/\/bkmedevents.com\/wp-content\/uploads\/2022\/07\/4.png\",\"contentUrl\":\"https:\/\/bkmedevents.com\/wp-content\/uploads\/2022\/07\/4.png\",\"width\":500,\"height\":500},{\"@type\":\"BreadcrumbList\",\"@id\":\"https:\/\/bkmedevents.com\/fr\/sdefo\/#breadcrumb\",\"itemListElement\":[{\"@type\":\"ListItem\",\"position\":1,\"name\":\"Accueil\",\"item\":\"https:\/\/bkmedevents.com\/en\/\"},{\"@type\":\"ListItem\",\"position\":2,\"name\":\"SDEFO\"}]},{\"@type\":\"WebSite\",\"@id\":\"https:\/\/bkmedevents.com\/#website\",\"url\":\"https:\/\/bkmedevents.com\/\",\"name\":\"www.bkmedevents.com\",\"description\":\"La Formation Continue Vue AUTREMENT ..\",\"publisher\":{\"@id\":\"https:\/\/bkmedevents.com\/#organization\"},\"potentialAction\":[{\"@type\":\"SearchAction\",\"target\":{\"@type\":\"EntryPoint\",\"urlTemplate\":\"https:\/\/bkmedevents.com\/?s={search_term_string}\"},\"query-input\":\"required name=search_term_string\"}],\"inLanguage\":\"fr-FR\"},{\"@type\":\"Organization\",\"@id\":\"https:\/\/bkmedevents.com\/#organization\",\"name\":\"www.bkmedevents.com\",\"url\":\"https:\/\/bkmedevents.com\/\",\"logo\":{\"@type\":\"ImageObject\",\"inLanguage\":\"fr-FR\",\"@id\":\"https:\/\/bkmedevents.com\/#\/schema\/logo\/image\/\",\"url\":\"https:\/\/bkmedevents.com\/wp-content\/uploads\/2023\/09\/WhatsApp-Image-2023-09-18-a-14.53.20.jpg\",\"contentUrl\":\"https:\/\/bkmedevents.com\/wp-content\/uploads\/2023\/09\/WhatsApp-Image-2023-09-18-a-14.53.20.jpg\",\"width\":493,\"height\":308,\"caption\":\"www.bkmedevents.com\"},\"image\":{\"@id\":\"https:\/\/bkmedevents.com\/#\/schema\/logo\/image\/\"},\"sameAs\":[\"https:\/\/www.facebook.com\/bkmedevents?mibextid=ZbWKwL\",\"https:\/\/twitter.com\/BkmedEvents\",\"https:\/\/instagram.com\/bkmedevents?utm_source=qr&igshid=NGExMmI2YTkyZg\",\"https:\/\/youtube.com\/@bkmedevents2022?si=OHuUHYRdW6_kCi4L\"]}]}<\/script>\n<!-- \/ Yoast SEO plugin. -->","yoast_head_json":{"title":"SDEFO - BKMED EVENTS","robots":{"index":"index","follow":"follow","max-snippet":"max-snippet:-1","max-image-preview":"max-image-preview:large","max-video-preview":"max-video-preview:-1"},"canonical":"https:\/\/bkmedevents.com\/fr\/sdefo\/","og_locale":"fr_FR","og_type":"article","og_title":"SDEFO - BKMED EVENTS","og_description":"SDEFO La SDEFO, Soci\u00e9t\u00e9 Dentaire pour Etudes et Formations en Odontologie, est une soci\u00e9t\u00e9 sp\u00e9cialis\u00e9e dans l\u2019organisation des formations post-universitaires, diplome universitaire, congr\u00e8s, et s\u00e9minaires pour dentistes.\u00a0Men\u00e9e par Dr. Mohammed Ben Azaiz, une ic\u00f4ne de la dentisterie au Maroc, la &hellip;","og_url":"https:\/\/bkmedevents.com\/fr\/sdefo\/","og_site_name":"BKMED EVENTS","article_publisher":"https:\/\/www.facebook.com\/bkmedevents?mibextid=ZbWKwL","article_modified_time":"2022-07-28T13:39:55+00:00","og_image":[{"url":"https:\/\/bkmedevents.com\/wp-content\/uploads\/2022\/07\/4-500x500.png"}],"twitter_card":"summary_large_image","twitter_site":"@BkmedEvents","twitter_misc":{"Dur\u00e9e de lecture estim\u00e9e":"1 minute"},"schema":{"@context":"https:\/\/schema.org","@graph":[{"@type":"WebPage","@id":"https:\/\/bkmedevents.com\/fr\/sdefo\/","url":"https:\/\/bkmedevents.com\/fr\/sdefo\/","name":"SDEFO - BKMED EVENTS","isPartOf":{"@id":"https:\/\/bkmedevents.com\/#website"},"primaryImageOfPage":{"@id":"https:\/\/bkmedevents.com\/fr\/sdefo\/#primaryimage"},"image":{"@id":"https:\/\/bkmedevents.com\/fr\/sdefo\/#primaryimage"},"thumbnailUrl":"https:\/\/bkmedevents.com\/wp-content\/uploads\/2022\/07\/4-500x500.png","datePublished":"2022-07-28T09:06:31+00:00","dateModified":"2022-07-28T13:39:55+00:00","breadcrumb":{"@id":"https:\/\/bkmedevents.com\/fr\/sdefo\/#breadcrumb"},"inLanguage":"fr-FR","potentialAction":[{"@type":"ReadAction","target":["https:\/\/bkmedevents.com\/fr\/sdefo\/"]}]},{"@type":"ImageObject","inLanguage":"fr-FR","@id":"https:\/\/bkmedevents.com\/fr\/sdefo\/#primaryimage","url":"https:\/\/bkmedevents.com\/wp-content\/uploads\/2022\/07\/4.png","contentUrl":"https:\/\/bkmedevents.com\/wp-content\/uploads\/2022\/07\/4.png","width":500,"height":500},{"@type":"BreadcrumbList","@id":"https:\/\/bkmedevents.com\/fr\/sdefo\/#breadcrumb","itemListElement":[{"@type":"ListItem","position":1,"name":"Accueil","item":"https:\/\/bkmedevents.com\/en\/"},{"@type":"ListItem","position":2,"name":"SDEFO"}]},{"@type":"WebSite","@id":"https:\/\/bkmedevents.com\/#website","url":"https:\/\/bkmedevents.com\/","name":"www.bkmedevents.com","description":"La Formation Continue Vue AUTREMENT ..","publisher":{"@id":"https:\/\/bkmedevents.com\/#organization"},"potentialAction":[{"@type":"SearchAction","target":{"@type":"EntryPoint","urlTemplate":"https:\/\/bkmedevents.com\/?s={search_term_string}"},"query-input":"required name=search_term_string"}],"inLanguage":"fr-FR"},{"@type":"Organization","@id":"https:\/\/bkmedevents.com\/#organization","name":"www.bkmedevents.com","url":"https:\/\/bkmedevents.com\/","logo":{"@type":"ImageObject","inLanguage":"fr-FR","@id":"https:\/\/bkmedevents.com\/#\/schema\/logo\/image\/","url":"https:\/\/bkmedevents.com\/wp-content\/uploads\/2023\/09\/WhatsApp-Image-2023-09-18-a-14.53.20.jpg","contentUrl":"https:\/\/bkmedevents.com\/wp-content\/uploads\/2023\/09\/WhatsApp-Image-2023-09-18-a-14.53.20.jpg","width":493,"height":308,"caption":"www.bkmedevents.com"},"image":{"@id":"https:\/\/bkmedevents.com\/#\/schema\/logo\/image\/"},"sameAs":["https:\/\/www.facebook.com\/bkmedevents?mibextid=ZbWKwL","https:\/\/twitter.com\/BkmedEvents","https:\/\/instagram.com\/bkmedevents?utm_source=qr&igshid=NGExMmI2YTkyZg","https:\/\/youtube.com\/@bkmedevents2022?si=OHuUHYRdW6_kCi4L"]}]}},"_links":{"self":[{"href":"https:\/\/bkmedevents.com\/fr\/wp-json\/wp\/v2\/pages\/11161","targetHints":{"allow":["GET"]}}],"collection":[{"href":"https:\/\/bkmedevents.com\/fr\/wp-json\/wp\/v2\/pages"}],"about":[{"href":"https:\/\/bkmedevents.com\/fr\/wp-json\/wp\/v2\/types\/page"}],"author":[{"embeddable":true,"href":"https:\/\/bkmedevents.com\/fr\/wp-json\/wp\/v2\/users\/1"}],"replies":[{"embeddable":true,"href":"https:\/\/bkmedevents.com\/fr\/wp-json\/wp\/v2\/comments?post=11161"}],"version-history":[{"count":7,"href":"https:\/\/bkmedevents.com\/fr\/wp-json\/wp\/v2\/pages\/11161\/revisions"}],"predecessor-version":[{"id":11245,"href":"https:\/\/bkmedevents.com\/fr\/wp-json\/wp\/v2\/pages\/11161\/revisions\/11245"}],"wp:attachment":[{"href":"https:\/\/bkmedevents.com\/fr\/wp-json\/wp\/v2\/media?parent=11161"}],"curies":[{"name":"wp","href":"https:\/\/api.w.org\/{rel}","templated":true}]}}