{"id":11325,"date":"2022-07-29T14:36:20","date_gmt":"2022-07-29T14:36:20","guid":{"rendered":"https:\/\/bkmedevents.com\/?page_id=11325"},"modified":"2022-08-27T12:14:02","modified_gmt":"2022-08-27T11:14:02","slug":"waterfalls","status":"publish","type":"page","link":"https:\/\/bkmedevents.com\/fr\/waterfalls\/","title":{"rendered":"Waterfalls"},"content":{"rendered":"\t\t<div data-elementor-type=\"wp-page\" data-elementor-id=\"11325\" class=\"elementor elementor-11325\" data-elementor-post-type=\"page\">\n\t\t\t\t\t\t<section class=\"elementor-section elementor-top-section elementor-element elementor-element-00c4763 envato-kit-141-top-0 elementor-section-content-middle elementor-section-boxed elementor-section-height-default elementor-section-height-default\" data-id=\"00c4763\" data-element_type=\"section\" data-settings=\"{&quot;background_background&quot;:&quot;classic&quot;}\">\n\t\t\t\t\t\t\t<div class=\"elementor-background-overlay\"><\/div>\n\t\t\t\t\t\t\t<div class=\"elementor-container elementor-column-gap-wider\">\n\t\t\t\t\t<div class=\"elementor-column elementor-col-50 elementor-top-column elementor-element elementor-element-8b35bfc\" data-id=\"8b35bfc\" data-element_type=\"column\">\n\t\t\t<div class=\"elementor-widget-wrap elementor-element-populated\">\n\t\t\t\t\t\t<div class=\"elementor-element elementor-element-c9c1b28 elementor-invisible elementor-widget elementor-widget-image\" data-id=\"c9c1b28\" data-element_type=\"widget\" data-settings=\"{&quot;_animation&quot;:&quot;fadeIn&quot;,&quot;_animation_delay&quot;:100}\" data-widget_type=\"image.default\">\n\t\t\t\t<div class=\"elementor-widget-container\">\n\t\t\t\t\t\t\t\t\t\t\t\t\t\t\t<img fetchpriority=\"high\" decoding=\"async\" width=\"1299\" height=\"935\" src=\"https:\/\/bkmedevents.com\/wp-content\/uploads\/2022\/07\/Waterfalls-Logos-1.png\" class=\"attachment-full size-full wp-image-11327\" alt=\"\" srcset=\"https:\/\/bkmedevents.com\/wp-content\/uploads\/2022\/07\/Waterfalls-Logos-1.png 1299w, https:\/\/bkmedevents.com\/wp-content\/uploads\/2022\/07\/Waterfalls-Logos-1-300x216.png 300w, https:\/\/bkmedevents.com\/wp-content\/uploads\/2022\/07\/Waterfalls-Logos-1-1024x737.png 1024w, https:\/\/bkmedevents.com\/wp-content\/uploads\/2022\/07\/Waterfalls-Logos-1-768x553.png 768w, https:\/\/bkmedevents.com\/wp-content\/uploads\/2022\/07\/Waterfalls-Logos-1-18x12.png 18w, https:\/\/bkmedevents.com\/wp-content\/uploads\/2022\/07\/Waterfalls-Logos-1-600x432.png 600w\" sizes=\"(max-width: 1299px) 100vw, 1299px\" \/>\t\t\t\t\t\t\t\t\t\t\t\t\t\t\t<\/div>\n\t\t\t\t<\/div>\n\t\t\t\t\t<\/div>\n\t\t<\/div>\n\t\t\t\t<div class=\"elementor-column elementor-col-50 elementor-top-column elementor-element elementor-element-da49df3\" data-id=\"da49df3\" data-element_type=\"column\">\n\t\t\t<div class=\"elementor-widget-wrap elementor-element-populated\">\n\t\t\t\t\t\t<div class=\"elementor-element elementor-element-fef383d elementor-invisible elementor-widget elementor-widget-heading\" data-id=\"fef383d\" data-element_type=\"widget\" data-settings=\"{&quot;_animation&quot;:&quot;fadeIn&quot;,&quot;_animation_delay&quot;:100}\" data-widget_type=\"heading.default\">\n\t\t\t\t<div class=\"elementor-widget-container\">\n\t\t\t\t\t<h2 class=\"elementor-heading-title elementor-size-default\">Waterfalls<\/h2>\t\t\t\t<\/div>\n\t\t\t\t<\/div>\n\t\t\t\t<div class=\"elementor-element elementor-element-2d45081 elementor-widget-divider--view-line elementor-invisible elementor-widget elementor-widget-divider\" data-id=\"2d45081\" data-element_type=\"widget\" data-settings=\"{&quot;_animation&quot;:&quot;fadeIn&quot;,&quot;_animation_delay&quot;:200}\" data-widget_type=\"divider.default\">\n\t\t\t\t<div class=\"elementor-widget-container\">\n\t\t\t\t\t\t\t<div class=\"elementor-divider\">\n\t\t\t<span class=\"elementor-divider-separator\">\n\t\t\t\t\t\t<\/span>\n\t\t<\/div>\n\t\t\t\t\t\t<\/div>\n\t\t\t\t<\/div>\n\t\t\t\t<div class=\"elementor-element elementor-element-f8eea45 elementor-invisible elementor-widget elementor-widget-text-editor\" data-id=\"f8eea45\" data-element_type=\"widget\" data-settings=\"{&quot;_animation&quot;:&quot;fadeIn&quot;,&quot;_animation_delay&quot;:250}\" data-widget_type=\"text-editor.default\">\n\t\t\t\t<div class=\"elementor-widget-container\">\n\t\t\t\t\t\t\t\t\t<div dir=\"auto\"><p>&#8220;L&#8217;initiative Waterfalls pour la formation continue des Emirates Arabes unies au monde est une initiative mondiale \u00e0 but non lucratif annonc\u00e9e par Son Altesse Sheikh Mohammed Bin Rashid Al Maktoum, vice-pr\u00e9sident et premier ministre des EAU et dirigeant de Duba\u00ef, soutenue par Son Altesse Sheikh Mohamed bin Zayed Al Nahyan, pr\u00e9sident des \u00c9mirats arabes unis, et sous la supervision de Son Altesse le lieutenant-g\u00e9n\u00e9ral Sheikh Saif Bin Zayed Al Nahyan, vice-premier ministre et ministre de l&#8217;Int\u00e9rieur, et men\u00e9e par le d\u00e9partement des r\u00e9compenses comportementales du minist\u00e8re des Possibilit\u00e9s en collaboration avec INDEX Holding.<\/p><p>L&#8217;initiative Waterfalls a \u00e9t\u00e9 lanc\u00e9e dans le but d&#8217;offrir une formation continue gratuite \u00e0 environ un million de m\u00e9decins, de pharmaciens, de techniciens et de sp\u00e9cialistes \u00e0 travers le monde, afin de soutenir les acteurs de premier plan dans tous les domaines m\u00e9dicaux et humanitaires, par le biais de webinaires sp\u00e9cialis\u00e9s en ligne accr\u00e9dit\u00e9s par des organismes d&#8217;accr\u00e9ditation reconnus dans le monde entier et pr\u00e9sent\u00e9s par des orateurs et des conf\u00e9renciers locaux et internationaux de renom.<\/p><p>Aujourd&#8217;hui, l&#8217;initiative a permis de dispenser avec succ\u00e8s une formation continue gratuite \u00e0 plus de 1,4 million de b\u00e9n\u00e9ficiaires de 197 pays \u00e0 ce jour et a re\u00e7u une reconnaissance mondiale et des prix prestigieux.&#8221;<\/p><\/div>\t\t\t\t\t\t\t\t<\/div>\n\t\t\t\t<\/div>\n\t\t\t\t\t<\/div>\n\t\t<\/div>\n\t\t\t\t\t<\/div>\n\t\t<\/section>\n\t\t\t\t<\/div>\n\t\t","protected":false},"excerpt":{"rendered":"<p>Waterfalls &#8220;L&#8217;initiative Waterfalls pour la formation continue des Emirates Arabes unies au monde est une initiative mondiale \u00e0 but non lucratif annonc\u00e9e par Son Altesse Sheikh Mohammed Bin Rashid Al Maktoum, vice-pr\u00e9sident et premier ministre des EAU et dirigeant de &hellip; <\/p>\n","protected":false},"author":1,"featured_media":0,"parent":0,"menu_order":0,"comment_status":"closed","ping_status":"closed","template":"","meta":{"_bbp_topic_count":0,"_bbp_reply_count":0,"_bbp_total_topic_count":0,"_bbp_total_reply_count":0,"_bbp_voice_count":0,"_bbp_anonymous_reply_count":0,"_bbp_topic_count_hidden":0,"_bbp_reply_count_hidden":0,"_bbp_forum_subforum_count":0,"pmpro_default_level":"","footnotes":""},"class_list":["post-11325","page","type-page","status-publish","hentry","pmpro-has-access"],"yoast_head":"<!-- This site is optimized with the Yoast SEO plugin v22.3 - https:\/\/yoast.com\/wordpress\/plugins\/seo\/ -->\n<title>Waterfalls - BKMED EVENTS<\/title>\n<meta name=\"robots\" content=\"index, follow, max-snippet:-1, max-image-preview:large, max-video-preview:-1\" \/>\n<link rel=\"canonical\" href=\"https:\/\/bkmedevents.com\/fr\/waterfalls\/\" \/>\n<meta property=\"og:locale\" content=\"fr_FR\" \/>\n<meta property=\"og:type\" content=\"article\" \/>\n<meta property=\"og:title\" content=\"Waterfalls - BKMED EVENTS\" \/>\n<meta property=\"og:description\" content=\"Waterfalls &#8220;L&#8217;initiative Waterfalls pour la formation continue des Emirates Arabes unies au monde est une initiative mondiale \u00e0 but non lucratif annonc\u00e9e par Son Altesse Sheikh Mohammed Bin Rashid Al Maktoum, vice-pr\u00e9sident et premier ministre des EAU et dirigeant de &hellip;\" \/>\n<meta property=\"og:url\" content=\"https:\/\/bkmedevents.com\/fr\/waterfalls\/\" \/>\n<meta property=\"og:site_name\" content=\"BKMED EVENTS\" \/>\n<meta property=\"article:publisher\" content=\"https:\/\/www.facebook.com\/bkmedevents?mibextid=ZbWKwL\" \/>\n<meta property=\"article:modified_time\" content=\"2022-08-27T11:14:02+00:00\" \/>\n<meta property=\"og:image\" content=\"https:\/\/bkmedevents.com\/wp-content\/uploads\/2022\/07\/Waterfalls-Logos-1.png\" \/>\n<meta name=\"twitter:card\" content=\"summary_large_image\" \/>\n<meta name=\"twitter:site\" content=\"@BkmedEvents\" \/>\n<meta name=\"twitter:label1\" content=\"Dur\u00e9e de lecture estim\u00e9e\" \/>\n\t<meta name=\"twitter:data1\" content=\"1 minute\" \/>\n<script type=\"application\/ld+json\" class=\"yoast-schema-graph\">{\"@context\":\"https:\/\/schema.org\",\"@graph\":[{\"@type\":\"WebPage\",\"@id\":\"https:\/\/bkmedevents.com\/waterfalls\/\",\"url\":\"https:\/\/bkmedevents.com\/waterfalls\/\",\"name\":\"Waterfalls - BKMED EVENTS\",\"isPartOf\":{\"@id\":\"https:\/\/bkmedevents.com\/#website\"},\"primaryImageOfPage\":{\"@id\":\"https:\/\/bkmedevents.com\/waterfalls\/#primaryimage\"},\"image\":{\"@id\":\"https:\/\/bkmedevents.com\/waterfalls\/#primaryimage\"},\"thumbnailUrl\":\"https:\/\/bkmedevents.com\/wp-content\/uploads\/2022\/07\/Waterfalls-Logos-1.png\",\"datePublished\":\"2022-07-29T14:36:20+00:00\",\"dateModified\":\"2022-08-27T11:14:02+00:00\",\"breadcrumb\":{\"@id\":\"https:\/\/bkmedevents.com\/waterfalls\/#breadcrumb\"},\"inLanguage\":\"fr-FR\",\"potentialAction\":[{\"@type\":\"ReadAction\",\"target\":[\"https:\/\/bkmedevents.com\/waterfalls\/\"]}]},{\"@type\":\"ImageObject\",\"inLanguage\":\"fr-FR\",\"@id\":\"https:\/\/bkmedevents.com\/waterfalls\/#primaryimage\",\"url\":\"https:\/\/bkmedevents.com\/wp-content\/uploads\/2022\/07\/Waterfalls-Logos-1.png\",\"contentUrl\":\"https:\/\/bkmedevents.com\/wp-content\/uploads\/2022\/07\/Waterfalls-Logos-1.png\",\"width\":1299,\"height\":935},{\"@type\":\"BreadcrumbList\",\"@id\":\"https:\/\/bkmedevents.com\/waterfalls\/#breadcrumb\",\"itemListElement\":[{\"@type\":\"ListItem\",\"position\":1,\"name\":\"Accueil\",\"item\":\"https:\/\/bkmedevents.com\/en\/\"},{\"@type\":\"ListItem\",\"position\":2,\"name\":\"Waterfalls\"}]},{\"@type\":\"WebSite\",\"@id\":\"https:\/\/bkmedevents.com\/#website\",\"url\":\"https:\/\/bkmedevents.com\/\",\"name\":\"www.bkmedevents.com\",\"description\":\"La Formation Continue Vue AUTREMENT ..\",\"publisher\":{\"@id\":\"https:\/\/bkmedevents.com\/#organization\"},\"potentialAction\":[{\"@type\":\"SearchAction\",\"target\":{\"@type\":\"EntryPoint\",\"urlTemplate\":\"https:\/\/bkmedevents.com\/?s={search_term_string}\"},\"query-input\":\"required name=search_term_string\"}],\"inLanguage\":\"fr-FR\"},{\"@type\":\"Organization\",\"@id\":\"https:\/\/bkmedevents.com\/#organization\",\"name\":\"www.bkmedevents.com\",\"url\":\"https:\/\/bkmedevents.com\/\",\"logo\":{\"@type\":\"ImageObject\",\"inLanguage\":\"fr-FR\",\"@id\":\"https:\/\/bkmedevents.com\/#\/schema\/logo\/image\/\",\"url\":\"https:\/\/bkmedevents.com\/wp-content\/uploads\/2023\/09\/WhatsApp-Image-2023-09-18-a-14.53.20.jpg\",\"contentUrl\":\"https:\/\/bkmedevents.com\/wp-content\/uploads\/2023\/09\/WhatsApp-Image-2023-09-18-a-14.53.20.jpg\",\"width\":493,\"height\":308,\"caption\":\"www.bkmedevents.com\"},\"image\":{\"@id\":\"https:\/\/bkmedevents.com\/#\/schema\/logo\/image\/\"},\"sameAs\":[\"https:\/\/www.facebook.com\/bkmedevents?mibextid=ZbWKwL\",\"https:\/\/twitter.com\/BkmedEvents\",\"https:\/\/instagram.com\/bkmedevents?utm_source=qr&igshid=NGExMmI2YTkyZg\",\"https:\/\/youtube.com\/@bkmedevents2022?si=OHuUHYRdW6_kCi4L\"]}]}<\/script>\n<!-- \/ Yoast SEO plugin. -->","yoast_head_json":{"title":"Waterfalls - BKMED EVENTS","robots":{"index":"index","follow":"follow","max-snippet":"max-snippet:-1","max-image-preview":"max-image-preview:large","max-video-preview":"max-video-preview:-1"},"canonical":"https:\/\/bkmedevents.com\/fr\/waterfalls\/","og_locale":"fr_FR","og_type":"article","og_title":"Waterfalls - BKMED EVENTS","og_description":"Waterfalls &#8220;L&#8217;initiative Waterfalls pour la formation continue des Emirates Arabes unies au monde est une initiative mondiale \u00e0 but non lucratif annonc\u00e9e par Son Altesse Sheikh Mohammed Bin Rashid Al Maktoum, vice-pr\u00e9sident et premier ministre des EAU et dirigeant de &hellip;","og_url":"https:\/\/bkmedevents.com\/fr\/waterfalls\/","og_site_name":"BKMED EVENTS","article_publisher":"https:\/\/www.facebook.com\/bkmedevents?mibextid=ZbWKwL","article_modified_time":"2022-08-27T11:14:02+00:00","og_image":[{"url":"https:\/\/bkmedevents.com\/wp-content\/uploads\/2022\/07\/Waterfalls-Logos-1.png"}],"twitter_card":"summary_large_image","twitter_site":"@BkmedEvents","twitter_misc":{"Dur\u00e9e de lecture estim\u00e9e":"1 minute"},"schema":{"@context":"https:\/\/schema.org","@graph":[{"@type":"WebPage","@id":"https:\/\/bkmedevents.com\/waterfalls\/","url":"https:\/\/bkmedevents.com\/waterfalls\/","name":"Waterfalls - BKMED EVENTS","isPartOf":{"@id":"https:\/\/bkmedevents.com\/#website"},"primaryImageOfPage":{"@id":"https:\/\/bkmedevents.com\/waterfalls\/#primaryimage"},"image":{"@id":"https:\/\/bkmedevents.com\/waterfalls\/#primaryimage"},"thumbnailUrl":"https:\/\/bkmedevents.com\/wp-content\/uploads\/2022\/07\/Waterfalls-Logos-1.png","datePublished":"2022-07-29T14:36:20+00:00","dateModified":"2022-08-27T11:14:02+00:00","breadcrumb":{"@id":"https:\/\/bkmedevents.com\/waterfalls\/#breadcrumb"},"inLanguage":"fr-FR","potentialAction":[{"@type":"ReadAction","target":["https:\/\/bkmedevents.com\/waterfalls\/"]}]},{"@type":"ImageObject","inLanguage":"fr-FR","@id":"https:\/\/bkmedevents.com\/waterfalls\/#primaryimage","url":"https:\/\/bkmedevents.com\/wp-content\/uploads\/2022\/07\/Waterfalls-Logos-1.png","contentUrl":"https:\/\/bkmedevents.com\/wp-content\/uploads\/2022\/07\/Waterfalls-Logos-1.png","width":1299,"height":935},{"@type":"BreadcrumbList","@id":"https:\/\/bkmedevents.com\/waterfalls\/#breadcrumb","itemListElement":[{"@type":"ListItem","position":1,"name":"Accueil","item":"https:\/\/bkmedevents.com\/en\/"},{"@type":"ListItem","position":2,"name":"Waterfalls"}]},{"@type":"WebSite","@id":"https:\/\/bkmedevents.com\/#website","url":"https:\/\/bkmedevents.com\/","name":"www.bkmedevents.com","description":"La Formation Continue Vue AUTREMENT ..","publisher":{"@id":"https:\/\/bkmedevents.com\/#organization"},"potentialAction":[{"@type":"SearchAction","target":{"@type":"EntryPoint","urlTemplate":"https:\/\/bkmedevents.com\/?s={search_term_string}"},"query-input":"required name=search_term_string"}],"inLanguage":"fr-FR"},{"@type":"Organization","@id":"https:\/\/bkmedevents.com\/#organization","name":"www.bkmedevents.com","url":"https:\/\/bkmedevents.com\/","logo":{"@type":"ImageObject","inLanguage":"fr-FR","@id":"https:\/\/bkmedevents.com\/#\/schema\/logo\/image\/","url":"https:\/\/bkmedevents.com\/wp-content\/uploads\/2023\/09\/WhatsApp-Image-2023-09-18-a-14.53.20.jpg","contentUrl":"https:\/\/bkmedevents.com\/wp-content\/uploads\/2023\/09\/WhatsApp-Image-2023-09-18-a-14.53.20.jpg","width":493,"height":308,"caption":"www.bkmedevents.com"},"image":{"@id":"https:\/\/bkmedevents.com\/#\/schema\/logo\/image\/"},"sameAs":["https:\/\/www.facebook.com\/bkmedevents?mibextid=ZbWKwL","https:\/\/twitter.com\/BkmedEvents","https:\/\/instagram.com\/bkmedevents?utm_source=qr&igshid=NGExMmI2YTkyZg","https:\/\/youtube.com\/@bkmedevents2022?si=OHuUHYRdW6_kCi4L"]}]}},"_links":{"self":[{"href":"https:\/\/bkmedevents.com\/fr\/wp-json\/wp\/v2\/pages\/11325","targetHints":{"allow":["GET"]}}],"collection":[{"href":"https:\/\/bkmedevents.com\/fr\/wp-json\/wp\/v2\/pages"}],"about":[{"href":"https:\/\/bkmedevents.com\/fr\/wp-json\/wp\/v2\/types\/page"}],"author":[{"embeddable":true,"href":"https:\/\/bkmedevents.com\/fr\/wp-json\/wp\/v2\/users\/1"}],"replies":[{"embeddable":true,"href":"https:\/\/bkmedevents.com\/fr\/wp-json\/wp\/v2\/comments?post=11325"}],"version-history":[{"count":10,"href":"https:\/\/bkmedevents.com\/fr\/wp-json\/wp\/v2\/pages\/11325\/revisions"}],"predecessor-version":[{"id":11717,"href":"https:\/\/bkmedevents.com\/fr\/wp-json\/wp\/v2\/pages\/11325\/revisions\/11717"}],"wp:attachment":[{"href":"https:\/\/bkmedevents.com\/fr\/wp-json\/wp\/v2\/media?parent=11325"}],"curies":[{"name":"wp","href":"https:\/\/api.w.org\/{rel}","templated":true}]}}