{"id":11412,"date":"2022-07-30T10:51:10","date_gmt":"2022-07-30T10:51:10","guid":{"rendered":"https:\/\/bkmedevents.com\/?page_id=11412"},"modified":"2022-07-30T10:54:14","modified_gmt":"2022-07-30T10:54:14","slug":"mondial-voyage","status":"publish","type":"page","link":"https:\/\/bkmedevents.com\/fr\/mondial-voyage\/","title":{"rendered":"Mondial Voyage"},"content":{"rendered":"\t\t<div data-elementor-type=\"wp-page\" data-elementor-id=\"11412\" class=\"elementor elementor-11412\" data-elementor-post-type=\"page\">\n\t\t\t\t\t\t<section class=\"elementor-section elementor-top-section elementor-element elementor-element-00c4763 envato-kit-141-top-0 elementor-section-content-middle elementor-section-boxed elementor-section-height-default elementor-section-height-default\" data-id=\"00c4763\" data-element_type=\"section\" data-settings=\"{&quot;background_background&quot;:&quot;classic&quot;}\">\n\t\t\t\t\t\t\t<div class=\"elementor-background-overlay\"><\/div>\n\t\t\t\t\t\t\t<div class=\"elementor-container elementor-column-gap-wider\">\n\t\t\t\t\t<div class=\"elementor-column elementor-col-50 elementor-top-column elementor-element elementor-element-8b35bfc\" data-id=\"8b35bfc\" data-element_type=\"column\">\n\t\t\t<div class=\"elementor-widget-wrap elementor-element-populated\">\n\t\t\t\t\t\t<div class=\"elementor-element elementor-element-c9c1b28 elementor-invisible elementor-widget elementor-widget-image\" data-id=\"c9c1b28\" data-element_type=\"widget\" data-settings=\"{&quot;_animation&quot;:&quot;fadeIn&quot;,&quot;_animation_delay&quot;:100}\" data-widget_type=\"image.default\">\n\t\t\t\t<div class=\"elementor-widget-container\">\n\t\t\t\t\t\t\t\t\t\t\t\t\t\t\t<img decoding=\"async\" src=\"https:\/\/bkmedevents.com\/wp-content\/uploads\/2022\/07\/WhatsApp-Image-2022-07-29-at-22.37.30-1-500x500.jpeg\" title=\"WhatsApp Image 2022-07-29 at 22.37.30\" alt=\"WhatsApp Image 2022-07-29 at 22.37.30\" loading=\"lazy\" \/>\t\t\t\t\t\t\t\t\t\t\t\t\t\t\t<\/div>\n\t\t\t\t<\/div>\n\t\t\t\t\t<\/div>\n\t\t<\/div>\n\t\t\t\t<div class=\"elementor-column elementor-col-50 elementor-top-column elementor-element elementor-element-da49df3\" data-id=\"da49df3\" data-element_type=\"column\">\n\t\t\t<div class=\"elementor-widget-wrap elementor-element-populated\">\n\t\t\t\t\t\t<div class=\"elementor-element elementor-element-fef383d elementor-invisible elementor-widget elementor-widget-heading\" data-id=\"fef383d\" data-element_type=\"widget\" data-settings=\"{&quot;_animation&quot;:&quot;fadeIn&quot;,&quot;_animation_delay&quot;:100}\" data-widget_type=\"heading.default\">\n\t\t\t\t<div class=\"elementor-widget-container\">\n\t\t\t\t\t<h2 class=\"elementor-heading-title elementor-size-default\">Mondial Voyage<\/h2>\t\t\t\t<\/div>\n\t\t\t\t<\/div>\n\t\t\t\t<div class=\"elementor-element elementor-element-2d45081 elementor-widget-divider--view-line elementor-invisible elementor-widget elementor-widget-divider\" data-id=\"2d45081\" data-element_type=\"widget\" data-settings=\"{&quot;_animation&quot;:&quot;fadeIn&quot;,&quot;_animation_delay&quot;:200}\" data-widget_type=\"divider.default\">\n\t\t\t\t<div class=\"elementor-widget-container\">\n\t\t\t\t\t\t\t<div class=\"elementor-divider\">\n\t\t\t<span class=\"elementor-divider-separator\">\n\t\t\t\t\t\t<\/span>\n\t\t<\/div>\n\t\t\t\t\t\t<\/div>\n\t\t\t\t<\/div>\n\t\t\t\t<div class=\"elementor-element elementor-element-f8eea45 elementor-invisible elementor-widget elementor-widget-text-editor\" data-id=\"f8eea45\" data-element_type=\"widget\" data-settings=\"{&quot;_animation&quot;:&quot;fadeIn&quot;,&quot;_animation_delay&quot;:250}\" data-widget_type=\"text-editor.default\">\n\t\t\t\t<div class=\"elementor-widget-container\">\n\t\t\t\t\t\t\t\t\t<p>&#8220;Mondial voyages est une agence de voyages au MAROC, bas\u00e9e sur Casablanca et Marrakech, agr\u00e9\u00e9e op\u00e9rante sur le terrain au Maroc. Nos exp\u00e9riences inspirantes et authentiques vous emm\u00e8nent au c\u0153ur de ce qui est unique dans ce pays fascinant et d\u2019une beaut\u00e9 saisissante, flexible, nous fournissons un service complet pour tous styles de voyage autour de l&#8217;une des destinations de voyage les plus attrayantes au MAROC. Voyages organis\u00e9s, circuits et excursions au Maroc, r\u00e9servation des vols et des h\u00f4tels, aventures culinaires, cours de cuisine marocaine, transport touristique, guides, voyages de noce et retrait\u00e9s, sp\u00e9cialiste dans l&#8217;\u00e9v\u00e8nementiel (Congres&amp; s\u00e9minaires au Maroc), Voyages \u00e0 la carte, location de voitures, sahara D\u00e9sert Tours, Trekking&#8221;<\/p>\t\t\t\t\t\t\t\t<\/div>\n\t\t\t\t<\/div>\n\t\t\t\t\t<\/div>\n\t\t<\/div>\n\t\t\t\t\t<\/div>\n\t\t<\/section>\n\t\t\t\t<\/div>\n\t\t","protected":false},"excerpt":{"rendered":"<p>Mondial Voyage &#8220;Mondial voyages est une agence de voyages au MAROC, bas\u00e9e sur Casablanca et Marrakech, agr\u00e9\u00e9e op\u00e9rante sur le terrain au Maroc. Nos exp\u00e9riences inspirantes et authentiques vous emm\u00e8nent au c\u0153ur de ce qui est unique dans ce pays &hellip; <\/p>\n","protected":false},"author":1,"featured_media":0,"parent":0,"menu_order":0,"comment_status":"closed","ping_status":"closed","template":"","meta":{"_bbp_topic_count":0,"_bbp_reply_count":0,"_bbp_total_topic_count":0,"_bbp_total_reply_count":0,"_bbp_voice_count":0,"_bbp_anonymous_reply_count":0,"_bbp_topic_count_hidden":0,"_bbp_reply_count_hidden":0,"_bbp_forum_subforum_count":0,"pmpro_default_level":"","footnotes":""},"class_list":["post-11412","page","type-page","status-publish","hentry","pmpro-has-access"],"yoast_head":"<!-- This site is optimized with the Yoast SEO plugin v22.3 - https:\/\/yoast.com\/wordpress\/plugins\/seo\/ -->\n<title>Mondial Voyage - BKMED EVENTS<\/title>\n<meta name=\"robots\" content=\"index, follow, max-snippet:-1, max-image-preview:large, max-video-preview:-1\" \/>\n<link rel=\"canonical\" href=\"https:\/\/bkmedevents.com\/fr\/mondial-voyage\/\" \/>\n<meta property=\"og:locale\" content=\"fr_FR\" \/>\n<meta property=\"og:type\" content=\"article\" \/>\n<meta property=\"og:title\" content=\"Mondial Voyage - BKMED EVENTS\" \/>\n<meta property=\"og:description\" content=\"Mondial Voyage &#8220;Mondial voyages est une agence de voyages au MAROC, bas\u00e9e sur Casablanca et Marrakech, agr\u00e9\u00e9e op\u00e9rante sur le terrain au Maroc. Nos exp\u00e9riences inspirantes et authentiques vous emm\u00e8nent au c\u0153ur de ce qui est unique dans ce pays &hellip;\" \/>\n<meta property=\"og:url\" content=\"https:\/\/bkmedevents.com\/fr\/mondial-voyage\/\" \/>\n<meta property=\"og:site_name\" content=\"BKMED EVENTS\" \/>\n<meta property=\"article:publisher\" content=\"https:\/\/www.facebook.com\/bkmedevents?mibextid=ZbWKwL\" \/>\n<meta property=\"article:modified_time\" content=\"2022-07-30T10:54:14+00:00\" \/>\n<meta property=\"og:image\" content=\"https:\/\/bkmedevents.com\/wp-content\/uploads\/2022\/07\/WhatsApp-Image-2022-07-29-at-22.37.30-1-500x500.jpeg\" \/>\n<meta name=\"twitter:card\" content=\"summary_large_image\" \/>\n<meta name=\"twitter:site\" content=\"@BkmedEvents\" \/>\n<meta name=\"twitter:label1\" content=\"Dur\u00e9e de lecture estim\u00e9e\" \/>\n\t<meta name=\"twitter:data1\" content=\"1 minute\" \/>\n<script type=\"application\/ld+json\" class=\"yoast-schema-graph\">{\"@context\":\"https:\/\/schema.org\",\"@graph\":[{\"@type\":\"WebPage\",\"@id\":\"https:\/\/bkmedevents.com\/mondial-voyage\/\",\"url\":\"https:\/\/bkmedevents.com\/mondial-voyage\/\",\"name\":\"Mondial Voyage - BKMED EVENTS\",\"isPartOf\":{\"@id\":\"https:\/\/bkmedevents.com\/#website\"},\"primaryImageOfPage\":{\"@id\":\"https:\/\/bkmedevents.com\/mondial-voyage\/#primaryimage\"},\"image\":{\"@id\":\"https:\/\/bkmedevents.com\/mondial-voyage\/#primaryimage\"},\"thumbnailUrl\":\"https:\/\/bkmedevents.com\/wp-content\/uploads\/2022\/07\/WhatsApp-Image-2022-07-29-at-22.37.30-1-500x500.jpeg\",\"datePublished\":\"2022-07-30T10:51:10+00:00\",\"dateModified\":\"2022-07-30T10:54:14+00:00\",\"breadcrumb\":{\"@id\":\"https:\/\/bkmedevents.com\/mondial-voyage\/#breadcrumb\"},\"inLanguage\":\"fr-FR\",\"potentialAction\":[{\"@type\":\"ReadAction\",\"target\":[\"https:\/\/bkmedevents.com\/mondial-voyage\/\"]}]},{\"@type\":\"ImageObject\",\"inLanguage\":\"fr-FR\",\"@id\":\"https:\/\/bkmedevents.com\/mondial-voyage\/#primaryimage\",\"url\":\"https:\/\/bkmedevents.com\/wp-content\/uploads\/2022\/07\/WhatsApp-Image-2022-07-29-at-22.37.30-1-500x500.jpeg\",\"contentUrl\":\"https:\/\/bkmedevents.com\/wp-content\/uploads\/2022\/07\/WhatsApp-Image-2022-07-29-at-22.37.30-1-500x500.jpeg\"},{\"@type\":\"BreadcrumbList\",\"@id\":\"https:\/\/bkmedevents.com\/mondial-voyage\/#breadcrumb\",\"itemListElement\":[{\"@type\":\"ListItem\",\"position\":1,\"name\":\"Accueil\",\"item\":\"https:\/\/bkmedevents.com\/en\/\"},{\"@type\":\"ListItem\",\"position\":2,\"name\":\"Mondial Voyage\"}]},{\"@type\":\"WebSite\",\"@id\":\"https:\/\/bkmedevents.com\/#website\",\"url\":\"https:\/\/bkmedevents.com\/\",\"name\":\"www.bkmedevents.com\",\"description\":\"La Formation Continue Vue AUTREMENT ..\",\"publisher\":{\"@id\":\"https:\/\/bkmedevents.com\/#organization\"},\"potentialAction\":[{\"@type\":\"SearchAction\",\"target\":{\"@type\":\"EntryPoint\",\"urlTemplate\":\"https:\/\/bkmedevents.com\/?s={search_term_string}\"},\"query-input\":\"required name=search_term_string\"}],\"inLanguage\":\"fr-FR\"},{\"@type\":\"Organization\",\"@id\":\"https:\/\/bkmedevents.com\/#organization\",\"name\":\"www.bkmedevents.com\",\"url\":\"https:\/\/bkmedevents.com\/\",\"logo\":{\"@type\":\"ImageObject\",\"inLanguage\":\"fr-FR\",\"@id\":\"https:\/\/bkmedevents.com\/#\/schema\/logo\/image\/\",\"url\":\"https:\/\/bkmedevents.com\/wp-content\/uploads\/2023\/09\/WhatsApp-Image-2023-09-18-a-14.53.20.jpg\",\"contentUrl\":\"https:\/\/bkmedevents.com\/wp-content\/uploads\/2023\/09\/WhatsApp-Image-2023-09-18-a-14.53.20.jpg\",\"width\":493,\"height\":308,\"caption\":\"www.bkmedevents.com\"},\"image\":{\"@id\":\"https:\/\/bkmedevents.com\/#\/schema\/logo\/image\/\"},\"sameAs\":[\"https:\/\/www.facebook.com\/bkmedevents?mibextid=ZbWKwL\",\"https:\/\/twitter.com\/BkmedEvents\",\"https:\/\/instagram.com\/bkmedevents?utm_source=qr&igshid=NGExMmI2YTkyZg\",\"https:\/\/youtube.com\/@bkmedevents2022?si=OHuUHYRdW6_kCi4L\"]}]}<\/script>\n<!-- \/ Yoast SEO plugin. -->","yoast_head_json":{"title":"Mondial Voyage - BKMED EVENTS","robots":{"index":"index","follow":"follow","max-snippet":"max-snippet:-1","max-image-preview":"max-image-preview:large","max-video-preview":"max-video-preview:-1"},"canonical":"https:\/\/bkmedevents.com\/fr\/mondial-voyage\/","og_locale":"fr_FR","og_type":"article","og_title":"Mondial Voyage - BKMED EVENTS","og_description":"Mondial Voyage &#8220;Mondial voyages est une agence de voyages au MAROC, bas\u00e9e sur Casablanca et Marrakech, agr\u00e9\u00e9e op\u00e9rante sur le terrain au Maroc. Nos exp\u00e9riences inspirantes et authentiques vous emm\u00e8nent au c\u0153ur de ce qui est unique dans ce pays &hellip;","og_url":"https:\/\/bkmedevents.com\/fr\/mondial-voyage\/","og_site_name":"BKMED EVENTS","article_publisher":"https:\/\/www.facebook.com\/bkmedevents?mibextid=ZbWKwL","article_modified_time":"2022-07-30T10:54:14+00:00","og_image":[{"url":"https:\/\/bkmedevents.com\/wp-content\/uploads\/2022\/07\/WhatsApp-Image-2022-07-29-at-22.37.30-1-500x500.jpeg"}],"twitter_card":"summary_large_image","twitter_site":"@BkmedEvents","twitter_misc":{"Dur\u00e9e de lecture estim\u00e9e":"1 minute"},"schema":{"@context":"https:\/\/schema.org","@graph":[{"@type":"WebPage","@id":"https:\/\/bkmedevents.com\/mondial-voyage\/","url":"https:\/\/bkmedevents.com\/mondial-voyage\/","name":"Mondial Voyage - BKMED EVENTS","isPartOf":{"@id":"https:\/\/bkmedevents.com\/#website"},"primaryImageOfPage":{"@id":"https:\/\/bkmedevents.com\/mondial-voyage\/#primaryimage"},"image":{"@id":"https:\/\/bkmedevents.com\/mondial-voyage\/#primaryimage"},"thumbnailUrl":"https:\/\/bkmedevents.com\/wp-content\/uploads\/2022\/07\/WhatsApp-Image-2022-07-29-at-22.37.30-1-500x500.jpeg","datePublished":"2022-07-30T10:51:10+00:00","dateModified":"2022-07-30T10:54:14+00:00","breadcrumb":{"@id":"https:\/\/bkmedevents.com\/mondial-voyage\/#breadcrumb"},"inLanguage":"fr-FR","potentialAction":[{"@type":"ReadAction","target":["https:\/\/bkmedevents.com\/mondial-voyage\/"]}]},{"@type":"ImageObject","inLanguage":"fr-FR","@id":"https:\/\/bkmedevents.com\/mondial-voyage\/#primaryimage","url":"https:\/\/bkmedevents.com\/wp-content\/uploads\/2022\/07\/WhatsApp-Image-2022-07-29-at-22.37.30-1-500x500.jpeg","contentUrl":"https:\/\/bkmedevents.com\/wp-content\/uploads\/2022\/07\/WhatsApp-Image-2022-07-29-at-22.37.30-1-500x500.jpeg"},{"@type":"BreadcrumbList","@id":"https:\/\/bkmedevents.com\/mondial-voyage\/#breadcrumb","itemListElement":[{"@type":"ListItem","position":1,"name":"Accueil","item":"https:\/\/bkmedevents.com\/en\/"},{"@type":"ListItem","position":2,"name":"Mondial Voyage"}]},{"@type":"WebSite","@id":"https:\/\/bkmedevents.com\/#website","url":"https:\/\/bkmedevents.com\/","name":"www.bkmedevents.com","description":"La Formation Continue Vue AUTREMENT ..","publisher":{"@id":"https:\/\/bkmedevents.com\/#organization"},"potentialAction":[{"@type":"SearchAction","target":{"@type":"EntryPoint","urlTemplate":"https:\/\/bkmedevents.com\/?s={search_term_string}"},"query-input":"required name=search_term_string"}],"inLanguage":"fr-FR"},{"@type":"Organization","@id":"https:\/\/bkmedevents.com\/#organization","name":"www.bkmedevents.com","url":"https:\/\/bkmedevents.com\/","logo":{"@type":"ImageObject","inLanguage":"fr-FR","@id":"https:\/\/bkmedevents.com\/#\/schema\/logo\/image\/","url":"https:\/\/bkmedevents.com\/wp-content\/uploads\/2023\/09\/WhatsApp-Image-2023-09-18-a-14.53.20.jpg","contentUrl":"https:\/\/bkmedevents.com\/wp-content\/uploads\/2023\/09\/WhatsApp-Image-2023-09-18-a-14.53.20.jpg","width":493,"height":308,"caption":"www.bkmedevents.com"},"image":{"@id":"https:\/\/bkmedevents.com\/#\/schema\/logo\/image\/"},"sameAs":["https:\/\/www.facebook.com\/bkmedevents?mibextid=ZbWKwL","https:\/\/twitter.com\/BkmedEvents","https:\/\/instagram.com\/bkmedevents?utm_source=qr&igshid=NGExMmI2YTkyZg","https:\/\/youtube.com\/@bkmedevents2022?si=OHuUHYRdW6_kCi4L"]}]}},"_links":{"self":[{"href":"https:\/\/bkmedevents.com\/fr\/wp-json\/wp\/v2\/pages\/11412","targetHints":{"allow":["GET"]}}],"collection":[{"href":"https:\/\/bkmedevents.com\/fr\/wp-json\/wp\/v2\/pages"}],"about":[{"href":"https:\/\/bkmedevents.com\/fr\/wp-json\/wp\/v2\/types\/page"}],"author":[{"embeddable":true,"href":"https:\/\/bkmedevents.com\/fr\/wp-json\/wp\/v2\/users\/1"}],"replies":[{"embeddable":true,"href":"https:\/\/bkmedevents.com\/fr\/wp-json\/wp\/v2\/comments?post=11412"}],"version-history":[{"count":4,"href":"https:\/\/bkmedevents.com\/fr\/wp-json\/wp\/v2\/pages\/11412\/revisions"}],"predecessor-version":[{"id":11417,"href":"https:\/\/bkmedevents.com\/fr\/wp-json\/wp\/v2\/pages\/11412\/revisions\/11417"}],"wp:attachment":[{"href":"https:\/\/bkmedevents.com\/fr\/wp-json\/wp\/v2\/media?parent=11412"}],"curies":[{"name":"wp","href":"https:\/\/api.w.org\/{rel}","templated":true}]}}