{"id":12033,"date":"2022-11-11T13:00:38","date_gmt":"2022-11-11T12:00:38","guid":{"rendered":"https:\/\/bkmedevents.com\/?page_id=12033"},"modified":"2022-11-11T13:11:39","modified_gmt":"2022-11-11T12:11:39","slug":"ali-el-hamid","status":"publish","type":"page","link":"https:\/\/bkmedevents.com\/fr\/ali-el-hamid\/","title":{"rendered":"ALI el hamid"},"content":{"rendered":"\t\t<div data-elementor-type=\"wp-page\" data-elementor-id=\"12033\" class=\"elementor elementor-12033\" data-elementor-post-type=\"page\">\n\t\t\t\t\t\t<section class=\"elementor-section elementor-top-section elementor-element elementor-element-bf67814 elementor-section-content-middle elementor-section-full_width elementor-section-height-default elementor-section-height-default\" data-id=\"bf67814\" data-element_type=\"section\" data-settings=\"{&quot;background_background&quot;:&quot;classic&quot;}\">\n\t\t\t\t\t\t<div class=\"elementor-container elementor-column-gap-wide\">\n\t\t\t\t\t<div class=\"elementor-column elementor-col-50 elementor-top-column elementor-element elementor-element-4c007c1\" data-id=\"4c007c1\" data-element_type=\"column\" data-settings=\"{&quot;background_background&quot;:&quot;classic&quot;}\">\n\t\t\t<div class=\"elementor-widget-wrap elementor-element-populated\">\n\t\t\t\t\t\t<div class=\"elementor-element elementor-element-7a297569 elementor-widget elementor-widget-spacer\" data-id=\"7a297569\" data-element_type=\"widget\" data-widget_type=\"spacer.default\">\n\t\t\t\t<div class=\"elementor-widget-container\">\n\t\t\t\t\t\t\t<div class=\"elementor-spacer\">\n\t\t\t<div class=\"elementor-spacer-inner\"><\/div>\n\t\t<\/div>\n\t\t\t\t\t\t<\/div>\n\t\t\t\t<\/div>\n\t\t\t\t\t<\/div>\n\t\t<\/div>\n\t\t\t\t<div class=\"elementor-column elementor-col-50 elementor-top-column elementor-element elementor-element-42ad50ba\" data-id=\"42ad50ba\" data-element_type=\"column\">\n\t\t\t<div class=\"elementor-widget-wrap elementor-element-populated\">\n\t\t\t\t\t\t<div class=\"elementor-element elementor-element-42d0a364 elementor-widget elementor-widget-heading\" data-id=\"42d0a364\" data-element_type=\"widget\" data-widget_type=\"heading.default\">\n\t\t\t\t<div class=\"elementor-widget-container\">\n\t\t\t\t\t<h2 class=\"elementor-heading-title elementor-size-xxl\">Ali El Hamid<\/h2>\t\t\t\t<\/div>\n\t\t\t\t<\/div>\n\t\t\t\t<div class=\"elementor-element elementor-element-3f0d0702 elementor-widget-divider--view-line elementor-invisible elementor-widget elementor-widget-divider\" data-id=\"3f0d0702\" data-element_type=\"widget\" data-settings=\"{&quot;_animation&quot;:&quot;fadeInUp&quot;}\" data-widget_type=\"divider.default\">\n\t\t\t\t<div class=\"elementor-widget-container\">\n\t\t\t\t\t\t\t<div class=\"elementor-divider\">\n\t\t\t<span class=\"elementor-divider-separator\">\n\t\t\t\t\t\t<\/span>\n\t\t<\/div>\n\t\t\t\t\t\t<\/div>\n\t\t\t\t<\/div>\n\t\t\t\t<div class=\"elementor-element elementor-element-36aed3f1 elementor-widget elementor-widget-text-editor\" data-id=\"36aed3f1\" data-element_type=\"widget\" data-widget_type=\"text-editor.default\">\n\t\t\t\t<div class=\"elementor-widget-container\">\n\t\t\t\t\t\t\t\t\t<div dir=\"auto\"><div dir=\"auto\"><div dir=\"auto\"><p>Pr. Ali ELHAMID <br \/>professeur de la Facult\u00e9 de M\u00e9decine Dentaire de Casablanca <br \/>Tel : 00212522 360 890 mobile : 00212663639024 <br \/>E-mail : elhamid@cdc.ma <br \/>c.v. <br \/>2019: Honorary professor of London-Oxford Academy<br \/>2018-2019: Codirecteur p\u00e9dagogique du Dipl\u00f4me Universitaire d&#8217;Implantologie Avanc\u00e9e. Paris Every Val d&#8217;Essonne.<br \/>2018: Mise au point et publication de la technique du cut-back directe. Cahiers de Proth\u00e8se. Juin 2018<br \/>2018: Dipl\u00f4me universitaire de conception fabrication assist\u00e9es par ordinateur. Montpellier<br \/>2017: Brevet du Guide Universal d&#8217;Implantologie<br \/>2016: certified CEREC Trainer de l&#8217;international Society of Computerized Dentistry (Berlin)<br \/>2014: certified CEREC Trainer de l&#8217;International Society of Computerized Dentistry (Barcelona)<br \/>2009-2013 : attach\u00e9 de cours au dipl\u00f4me interuniversitaire de chirurgie reconstructrice pr\u00e9 et p\u00e9ri-implantaire \u00e0 la Salpetri\u00e8re<br \/>2007 : Dipl\u00f4me universitaire de chirurgie reconstructrice pr\u00e9 et p\u00e9ri-implantaire. Paris ouest<br \/>2005 : Fondation de la Clinique Dentaire Casablanca <br \/>2001 : Dipl\u00f4me d&#8217;Etude Approfondies &#8221; Bio morphologie quantitative et variabilit\u00e9 du corps humain &#8211; Universit\u00e9 RENE DESCARTES, PARIS V. <br \/>2000- 2005 : Professeur de l&#8217;enseignement sup\u00e9rieur &#8211; Facult\u00e9 de M\u00e9decine Dentaire de Casablanca<br \/>1999 : Responsable et fondateur du Certificat universitaire d&#8217;Occlusodontie &#8211; Facult\u00e9 de M\u00e9decine Dentaire de Casablanca <br \/>1996- 2000: Professeur agr\u00e9g\u00e9 &#8211; Facult\u00e9 de M\u00e9decine Dentaire de Casablanca <br \/>1995 : Ma\u00eetrise en sciences biologiques et M\u00e9dicales &#8211; Universit\u00e9 RENE DESCARTES, PARIS V <br \/>1992 : Certificat d&#8217;\u00e9pid\u00e9miologie et de recherche clinique &#8211; Universit\u00e9 RENE DESCARTES, PARIS V <br \/>1992 : Certificat de statistiques, informatique et mod\u00e9lisation &#8211; Universit\u00e9 RENE DESCARTES, PARIS V <br \/>1991 : Ma\u00eetre assistant &#8211; Facult\u00e9 de M\u00e9decine Dentaire de Casablanca<br \/>1989 : Assistant titulaire &#8211; Facult\u00e9 de M\u00e9decine Dentaire de Casablanca <br \/>1989 : Certificat d&#8217;\u00e9tudes sup\u00e9rieures en proth\u00e8se fix\u00e9e &#8211; Universit\u00e9 RENE DESCARTES, PARIS V <br \/>1988 : Certificat d&#8217;\u00e9tudes sup\u00e9rieures en proth\u00e8se fix\u00e9e &#8211; Universit\u00e9 RENE DESCARTES, PARIS V <br \/>1988 : Certificat d&#8217;\u00e9tudes sup\u00e9rieures en histo-embryologie &#8211; Universit\u00e9 RENE DESCARTES, PARIS<br \/>1987 : Th\u00e8se de Doctorat en M\u00e9decine Dentaire &#8211; Facult\u00e9 de M\u00e9decine Dentaire de Casablanca <br \/>Vie associative et scientifique :<\/p><p>&#8211; Membre de la Soci\u00e9t\u00e9 Marocaine d&#8217;Odontologie<br \/>&#8211; Membre du Coll\u00e8ge National (Fran\u00e7ais) d&#8217;Occlusodontologie<br \/>&#8211; Fonding Member of Global Oral Implantology Academy<br \/>&#8211; Pr\u00e9sident fondateur du Coll\u00e8ge Marocain d&#8217;Occlusodontologie, de Douleur et de Dysfonctionnement de l&#8217;Appareil Manducateur<br \/>&#8211; Une trentaine de publications : Revue Marocaine d&#8217;Odontologie, Esp\u00e9rance M\u00e9dicale, Revue Europ\u00e9enne R\u00e9alit\u00e9s Cliniques, Courrier du Dentiste, Medicina Stomatologica , Cahiers de proth\u00e8se, LS &#8211; implantologie- stomatologie. Le dernier est le suivant :<br \/>Conformation du volume tissulaire p\u00e9ri-implantaire sans greffe<br \/>Journal LS &#8211; Implantologie dentaire Conformation du volume tissulaire p\u00e9ri-implantaire sans greffe | LS &#8211; La Lettre de la Stomatologie (journal-stomato-implanto.com)<br \/>&#8211; Pr\u00e9s de 100 communications et conf\u00e9rences au Maroc, France, Tunisie, Mauritanie, Canada, Br\u00e9sil, USA, Pologne, Egypte<\/p><p>60 th\u00e8ses et m\u00e9moires encadr\u00e9s.<br \/>&#8211; Publication du livre : &#8221; \u00e9l\u00e9vation du plancher sinusien en implantologie Orale &#8220;<br \/>Auteur r\u00e9f\u00e9r\u00e9 du dictionnaire de proth\u00e8se odontologique<br \/>Membre du comit\u00e9 de lecture des revues : Esp\u00e9rance M\u00e9dicale, et Journal du Web Dentaire.<br \/>Consultant scientifique de syst\u00e8mes implantaires<br \/>Pr\u00e9sident fondateur de l&#8217;Acad\u00e9mie de Formation Continue Odontologique (AFCO)<br \/>Pr\u00e9sident scientifique congr\u00e8s International. Agadir 2016<br \/>Pr\u00e9sident scientifique du congr\u00e8s Africain de la F\u00e9d\u00e9ration Dentaire Internationale. 2017<br \/>Coordinateur scientifique du congr\u00e8s National &#8221; Moroccan Dental Meeting 2019 ;<\/p><\/div><\/div><\/div>\t\t\t\t\t\t\t\t<\/div>\n\t\t\t\t<\/div>\n\t\t\t\t\t<\/div>\n\t\t<\/div>\n\t\t\t\t\t<\/div>\n\t\t<\/section>\n\t\t\t\t<\/div>\n\t\t","protected":false},"excerpt":{"rendered":"<p>Ali El Hamid Pr. Ali ELHAMID professeur de la Facult\u00e9 de M\u00e9decine Dentaire de Casablanca Tel : 00212522 360 890 mobile : 00212663639024 E-mail : elhamid@cdc.ma c.v. 2019: Honorary professor of London-Oxford Academy2018-2019: Codirecteur p\u00e9dagogique du Dipl\u00f4me Universitaire d&#8217;Implantologie Avanc\u00e9e. &hellip; <\/p>\n","protected":false},"author":1,"featured_media":0,"parent":0,"menu_order":0,"comment_status":"closed","ping_status":"closed","template":"elementor_theme","meta":{"_bbp_topic_count":0,"_bbp_reply_count":0,"_bbp_total_topic_count":0,"_bbp_total_reply_count":0,"_bbp_voice_count":0,"_bbp_anonymous_reply_count":0,"_bbp_topic_count_hidden":0,"_bbp_reply_count_hidden":0,"_bbp_forum_subforum_count":0,"pmpro_default_level":"","footnotes":""},"class_list":["post-12033","page","type-page","status-publish","hentry","pmpro-has-access"],"yoast_head":"<!-- This site is optimized with the Yoast SEO plugin v22.3 - https:\/\/yoast.com\/wordpress\/plugins\/seo\/ -->\n<title>ALI el hamid - BKMED EVENTS<\/title>\n<meta name=\"robots\" content=\"index, follow, max-snippet:-1, max-image-preview:large, max-video-preview:-1\" \/>\n<link rel=\"canonical\" href=\"https:\/\/bkmedevents.com\/fr\/ali-el-hamid\/\" \/>\n<meta property=\"og:locale\" content=\"fr_FR\" \/>\n<meta property=\"og:type\" content=\"article\" \/>\n<meta property=\"og:title\" content=\"ALI el hamid - BKMED EVENTS\" \/>\n<meta property=\"og:description\" content=\"Ali El Hamid Pr. Ali ELHAMID professeur de la Facult\u00e9 de M\u00e9decine Dentaire de Casablanca Tel : 00212522 360 890 mobile : 00212663639024 E-mail : elhamid@cdc.ma c.v. 2019: Honorary professor of London-Oxford Academy2018-2019: Codirecteur p\u00e9dagogique du Dipl\u00f4me Universitaire d&#8217;Implantologie Avanc\u00e9e. &hellip;\" \/>\n<meta property=\"og:url\" content=\"https:\/\/bkmedevents.com\/fr\/ali-el-hamid\/\" \/>\n<meta property=\"og:site_name\" content=\"BKMED EVENTS\" \/>\n<meta property=\"article:publisher\" content=\"https:\/\/www.facebook.com\/bkmedevents?mibextid=ZbWKwL\" \/>\n<meta property=\"article:modified_time\" content=\"2022-11-11T12:11:39+00:00\" \/>\n<meta name=\"twitter:card\" content=\"summary_large_image\" \/>\n<meta name=\"twitter:site\" content=\"@BkmedEvents\" \/>\n<meta name=\"twitter:label1\" content=\"Dur\u00e9e de lecture estim\u00e9e\" \/>\n\t<meta name=\"twitter:data1\" content=\"3 minutes\" \/>\n<script type=\"application\/ld+json\" class=\"yoast-schema-graph\">{\"@context\":\"https:\/\/schema.org\",\"@graph\":[{\"@type\":\"WebPage\",\"@id\":\"https:\/\/bkmedevents.com\/ali-el-hamid\/\",\"url\":\"https:\/\/bkmedevents.com\/ali-el-hamid\/\",\"name\":\"ALI el hamid - BKMED EVENTS\",\"isPartOf\":{\"@id\":\"https:\/\/bkmedevents.com\/#website\"},\"datePublished\":\"2022-11-11T12:00:38+00:00\",\"dateModified\":\"2022-11-11T12:11:39+00:00\",\"breadcrumb\":{\"@id\":\"https:\/\/bkmedevents.com\/ali-el-hamid\/#breadcrumb\"},\"inLanguage\":\"fr-FR\",\"potentialAction\":[{\"@type\":\"ReadAction\",\"target\":[\"https:\/\/bkmedevents.com\/ali-el-hamid\/\"]}]},{\"@type\":\"BreadcrumbList\",\"@id\":\"https:\/\/bkmedevents.com\/ali-el-hamid\/#breadcrumb\",\"itemListElement\":[{\"@type\":\"ListItem\",\"position\":1,\"name\":\"Accueil\",\"item\":\"https:\/\/bkmedevents.com\/en\/\"},{\"@type\":\"ListItem\",\"position\":2,\"name\":\"ALI el hamid\"}]},{\"@type\":\"WebSite\",\"@id\":\"https:\/\/bkmedevents.com\/#website\",\"url\":\"https:\/\/bkmedevents.com\/\",\"name\":\"www.bkmedevents.com\",\"description\":\"La Formation Continue Vue AUTREMENT ..\",\"publisher\":{\"@id\":\"https:\/\/bkmedevents.com\/#organization\"},\"potentialAction\":[{\"@type\":\"SearchAction\",\"target\":{\"@type\":\"EntryPoint\",\"urlTemplate\":\"https:\/\/bkmedevents.com\/?s={search_term_string}\"},\"query-input\":\"required name=search_term_string\"}],\"inLanguage\":\"fr-FR\"},{\"@type\":\"Organization\",\"@id\":\"https:\/\/bkmedevents.com\/#organization\",\"name\":\"www.bkmedevents.com\",\"url\":\"https:\/\/bkmedevents.com\/\",\"logo\":{\"@type\":\"ImageObject\",\"inLanguage\":\"fr-FR\",\"@id\":\"https:\/\/bkmedevents.com\/#\/schema\/logo\/image\/\",\"url\":\"https:\/\/bkmedevents.com\/wp-content\/uploads\/2023\/09\/WhatsApp-Image-2023-09-18-a-14.53.20.jpg\",\"contentUrl\":\"https:\/\/bkmedevents.com\/wp-content\/uploads\/2023\/09\/WhatsApp-Image-2023-09-18-a-14.53.20.jpg\",\"width\":493,\"height\":308,\"caption\":\"www.bkmedevents.com\"},\"image\":{\"@id\":\"https:\/\/bkmedevents.com\/#\/schema\/logo\/image\/\"},\"sameAs\":[\"https:\/\/www.facebook.com\/bkmedevents?mibextid=ZbWKwL\",\"https:\/\/twitter.com\/BkmedEvents\",\"https:\/\/instagram.com\/bkmedevents?utm_source=qr&igshid=NGExMmI2YTkyZg\",\"https:\/\/youtube.com\/@bkmedevents2022?si=OHuUHYRdW6_kCi4L\"]}]}<\/script>\n<!-- \/ Yoast SEO plugin. -->","yoast_head_json":{"title":"ALI el hamid - BKMED EVENTS","robots":{"index":"index","follow":"follow","max-snippet":"max-snippet:-1","max-image-preview":"max-image-preview:large","max-video-preview":"max-video-preview:-1"},"canonical":"https:\/\/bkmedevents.com\/fr\/ali-el-hamid\/","og_locale":"fr_FR","og_type":"article","og_title":"ALI el hamid - BKMED EVENTS","og_description":"Ali El Hamid Pr. Ali ELHAMID professeur de la Facult\u00e9 de M\u00e9decine Dentaire de Casablanca Tel : 00212522 360 890 mobile : 00212663639024 E-mail : elhamid@cdc.ma c.v. 2019: Honorary professor of London-Oxford Academy2018-2019: Codirecteur p\u00e9dagogique du Dipl\u00f4me Universitaire d&#8217;Implantologie Avanc\u00e9e. &hellip;","og_url":"https:\/\/bkmedevents.com\/fr\/ali-el-hamid\/","og_site_name":"BKMED EVENTS","article_publisher":"https:\/\/www.facebook.com\/bkmedevents?mibextid=ZbWKwL","article_modified_time":"2022-11-11T12:11:39+00:00","twitter_card":"summary_large_image","twitter_site":"@BkmedEvents","twitter_misc":{"Dur\u00e9e de lecture estim\u00e9e":"3 minutes"},"schema":{"@context":"https:\/\/schema.org","@graph":[{"@type":"WebPage","@id":"https:\/\/bkmedevents.com\/ali-el-hamid\/","url":"https:\/\/bkmedevents.com\/ali-el-hamid\/","name":"ALI el hamid - BKMED EVENTS","isPartOf":{"@id":"https:\/\/bkmedevents.com\/#website"},"datePublished":"2022-11-11T12:00:38+00:00","dateModified":"2022-11-11T12:11:39+00:00","breadcrumb":{"@id":"https:\/\/bkmedevents.com\/ali-el-hamid\/#breadcrumb"},"inLanguage":"fr-FR","potentialAction":[{"@type":"ReadAction","target":["https:\/\/bkmedevents.com\/ali-el-hamid\/"]}]},{"@type":"BreadcrumbList","@id":"https:\/\/bkmedevents.com\/ali-el-hamid\/#breadcrumb","itemListElement":[{"@type":"ListItem","position":1,"name":"Accueil","item":"https:\/\/bkmedevents.com\/en\/"},{"@type":"ListItem","position":2,"name":"ALI el hamid"}]},{"@type":"WebSite","@id":"https:\/\/bkmedevents.com\/#website","url":"https:\/\/bkmedevents.com\/","name":"www.bkmedevents.com","description":"La Formation Continue Vue AUTREMENT ..","publisher":{"@id":"https:\/\/bkmedevents.com\/#organization"},"potentialAction":[{"@type":"SearchAction","target":{"@type":"EntryPoint","urlTemplate":"https:\/\/bkmedevents.com\/?s={search_term_string}"},"query-input":"required name=search_term_string"}],"inLanguage":"fr-FR"},{"@type":"Organization","@id":"https:\/\/bkmedevents.com\/#organization","name":"www.bkmedevents.com","url":"https:\/\/bkmedevents.com\/","logo":{"@type":"ImageObject","inLanguage":"fr-FR","@id":"https:\/\/bkmedevents.com\/#\/schema\/logo\/image\/","url":"https:\/\/bkmedevents.com\/wp-content\/uploads\/2023\/09\/WhatsApp-Image-2023-09-18-a-14.53.20.jpg","contentUrl":"https:\/\/bkmedevents.com\/wp-content\/uploads\/2023\/09\/WhatsApp-Image-2023-09-18-a-14.53.20.jpg","width":493,"height":308,"caption":"www.bkmedevents.com"},"image":{"@id":"https:\/\/bkmedevents.com\/#\/schema\/logo\/image\/"},"sameAs":["https:\/\/www.facebook.com\/bkmedevents?mibextid=ZbWKwL","https:\/\/twitter.com\/BkmedEvents","https:\/\/instagram.com\/bkmedevents?utm_source=qr&igshid=NGExMmI2YTkyZg","https:\/\/youtube.com\/@bkmedevents2022?si=OHuUHYRdW6_kCi4L"]}]}},"_links":{"self":[{"href":"https:\/\/bkmedevents.com\/fr\/wp-json\/wp\/v2\/pages\/12033","targetHints":{"allow":["GET"]}}],"collection":[{"href":"https:\/\/bkmedevents.com\/fr\/wp-json\/wp\/v2\/pages"}],"about":[{"href":"https:\/\/bkmedevents.com\/fr\/wp-json\/wp\/v2\/types\/page"}],"author":[{"embeddable":true,"href":"https:\/\/bkmedevents.com\/fr\/wp-json\/wp\/v2\/users\/1"}],"replies":[{"embeddable":true,"href":"https:\/\/bkmedevents.com\/fr\/wp-json\/wp\/v2\/comments?post=12033"}],"version-history":[{"count":10,"href":"https:\/\/bkmedevents.com\/fr\/wp-json\/wp\/v2\/pages\/12033\/revisions"}],"predecessor-version":[{"id":12049,"href":"https:\/\/bkmedevents.com\/fr\/wp-json\/wp\/v2\/pages\/12033\/revisions\/12049"}],"wp:attachment":[{"href":"https:\/\/bkmedevents.com\/fr\/wp-json\/wp\/v2\/media?parent=12033"}],"curies":[{"name":"wp","href":"https:\/\/api.w.org\/{rel}","templated":true}]}}