{"id":12686,"date":"2023-09-10T13:26:30","date_gmt":"2023-09-10T12:26:30","guid":{"rendered":"https:\/\/bkmedevents.com\/?page_id=12686"},"modified":"2025-09-29T13:17:45","modified_gmt":"2025-09-29T12:17:45","slug":"produit-2","status":"publish","type":"page","link":"https:\/\/bkmedevents.com\/fr\/produit-2\/","title":{"rendered":"Produit 2"},"content":{"rendered":"\t\t<div data-elementor-type=\"wp-page\" data-elementor-id=\"12686\" class=\"elementor elementor-12686\" data-elementor-post-type=\"page\">\n\t\t\t\t\t\t<section class=\"elementor-section elementor-top-section elementor-element elementor-element-66907625 envato-kit-141-top-0 elementor-section-full_width elementor-section-height-default elementor-section-height-default\" data-id=\"66907625\" data-element_type=\"section\" data-settings=\"{&quot;background_background&quot;:&quot;classic&quot;}\">\n\t\t\t\t\t\t\t<div class=\"elementor-background-overlay\"><\/div>\n\t\t\t\t\t\t\t<div class=\"elementor-container elementor-column-gap-wider\">\n\t\t\t\t\t<div class=\"elementor-column elementor-col-50 elementor-top-column elementor-element elementor-element-34f5e284\" data-id=\"34f5e284\" data-element_type=\"column\">\n\t\t\t<div class=\"elementor-widget-wrap elementor-element-populated\">\n\t\t\t\t\t\t<div class=\"elementor-element elementor-element-eba848e elementor-invisible elementor-widget elementor-widget-text-editor\" data-id=\"eba848e\" data-element_type=\"widget\" data-settings=\"{&quot;_animation&quot;:&quot;fadeIn&quot;,&quot;_animation_delay&quot;:200}\" data-widget_type=\"text-editor.default\">\n\t\t\t\t<div class=\"elementor-widget-container\">\n\t\t\t\t\t\t\t\t\t<p><img fetchpriority=\"high\" decoding=\"async\" class=\"alignnone size-medium wp-image-13885\" src=\"https:\/\/bkmedevents.com\/wp-content\/uploads\/2025\/09\/WhatsApp-Image-2025-09-29-a-12.33.12_3fb93473-223x300.jpg\" alt=\"\" width=\"223\" height=\"300\" srcset=\"https:\/\/bkmedevents.com\/wp-content\/uploads\/2025\/09\/WhatsApp-Image-2025-09-29-a-12.33.12_3fb93473-223x300.jpg 223w, https:\/\/bkmedevents.com\/wp-content\/uploads\/2025\/09\/WhatsApp-Image-2025-09-29-a-12.33.12_3fb93473-762x1024.jpg 762w, https:\/\/bkmedevents.com\/wp-content\/uploads\/2025\/09\/WhatsApp-Image-2025-09-29-a-12.33.12_3fb93473-768x1033.jpg 768w, https:\/\/bkmedevents.com\/wp-content\/uploads\/2025\/09\/WhatsApp-Image-2025-09-29-a-12.33.12_3fb93473-9x12.jpg 9w, https:\/\/bkmedevents.com\/wp-content\/uploads\/2025\/09\/WhatsApp-Image-2025-09-29-a-12.33.12_3fb93473-600x807.jpg 600w, https:\/\/bkmedevents.com\/wp-content\/uploads\/2025\/09\/WhatsApp-Image-2025-09-29-a-12.33.12_3fb93473.jpg 952w\" sizes=\"(max-width: 223px) 100vw, 223px\" \/><img decoding=\"async\" class=\"alignnone size-medium wp-image-13886\" src=\"https:\/\/bkmedevents.com\/wp-content\/uploads\/2025\/09\/WhatsApp-Image-2025-09-29-a-11.25.25_29d51c8d-300x300.jpg\" alt=\"\" width=\"300\" height=\"300\" srcset=\"https:\/\/bkmedevents.com\/wp-content\/uploads\/2025\/09\/WhatsApp-Image-2025-09-29-a-11.25.25_29d51c8d-300x300.jpg 300w, https:\/\/bkmedevents.com\/wp-content\/uploads\/2025\/09\/WhatsApp-Image-2025-09-29-a-11.25.25_29d51c8d-150x150.jpg 150w, https:\/\/bkmedevents.com\/wp-content\/uploads\/2025\/09\/WhatsApp-Image-2025-09-29-a-11.25.25_29d51c8d-768x768.jpg 768w, https:\/\/bkmedevents.com\/wp-content\/uploads\/2025\/09\/WhatsApp-Image-2025-09-29-a-11.25.25_29d51c8d-12x12.jpg 12w, https:\/\/bkmedevents.com\/wp-content\/uploads\/2025\/09\/WhatsApp-Image-2025-09-29-a-11.25.25_29d51c8d-600x600.jpg 600w, https:\/\/bkmedevents.com\/wp-content\/uploads\/2025\/09\/WhatsApp-Image-2025-09-29-a-11.25.25_29d51c8d-100x100.jpg 100w, https:\/\/bkmedevents.com\/wp-content\/uploads\/2025\/09\/WhatsApp-Image-2025-09-29-a-11.25.25_29d51c8d.jpg 800w\" sizes=\"(max-width: 300px) 100vw, 300px\" \/><\/p>\t\t\t\t\t\t\t\t<\/div>\n\t\t\t\t<\/div>\n\t\t\t\t\t<\/div>\n\t\t<\/div>\n\t\t\t\t<div class=\"elementor-column elementor-col-50 elementor-top-column elementor-element elementor-element-32f14e2c\" data-id=\"32f14e2c\" data-element_type=\"column\">\n\t\t\t<div class=\"elementor-widget-wrap elementor-element-populated\">\n\t\t\t\t\t\t<div class=\"elementor-element elementor-element-58ff8a76 elementor-invisible elementor-widget elementor-widget-heading\" data-id=\"58ff8a76\" data-element_type=\"widget\" data-settings=\"{&quot;_animation&quot;:&quot;fadeIn&quot;,&quot;_animation_delay&quot;:50}\" data-widget_type=\"heading.default\">\n\t\t\t\t<div class=\"elementor-widget-container\">\n\t\t\t\t\t<h2 class=\"elementor-heading-title elementor-size-default\"><b>OFFRE PROMO <\/b><br>fORMATION DU dR nEBRAS<\/h2>\t\t\t\t<\/div>\n\t\t\t\t<\/div>\n\t\t\t\t<div class=\"elementor-element elementor-element-047ca4b elementor-invisible elementor-widget elementor-widget-text-editor\" data-id=\"047ca4b\" data-element_type=\"widget\" data-settings=\"{&quot;_animation&quot;:&quot;fadeIn&quot;,&quot;_animation_delay&quot;:300}\" data-widget_type=\"text-editor.default\">\n\t\t\t\t<div class=\"elementor-widget-container\">\n\t\t\t\t\t\t\t\t\t<h2>MI<b>CROSCOPE <\/b><b>ROGIN RM 530PRO<\/b><\/h2><h2><b>Offre promotionelle avec facilit\u00e9s de paiement .<\/b><\/h2><h3><em>PRIX PROMO \/120000 dhs TTC.<\/em><\/h3><div><em>BESOIN DE LA FICHE TECHNIQUE ? REMPLISSEZ LE FORMULAIRE CI DESSOUS .<\/em><\/div><p><b>\u00a0\u00a0<\/b><\/p>\t\t\t\t\t\t\t\t<\/div>\n\t\t\t\t<\/div>\n\t\t\t\t<div class=\"elementor-element elementor-element-2a728630 elementor-widget-divider--view-line elementor-invisible elementor-widget elementor-widget-divider\" data-id=\"2a728630\" data-element_type=\"widget\" data-settings=\"{&quot;_animation&quot;:&quot;fadeIn&quot;,&quot;_animation_delay&quot;:250}\" data-widget_type=\"divider.default\">\n\t\t\t\t<div class=\"elementor-widget-container\">\n\t\t\t\t\t\t\t<div class=\"elementor-divider\">\n\t\t\t<span class=\"elementor-divider-separator\">\n\t\t\t\t\t\t<\/span>\n\t\t<\/div>\n\t\t\t\t\t\t<\/div>\n\t\t\t\t<\/div>\n\t\t\t\t\t<\/div>\n\t\t<\/div>\n\t\t\t\t\t<\/div>\n\t\t<\/section>\n\t\t\t\t<section class=\"elementor-section elementor-top-section elementor-element elementor-element-86252cf elementor-section-full_width elementor-section-height-default elementor-section-height-default\" data-id=\"86252cf\" data-element_type=\"section\">\n\t\t\t\t\t\t<div class=\"elementor-container elementor-column-gap-default\">\n\t\t\t\t\t<div class=\"elementor-column elementor-col-100 elementor-top-column elementor-element elementor-element-1e27025\" data-id=\"1e27025\" data-element_type=\"column\">\n\t\t\t<div class=\"elementor-widget-wrap elementor-element-populated\">\n\t\t\t\t\t\t<section class=\"elementor-section elementor-inner-section elementor-element elementor-element-e8b610e elementor-section-full_width elementor-section-height-default elementor-section-height-default\" data-id=\"e8b610e\" data-element_type=\"section\">\n\t\t\t\t\t\t<div class=\"elementor-container elementor-column-gap-default\">\n\t\t\t\t\t<div class=\"elementor-column elementor-col-100 elementor-inner-column elementor-element elementor-element-43437d6\" data-id=\"43437d6\" data-element_type=\"column\">\n\t\t\t<div class=\"elementor-widget-wrap elementor-element-populated\">\n\t\t\t\t\t\t<div class=\"elementor-element elementor-element-2ff0e90 elementor-widget elementor-widget-heading\" data-id=\"2ff0e90\" data-element_type=\"widget\" data-widget_type=\"heading.default\">\n\t\t\t\t<div class=\"elementor-widget-container\">\n\t\t\t\t\t<h2 class=\"elementor-heading-title elementor-size-default\">Commandez votre produit<\/h2>\t\t\t\t<\/div>\n\t\t\t\t<\/div>\n\t\t\t\t<div class=\"elementor-element elementor-element-328cf6b elementor-widget elementor-widget-text-editor\" data-id=\"328cf6b\" data-element_type=\"widget\" data-widget_type=\"text-editor.default\">\n\t\t\t\t<div class=\"elementor-widget-container\">\n\t\t\t\t\t\t\t\t\t<p>Veuillez bien remplir SVP ce formulaire, un de nos concepteurs prendra contact avec vous dans les plus brefs d\u00e9lais.<\/p>\t\t\t\t\t\t\t\t<\/div>\n\t\t\t\t<\/div>\n\t\t\t\t<div class=\"elementor-element elementor-element-dcb9cb8 elementor-widget-divider--view-line elementor-widget elementor-widget-divider\" data-id=\"dcb9cb8\" data-element_type=\"widget\" data-widget_type=\"divider.default\">\n\t\t\t\t<div class=\"elementor-widget-container\">\n\t\t\t\t\t\t\t<div class=\"elementor-divider\">\n\t\t\t<span class=\"elementor-divider-separator\">\n\t\t\t\t\t\t<\/span>\n\t\t<\/div>\n\t\t\t\t\t\t<\/div>\n\t\t\t\t<\/div>\n\t\t\t\t\t<\/div>\n\t\t<\/div>\n\t\t\t\t\t<\/div>\n\t\t<\/section>\n\t\t\t\t<div class=\"elementor-element elementor-element-41cea24 12345 elementor-button-align-stretch elementor-widget elementor-widget-form\" data-id=\"41cea24\" data-element_type=\"widget\" data-settings=\"{&quot;button_width&quot;:&quot;100&quot;,&quot;step_type&quot;:&quot;number_text&quot;,&quot;step_icon_shape&quot;:&quot;circle&quot;}\" data-widget_type=\"form.default\">\n\t\t\t\t<div class=\"elementor-widget-container\">\n\t\t\t\t\t\t\t<form class=\"elementor-form\" method=\"post\" name=\"Produit N\u00b0 2\">\n\t\t\t<input type=\"hidden\" name=\"post_id\" value=\"12686\"\/>\n\t\t\t<input type=\"hidden\" name=\"form_id\" value=\"41cea24\"\/>\n\t\t\t<input type=\"hidden\" name=\"referer_title\" value=\"BKMED EVENTS\" \/>\n\n\t\t\t\n\t\t\t<div class=\"elementor-form-fields-wrapper elementor-labels-above\">\n\t\t\t\t\t\t\t\t<div class=\"elementor-field-type-text elementor-field-group elementor-column elementor-field-group-name elementor-col-50 elementor-field-required elementor-mark-required\">\n\t\t\t\t\t\t\t\t\t\t\t\t<label for=\"form-field-name\" class=\"elementor-field-label\">\n\t\t\t\t\t\t\t\tNom et Pr\u00e9nom :\t\t\t\t\t\t\t<\/label>\n\t\t\t\t\t\t\t\t\t\t\t\t\t\t<input size=\"1\" type=\"text\" name=\"form_fields[name]\" id=\"form-field-name\" class=\"elementor-field elementor-size-sm  elementor-field-textual\" placeholder=\"Nom et Pr\u00e9nom :\" required=\"required\" aria-required=\"true\">\n\t\t\t\t\t\t\t\t\t\t\t<\/div>\n\t\t\t\t\t\t\t\t<div class=\"elementor-field-type-number elementor-field-group elementor-column elementor-field-group-field_1d3c943 elementor-col-50 elementor-field-required elementor-mark-required\">\n\t\t\t\t\t\t\t\t\t\t\t\t<label for=\"form-field-field_1d3c943\" class=\"elementor-field-label\">\n\t\t\t\t\t\t\t\tNum\u00e9ro De T\u00e9l\u00e9phone :\t\t\t\t\t\t\t<\/label>\n\t\t\t\t\t\t\t\t\t<input type=\"number\" name=\"form_fields[field_1d3c943]\" id=\"form-field-field_1d3c943\" class=\"elementor-field elementor-size-sm  elementor-field-textual\" placeholder=\"+212(0)661968515\" required=\"required\" aria-required=\"true\" min=\"\" max=\"\" >\n\t\t\t\t\t\t<\/div>\n\t\t\t\t\t\t\t\t<div class=\"elementor-field-type-number elementor-field-group elementor-column elementor-field-group-field_f6ae954 elementor-col-50\">\n\t\t\t\t\t\t\t\t\t\t\t\t<label for=\"form-field-field_f6ae954\" class=\"elementor-field-label\">\n\t\t\t\t\t\t\t\tQuantit\u00e9\t\t\t\t\t\t\t<\/label>\n\t\t\t\t\t\t\t\t\t<input type=\"number\" name=\"form_fields[field_f6ae954]\" id=\"form-field-field_f6ae954\" class=\"elementor-field elementor-size-sm  elementor-field-textual\" placeholder=\"Quantit\u00e9\" min=\"\" max=\"\" >\n\t\t\t\t\t\t<\/div>\n\t\t\t\t\t\t\t\t<div class=\"elementor-field-type-select elementor-field-group elementor-column elementor-field-group-field_037454b elementor-col-50 elementor-field-required elementor-mark-required\">\n\t\t\t\t\t\t\t\t\t\t\t\t<label for=\"form-field-field_037454b\" class=\"elementor-field-label\">\n\t\t\t\t\t\t\t\tLivraison & Infos:\t\t\t\t\t\t\t<\/label>\n\t\t\t\t\t\t\t\t<div class=\"elementor-field elementor-select-wrapper remove-before \">\n\t\t\t<div class=\"select-caret-down-wrapper\">\n\t\t\t\t<i aria-hidden=\"true\" class=\"eicon-caret-down\"><\/i>\t\t\t<\/div>\n\t\t\t<select name=\"form_fields[field_037454b]\" id=\"form-field-field_037454b\" class=\"elementor-field-textual elementor-size-sm\" required=\"required\" aria-required=\"true\">\n\t\t\t\t\t\t\t\t\t<option value=\"\"><\/option>\n\t\t\t\t\t\t\t\t\t<option value=\"Livraison Pendant la formation \">Livraison Pendant la formation <\/option>\n\t\t\t\t\t\t\t\t\t<option value=\"Livraison Au Cabinet\">Livraison Au Cabinet<\/option>\n\t\t\t\t\t\t\t\t\t<option value=\"Demande de recevoir la fiche technique\">Demande de recevoir la fiche technique<\/option>\n\t\t\t\t\t\t\t<\/select>\n\t\t<\/div>\n\t\t\t\t\t\t<\/div>\n\t\t\t\t\t\t\t\t<div class=\"elementor-field-type-text elementor-field-group elementor-column elementor-field-group-field_103e9ed elementor-col-50 elementor-field-required elementor-mark-required\">\n\t\t\t\t\t\t\t\t\t\t\t\t<label for=\"form-field-field_103e9ed\" class=\"elementor-field-label\">\n\t\t\t\t\t\t\t\tAdresse  du cabinet\t\t\t\t\t\t\t<\/label>\n\t\t\t\t\t\t\t\t\t\t\t\t\t\t<input size=\"1\" type=\"text\" name=\"form_fields[field_103e9ed]\" id=\"form-field-field_103e9ed\" class=\"elementor-field elementor-size-sm  elementor-field-textual\" placeholder=\"Adresse\" required=\"required\" aria-required=\"true\">\n\t\t\t\t\t\t\t\t\t\t\t<\/div>\n\t\t\t\t\t\t\t\t<div class=\"elementor-field-type-email elementor-field-group elementor-column elementor-field-group-email elementor-col-50 elementor-field-required elementor-mark-required\">\n\t\t\t\t\t\t\t\t\t\t\t\t<label for=\"form-field-email\" class=\"elementor-field-label\">\n\t\t\t\t\t\t\t\tAdresse E-mail :\t\t\t\t\t\t\t<\/label>\n\t\t\t\t\t\t\t\t\t\t\t\t\t\t<input size=\"1\" type=\"email\" name=\"form_fields[email]\" id=\"form-field-email\" class=\"elementor-field elementor-size-sm  elementor-field-textual\" placeholder=\"Adresse E-mail\" required=\"required\" aria-required=\"true\">\n\t\t\t\t\t\t\t\t\t\t\t<\/div>\n\t\t\t\t\t\t\t\t<div class=\"elementor-field-group elementor-column elementor-field-type-submit elementor-col-100 e-form__buttons\">\n\t\t\t\t\t<button class=\"elementor-button elementor-size-md\" type=\"submit\">\n\t\t\t\t\t\t<span class=\"elementor-button-content-wrapper\">\n\t\t\t\t\t\t\t\t\t\t\t\t\t\t\t\t\t\t\t\t\t\t<span class=\"elementor-button-text\">Envoyer<\/span>\n\t\t\t\t\t\t\t\t\t\t\t\t\t<\/span>\n\t\t\t\t\t<\/button>\n\t\t\t\t<\/div>\n\t\t\t<\/div>\n\t\t<\/form>\n\t\t\t\t\t\t<\/div>\n\t\t\t\t<\/div>\n\t\t\t\t\t<\/div>\n\t\t<\/div>\n\t\t\t\t\t<\/div>\n\t\t<\/section>\n\t\t\t\t<\/div>\n\t\t","protected":false},"excerpt":{"rendered":"<p>OFFRE PROMO fORMATION DU dR nEBRAS MICROSCOPE ROGIN RM 530PRO Offre promotionelle avec facilit\u00e9s de paiement . PRIX PROMO \/120000 dhs TTC. BESOIN DE LA FICHE TECHNIQUE ? REMPLISSEZ LE FORMULAIRE CI DESSOUS . \u00a0\u00a0 Commandez votre produit Veuillez bien &hellip; <\/p>\n","protected":false},"author":1,"featured_media":0,"parent":0,"menu_order":0,"comment_status":"closed","ping_status":"closed","template":"","meta":{"_bbp_topic_count":0,"_bbp_reply_count":0,"_bbp_total_topic_count":0,"_bbp_total_reply_count":0,"_bbp_voice_count":0,"_bbp_anonymous_reply_count":0,"_bbp_topic_count_hidden":0,"_bbp_reply_count_hidden":0,"_bbp_forum_subforum_count":0,"pmpro_default_level":"","footnotes":""},"class_list":["post-12686","page","type-page","status-publish","hentry","pmpro-has-access"],"yoast_head":"<!-- This site is optimized with the Yoast SEO plugin v22.3 - https:\/\/yoast.com\/wordpress\/plugins\/seo\/ -->\n<title>Produit 2 - BKMED EVENTS<\/title>\n<meta name=\"robots\" content=\"index, follow, max-snippet:-1, max-image-preview:large, max-video-preview:-1\" \/>\n<link rel=\"canonical\" href=\"https:\/\/bkmedevents.com\/fr\/produit-2\/\" \/>\n<meta property=\"og:locale\" content=\"fr_FR\" \/>\n<meta property=\"og:type\" content=\"article\" \/>\n<meta property=\"og:title\" content=\"Produit 2 - BKMED EVENTS\" \/>\n<meta property=\"og:description\" content=\"OFFRE PROMO fORMATION DU dR nEBRAS MICROSCOPE ROGIN RM 530PRO Offre promotionelle avec facilit\u00e9s de paiement . PRIX PROMO \/120000 dhs TTC. BESOIN DE LA FICHE TECHNIQUE ? REMPLISSEZ LE FORMULAIRE CI DESSOUS . \u00a0\u00a0 Commandez votre produit Veuillez bien &hellip;\" \/>\n<meta property=\"og:url\" content=\"https:\/\/bkmedevents.com\/fr\/produit-2\/\" \/>\n<meta property=\"og:site_name\" content=\"BKMED EVENTS\" \/>\n<meta property=\"article:publisher\" content=\"https:\/\/www.facebook.com\/bkmedevents?mibextid=ZbWKwL\" \/>\n<meta property=\"article:modified_time\" content=\"2025-09-29T12:17:45+00:00\" \/>\n<meta property=\"og:image\" content=\"https:\/\/bkmedevents.com\/wp-content\/uploads\/2025\/09\/WhatsApp-Image-2025-09-29-a-12.33.12_3fb93473-223x300.jpg\" \/>\n<meta name=\"twitter:card\" content=\"summary_large_image\" \/>\n<meta name=\"twitter:site\" content=\"@BkmedEvents\" \/>\n<meta name=\"twitter:label1\" content=\"Dur\u00e9e de lecture estim\u00e9e\" \/>\n\t<meta name=\"twitter:data1\" content=\"1 minute\" \/>\n<script type=\"application\/ld+json\" class=\"yoast-schema-graph\">{\"@context\":\"https:\/\/schema.org\",\"@graph\":[{\"@type\":\"WebPage\",\"@id\":\"https:\/\/bkmedevents.com\/produit-2\/\",\"url\":\"https:\/\/bkmedevents.com\/produit-2\/\",\"name\":\"Produit 2 - BKMED EVENTS\",\"isPartOf\":{\"@id\":\"https:\/\/bkmedevents.com\/#website\"},\"primaryImageOfPage\":{\"@id\":\"https:\/\/bkmedevents.com\/produit-2\/#primaryimage\"},\"image\":{\"@id\":\"https:\/\/bkmedevents.com\/produit-2\/#primaryimage\"},\"thumbnailUrl\":\"https:\/\/bkmedevents.com\/wp-content\/uploads\/2025\/09\/WhatsApp-Image-2025-09-29-a-12.33.12_3fb93473-223x300.jpg\",\"datePublished\":\"2023-09-10T12:26:30+00:00\",\"dateModified\":\"2025-09-29T12:17:45+00:00\",\"breadcrumb\":{\"@id\":\"https:\/\/bkmedevents.com\/produit-2\/#breadcrumb\"},\"inLanguage\":\"fr-FR\",\"potentialAction\":[{\"@type\":\"ReadAction\",\"target\":[\"https:\/\/bkmedevents.com\/produit-2\/\"]}]},{\"@type\":\"ImageObject\",\"inLanguage\":\"fr-FR\",\"@id\":\"https:\/\/bkmedevents.com\/produit-2\/#primaryimage\",\"url\":\"https:\/\/bkmedevents.com\/wp-content\/uploads\/2025\/09\/WhatsApp-Image-2025-09-29-a-12.33.12_3fb93473.jpg\",\"contentUrl\":\"https:\/\/bkmedevents.com\/wp-content\/uploads\/2025\/09\/WhatsApp-Image-2025-09-29-a-12.33.12_3fb93473.jpg\",\"width\":952,\"height\":1280},{\"@type\":\"BreadcrumbList\",\"@id\":\"https:\/\/bkmedevents.com\/produit-2\/#breadcrumb\",\"itemListElement\":[{\"@type\":\"ListItem\",\"position\":1,\"name\":\"Accueil\",\"item\":\"https:\/\/bkmedevents.com\/en\/\"},{\"@type\":\"ListItem\",\"position\":2,\"name\":\"Produit 2\"}]},{\"@type\":\"WebSite\",\"@id\":\"https:\/\/bkmedevents.com\/#website\",\"url\":\"https:\/\/bkmedevents.com\/\",\"name\":\"www.bkmedevents.com\",\"description\":\"La Formation Continue Vue AUTREMENT ..\",\"publisher\":{\"@id\":\"https:\/\/bkmedevents.com\/#organization\"},\"potentialAction\":[{\"@type\":\"SearchAction\",\"target\":{\"@type\":\"EntryPoint\",\"urlTemplate\":\"https:\/\/bkmedevents.com\/?s={search_term_string}\"},\"query-input\":\"required name=search_term_string\"}],\"inLanguage\":\"fr-FR\"},{\"@type\":\"Organization\",\"@id\":\"https:\/\/bkmedevents.com\/#organization\",\"name\":\"www.bkmedevents.com\",\"url\":\"https:\/\/bkmedevents.com\/\",\"logo\":{\"@type\":\"ImageObject\",\"inLanguage\":\"fr-FR\",\"@id\":\"https:\/\/bkmedevents.com\/#\/schema\/logo\/image\/\",\"url\":\"https:\/\/bkmedevents.com\/wp-content\/uploads\/2023\/09\/WhatsApp-Image-2023-09-18-a-14.53.20.jpg\",\"contentUrl\":\"https:\/\/bkmedevents.com\/wp-content\/uploads\/2023\/09\/WhatsApp-Image-2023-09-18-a-14.53.20.jpg\",\"width\":493,\"height\":308,\"caption\":\"www.bkmedevents.com\"},\"image\":{\"@id\":\"https:\/\/bkmedevents.com\/#\/schema\/logo\/image\/\"},\"sameAs\":[\"https:\/\/www.facebook.com\/bkmedevents?mibextid=ZbWKwL\",\"https:\/\/twitter.com\/BkmedEvents\",\"https:\/\/instagram.com\/bkmedevents?utm_source=qr&igshid=NGExMmI2YTkyZg\",\"https:\/\/youtube.com\/@bkmedevents2022?si=OHuUHYRdW6_kCi4L\"]}]}<\/script>\n<!-- \/ Yoast SEO plugin. -->","yoast_head_json":{"title":"Produit 2 - BKMED EVENTS","robots":{"index":"index","follow":"follow","max-snippet":"max-snippet:-1","max-image-preview":"max-image-preview:large","max-video-preview":"max-video-preview:-1"},"canonical":"https:\/\/bkmedevents.com\/fr\/produit-2\/","og_locale":"fr_FR","og_type":"article","og_title":"Produit 2 - BKMED EVENTS","og_description":"OFFRE PROMO fORMATION DU dR nEBRAS MICROSCOPE ROGIN RM 530PRO Offre promotionelle avec facilit\u00e9s de paiement . PRIX PROMO \/120000 dhs TTC. BESOIN DE LA FICHE TECHNIQUE ? REMPLISSEZ LE FORMULAIRE CI DESSOUS . \u00a0\u00a0 Commandez votre produit Veuillez bien &hellip;","og_url":"https:\/\/bkmedevents.com\/fr\/produit-2\/","og_site_name":"BKMED EVENTS","article_publisher":"https:\/\/www.facebook.com\/bkmedevents?mibextid=ZbWKwL","article_modified_time":"2025-09-29T12:17:45+00:00","og_image":[{"url":"https:\/\/bkmedevents.com\/wp-content\/uploads\/2025\/09\/WhatsApp-Image-2025-09-29-a-12.33.12_3fb93473-223x300.jpg"}],"twitter_card":"summary_large_image","twitter_site":"@BkmedEvents","twitter_misc":{"Dur\u00e9e de lecture estim\u00e9e":"1 minute"},"schema":{"@context":"https:\/\/schema.org","@graph":[{"@type":"WebPage","@id":"https:\/\/bkmedevents.com\/produit-2\/","url":"https:\/\/bkmedevents.com\/produit-2\/","name":"Produit 2 - BKMED EVENTS","isPartOf":{"@id":"https:\/\/bkmedevents.com\/#website"},"primaryImageOfPage":{"@id":"https:\/\/bkmedevents.com\/produit-2\/#primaryimage"},"image":{"@id":"https:\/\/bkmedevents.com\/produit-2\/#primaryimage"},"thumbnailUrl":"https:\/\/bkmedevents.com\/wp-content\/uploads\/2025\/09\/WhatsApp-Image-2025-09-29-a-12.33.12_3fb93473-223x300.jpg","datePublished":"2023-09-10T12:26:30+00:00","dateModified":"2025-09-29T12:17:45+00:00","breadcrumb":{"@id":"https:\/\/bkmedevents.com\/produit-2\/#breadcrumb"},"inLanguage":"fr-FR","potentialAction":[{"@type":"ReadAction","target":["https:\/\/bkmedevents.com\/produit-2\/"]}]},{"@type":"ImageObject","inLanguage":"fr-FR","@id":"https:\/\/bkmedevents.com\/produit-2\/#primaryimage","url":"https:\/\/bkmedevents.com\/wp-content\/uploads\/2025\/09\/WhatsApp-Image-2025-09-29-a-12.33.12_3fb93473.jpg","contentUrl":"https:\/\/bkmedevents.com\/wp-content\/uploads\/2025\/09\/WhatsApp-Image-2025-09-29-a-12.33.12_3fb93473.jpg","width":952,"height":1280},{"@type":"BreadcrumbList","@id":"https:\/\/bkmedevents.com\/produit-2\/#breadcrumb","itemListElement":[{"@type":"ListItem","position":1,"name":"Accueil","item":"https:\/\/bkmedevents.com\/en\/"},{"@type":"ListItem","position":2,"name":"Produit 2"}]},{"@type":"WebSite","@id":"https:\/\/bkmedevents.com\/#website","url":"https:\/\/bkmedevents.com\/","name":"www.bkmedevents.com","description":"La Formation Continue Vue AUTREMENT ..","publisher":{"@id":"https:\/\/bkmedevents.com\/#organization"},"potentialAction":[{"@type":"SearchAction","target":{"@type":"EntryPoint","urlTemplate":"https:\/\/bkmedevents.com\/?s={search_term_string}"},"query-input":"required name=search_term_string"}],"inLanguage":"fr-FR"},{"@type":"Organization","@id":"https:\/\/bkmedevents.com\/#organization","name":"www.bkmedevents.com","url":"https:\/\/bkmedevents.com\/","logo":{"@type":"ImageObject","inLanguage":"fr-FR","@id":"https:\/\/bkmedevents.com\/#\/schema\/logo\/image\/","url":"https:\/\/bkmedevents.com\/wp-content\/uploads\/2023\/09\/WhatsApp-Image-2023-09-18-a-14.53.20.jpg","contentUrl":"https:\/\/bkmedevents.com\/wp-content\/uploads\/2023\/09\/WhatsApp-Image-2023-09-18-a-14.53.20.jpg","width":493,"height":308,"caption":"www.bkmedevents.com"},"image":{"@id":"https:\/\/bkmedevents.com\/#\/schema\/logo\/image\/"},"sameAs":["https:\/\/www.facebook.com\/bkmedevents?mibextid=ZbWKwL","https:\/\/twitter.com\/BkmedEvents","https:\/\/instagram.com\/bkmedevents?utm_source=qr&igshid=NGExMmI2YTkyZg","https:\/\/youtube.com\/@bkmedevents2022?si=OHuUHYRdW6_kCi4L"]}]}},"_links":{"self":[{"href":"https:\/\/bkmedevents.com\/fr\/wp-json\/wp\/v2\/pages\/12686","targetHints":{"allow":["GET"]}}],"collection":[{"href":"https:\/\/bkmedevents.com\/fr\/wp-json\/wp\/v2\/pages"}],"about":[{"href":"https:\/\/bkmedevents.com\/fr\/wp-json\/wp\/v2\/types\/page"}],"author":[{"embeddable":true,"href":"https:\/\/bkmedevents.com\/fr\/wp-json\/wp\/v2\/users\/1"}],"replies":[{"embeddable":true,"href":"https:\/\/bkmedevents.com\/fr\/wp-json\/wp\/v2\/comments?post=12686"}],"version-history":[{"count":46,"href":"https:\/\/bkmedevents.com\/fr\/wp-json\/wp\/v2\/pages\/12686\/revisions"}],"predecessor-version":[{"id":13904,"href":"https:\/\/bkmedevents.com\/fr\/wp-json\/wp\/v2\/pages\/12686\/revisions\/13904"}],"wp:attachment":[{"href":"https:\/\/bkmedevents.com\/fr\/wp-json\/wp\/v2\/media?parent=12686"}],"curies":[{"name":"wp","href":"https:\/\/api.w.org\/{rel}","templated":true}]}}