{"id":12994,"date":"2023-09-27T13:38:47","date_gmt":"2023-09-27T12:38:47","guid":{"rendered":"https:\/\/bkmedevents.com\/?page_id=12994"},"modified":"2023-09-27T15:07:43","modified_gmt":"2023-09-27T14:07:43","slug":"mustapha-el-alloussi","status":"publish","type":"page","link":"https:\/\/bkmedevents.com\/fr\/mustapha-el-alloussi\/","title":{"rendered":"Mustapha EL ALLOUSSI"},"content":{"rendered":"\t\t<div data-elementor-type=\"wp-page\" data-elementor-id=\"12994\" class=\"elementor elementor-12994\" data-elementor-post-type=\"page\">\n\t\t\t\t\t\t<section class=\"elementor-section elementor-top-section elementor-element elementor-element-bf67814 elementor-section-content-middle elementor-section-boxed elementor-section-height-default elementor-section-height-default\" data-id=\"bf67814\" data-element_type=\"section\" data-settings=\"{&quot;background_background&quot;:&quot;classic&quot;}\">\n\t\t\t\t\t\t<div class=\"elementor-container elementor-column-gap-wide\">\n\t\t\t\t\t<div class=\"elementor-column elementor-col-50 elementor-top-column elementor-element elementor-element-4c007c1\" data-id=\"4c007c1\" data-element_type=\"column\" data-settings=\"{&quot;background_background&quot;:&quot;classic&quot;}\">\n\t\t\t<div class=\"elementor-widget-wrap elementor-element-populated\">\n\t\t\t\t\t\t<div class=\"elementor-element elementor-element-7a297569 elementor-widget elementor-widget-spacer\" data-id=\"7a297569\" data-element_type=\"widget\" data-widget_type=\"spacer.default\">\n\t\t\t\t<div class=\"elementor-widget-container\">\n\t\t\t\t\t\t\t<div class=\"elementor-spacer\">\n\t\t\t<div class=\"elementor-spacer-inner\"><\/div>\n\t\t<\/div>\n\t\t\t\t\t\t<\/div>\n\t\t\t\t<\/div>\n\t\t\t\t\t<\/div>\n\t\t<\/div>\n\t\t\t\t<div class=\"elementor-column elementor-col-50 elementor-top-column elementor-element elementor-element-42ad50ba\" data-id=\"42ad50ba\" data-element_type=\"column\">\n\t\t\t<div class=\"elementor-widget-wrap elementor-element-populated\">\n\t\t\t\t\t\t<div class=\"elementor-element elementor-element-42d0a364 elementor-widget elementor-widget-heading\" data-id=\"42d0a364\" data-element_type=\"widget\" data-widget_type=\"heading.default\">\n\t\t\t\t<div class=\"elementor-widget-container\">\n\t\t\t\t\t<h2 class=\"elementor-heading-title elementor-size-xxl\">Mustaph<i>a El Alloussi<\/i><\/h2>\t\t\t\t<\/div>\n\t\t\t\t<\/div>\n\t\t\t\t<div class=\"elementor-element elementor-element-3f0d0702 elementor-widget-divider--view-line elementor-invisible elementor-widget elementor-widget-divider\" data-id=\"3f0d0702\" data-element_type=\"widget\" data-settings=\"{&quot;_animation&quot;:&quot;fadeInUp&quot;}\" data-widget_type=\"divider.default\">\n\t\t\t\t<div class=\"elementor-widget-container\">\n\t\t\t\t\t\t\t<div class=\"elementor-divider\">\n\t\t\t<span class=\"elementor-divider-separator\">\n\t\t\t\t\t\t<\/span>\n\t\t<\/div>\n\t\t\t\t\t\t<\/div>\n\t\t\t\t<\/div>\n\t\t\t\t<div class=\"elementor-element elementor-element-36aed3f1 elementor-widget__width-initial elementor-widget elementor-widget-text-editor\" data-id=\"36aed3f1\" data-element_type=\"widget\" data-widget_type=\"text-editor.default\">\n\t\t\t\t<div class=\"elementor-widget-container\">\n\t\t\t\t\t\t\t\t\t<ul><li><strong>Ex Professeur d\u2019enseignement sup\u00e9rieure et chef de d\u00e9partement en odontologie p\u00e9diatrique facult\u00e9 de m\u00e9decine dentaire de Rabat<\/strong><\/li><li><strong>Dipl\u00f4me d\u2019universit\u00e9 en orthodontie p\u00e9diatrique<\/strong><\/li><li><strong>Dipl\u00f4me d\u2019universit\u00e9 en odontologie p\u00e9diatrique<\/strong><\/li><li><strong>Attestation de l\u2019\u00e9tude approfondie en stomatologie p\u00e9diatrique<\/strong><\/li><li><strong>Dipl\u00f4me d\u2019universit\u00e9 en urgence bucco-dentaire<\/strong><\/li><li><strong>Dipl\u00f4me d\u2019universit\u00e9 en p\u00e9dagogie m\u00e9dicale<\/strong><\/li><li><strong>Dipl\u00f4me d\u2019universit\u00e9 en biostatistique et en recherche biom\u00e9dicale<\/strong><\/li><li><strong>Attestation approfondie en soins sous s\u00e9dation en protoxyde d&#8217;azote -Strasbourg-<\/strong><\/li><\/ul><ul><li><strong>Certification s\u00e9dation consciente protoxyde d\u2019azote association suisse d\u2019odontologie p\u00e9diatrique 2015<\/strong><\/li><li><strong>Formation s\u00e9dation SYFAC Paris 2013<\/strong><\/li><\/ul><p><strong>\u00a0 <\/strong><\/p><p><span style=\"color: #0000ff;\"><strong>Former Professor and Head of Department of Pediatric\u00a0 \u00a0 \u00a0 Odontology, Faculty of Dentistry, Rabat<\/strong><\/span><br \/><span style=\"color: #0000ff;\"><strong>University diploma in pediatric orthodontics<\/strong><\/span><br \/><span style=\"color: #0000ff;\"><strong>University diploma in pediatric odontology<\/strong><\/span><br \/><span style=\"color: #0000ff;\"><strong>Certificate of advanced study in pediatric stomatology<\/strong><\/span><br \/><span style=\"color: #0000ff;\"><strong>University diploma in oral health emergencies<\/strong><\/span><br \/><span style=\"color: #0000ff;\"><strong>University diploma in medical pedagogy<\/strong><\/span><br \/><span style=\"color: #0000ff;\"><strong>University diploma in biostatistics and biomedical research<\/strong><\/span><br \/><span style=\"color: #0000ff;\"><strong>Attestation approfondie en soins sous s\u00e9dation en protoxyde d&#8217;azote -Strasbourg- (Advanced certificate in nitrous oxide sedation care)<\/strong><\/span><br \/><span style=\"color: #0000ff;\"><strong>Certification in conscious nitrous oxide sedation Swiss Association of Pediatric Dentistry 2015<\/strong><\/span><br \/><span style=\"color: #0000ff;\"><strong>SYFAC sedation training Paris 2013<\/strong><\/span><\/p><p><span style=\"color: #0000ff;\">\u00a0<\/span><\/p>\t\t\t\t\t\t\t\t<\/div>\n\t\t\t\t<\/div>\n\t\t\t\t\t<\/div>\n\t\t<\/div>\n\t\t\t\t\t<\/div>\n\t\t<\/section>\n\t\t\t\t<\/div>\n\t\t","protected":false},"excerpt":{"rendered":"<p>Mustapha El Alloussi Ex Professeur d\u2019enseignement sup\u00e9rieure et chef de d\u00e9partement en odontologie p\u00e9diatrique facult\u00e9 de m\u00e9decine dentaire de Rabat Dipl\u00f4me d\u2019universit\u00e9 en orthodontie p\u00e9diatrique Dipl\u00f4me d\u2019universit\u00e9 en odontologie p\u00e9diatrique Attestation de l\u2019\u00e9tude approfondie en stomatologie p\u00e9diatrique Dipl\u00f4me d\u2019universit\u00e9 en &hellip; <\/p>\n","protected":false},"author":1,"featured_media":0,"parent":0,"menu_order":0,"comment_status":"closed","ping_status":"closed","template":"elementor_theme","meta":{"_bbp_topic_count":0,"_bbp_reply_count":0,"_bbp_total_topic_count":0,"_bbp_total_reply_count":0,"_bbp_voice_count":0,"_bbp_anonymous_reply_count":0,"_bbp_topic_count_hidden":0,"_bbp_reply_count_hidden":0,"_bbp_forum_subforum_count":0,"pmpro_default_level":"","footnotes":""},"class_list":["post-12994","page","type-page","status-publish","hentry","pmpro-has-access"],"yoast_head":"<!-- This site is optimized with the Yoast SEO plugin v22.3 - https:\/\/yoast.com\/wordpress\/plugins\/seo\/ -->\n<title>Mustapha EL ALLOUSSI - BKMED EVENTS<\/title>\n<meta name=\"robots\" content=\"index, follow, max-snippet:-1, max-image-preview:large, max-video-preview:-1\" \/>\n<link rel=\"canonical\" href=\"https:\/\/bkmedevents.com\/fr\/mustapha-el-alloussi\/\" \/>\n<meta property=\"og:locale\" content=\"fr_FR\" \/>\n<meta property=\"og:type\" content=\"article\" \/>\n<meta property=\"og:title\" content=\"Mustapha EL ALLOUSSI - BKMED EVENTS\" \/>\n<meta property=\"og:description\" content=\"Mustapha El Alloussi Ex Professeur d\u2019enseignement sup\u00e9rieure et chef de d\u00e9partement en odontologie p\u00e9diatrique facult\u00e9 de m\u00e9decine dentaire de Rabat Dipl\u00f4me d\u2019universit\u00e9 en orthodontie p\u00e9diatrique Dipl\u00f4me d\u2019universit\u00e9 en odontologie p\u00e9diatrique Attestation de l\u2019\u00e9tude approfondie en stomatologie p\u00e9diatrique Dipl\u00f4me d\u2019universit\u00e9 en &hellip;\" \/>\n<meta property=\"og:url\" content=\"https:\/\/bkmedevents.com\/fr\/mustapha-el-alloussi\/\" \/>\n<meta property=\"og:site_name\" content=\"BKMED EVENTS\" \/>\n<meta property=\"article:publisher\" content=\"https:\/\/www.facebook.com\/bkmedevents?mibextid=ZbWKwL\" \/>\n<meta property=\"article:modified_time\" content=\"2023-09-27T14:07:43+00:00\" \/>\n<meta name=\"twitter:card\" content=\"summary_large_image\" \/>\n<meta name=\"twitter:site\" content=\"@BkmedEvents\" \/>\n<meta name=\"twitter:label1\" content=\"Dur\u00e9e de lecture estim\u00e9e\" \/>\n\t<meta name=\"twitter:data1\" content=\"1 minute\" \/>\n<script type=\"application\/ld+json\" class=\"yoast-schema-graph\">{\"@context\":\"https:\/\/schema.org\",\"@graph\":[{\"@type\":\"WebPage\",\"@id\":\"https:\/\/bkmedevents.com\/mustapha-el-alloussi\/\",\"url\":\"https:\/\/bkmedevents.com\/mustapha-el-alloussi\/\",\"name\":\"Mustapha EL ALLOUSSI - BKMED EVENTS\",\"isPartOf\":{\"@id\":\"https:\/\/bkmedevents.com\/#website\"},\"datePublished\":\"2023-09-27T12:38:47+00:00\",\"dateModified\":\"2023-09-27T14:07:43+00:00\",\"breadcrumb\":{\"@id\":\"https:\/\/bkmedevents.com\/mustapha-el-alloussi\/#breadcrumb\"},\"inLanguage\":\"fr-FR\",\"potentialAction\":[{\"@type\":\"ReadAction\",\"target\":[\"https:\/\/bkmedevents.com\/mustapha-el-alloussi\/\"]}]},{\"@type\":\"BreadcrumbList\",\"@id\":\"https:\/\/bkmedevents.com\/mustapha-el-alloussi\/#breadcrumb\",\"itemListElement\":[{\"@type\":\"ListItem\",\"position\":1,\"name\":\"Accueil\",\"item\":\"https:\/\/bkmedevents.com\/en\/\"},{\"@type\":\"ListItem\",\"position\":2,\"name\":\"Mustapha EL ALLOUSSI\"}]},{\"@type\":\"WebSite\",\"@id\":\"https:\/\/bkmedevents.com\/#website\",\"url\":\"https:\/\/bkmedevents.com\/\",\"name\":\"www.bkmedevents.com\",\"description\":\"La Formation Continue Vue AUTREMENT ..\",\"publisher\":{\"@id\":\"https:\/\/bkmedevents.com\/#organization\"},\"potentialAction\":[{\"@type\":\"SearchAction\",\"target\":{\"@type\":\"EntryPoint\",\"urlTemplate\":\"https:\/\/bkmedevents.com\/?s={search_term_string}\"},\"query-input\":\"required name=search_term_string\"}],\"inLanguage\":\"fr-FR\"},{\"@type\":\"Organization\",\"@id\":\"https:\/\/bkmedevents.com\/#organization\",\"name\":\"www.bkmedevents.com\",\"url\":\"https:\/\/bkmedevents.com\/\",\"logo\":{\"@type\":\"ImageObject\",\"inLanguage\":\"fr-FR\",\"@id\":\"https:\/\/bkmedevents.com\/#\/schema\/logo\/image\/\",\"url\":\"https:\/\/bkmedevents.com\/wp-content\/uploads\/2023\/09\/WhatsApp-Image-2023-09-18-a-14.53.20.jpg\",\"contentUrl\":\"https:\/\/bkmedevents.com\/wp-content\/uploads\/2023\/09\/WhatsApp-Image-2023-09-18-a-14.53.20.jpg\",\"width\":493,\"height\":308,\"caption\":\"www.bkmedevents.com\"},\"image\":{\"@id\":\"https:\/\/bkmedevents.com\/#\/schema\/logo\/image\/\"},\"sameAs\":[\"https:\/\/www.facebook.com\/bkmedevents?mibextid=ZbWKwL\",\"https:\/\/twitter.com\/BkmedEvents\",\"https:\/\/instagram.com\/bkmedevents?utm_source=qr&igshid=NGExMmI2YTkyZg\",\"https:\/\/youtube.com\/@bkmedevents2022?si=OHuUHYRdW6_kCi4L\"]}]}<\/script>\n<!-- \/ Yoast SEO plugin. -->","yoast_head_json":{"title":"Mustapha EL ALLOUSSI - BKMED EVENTS","robots":{"index":"index","follow":"follow","max-snippet":"max-snippet:-1","max-image-preview":"max-image-preview:large","max-video-preview":"max-video-preview:-1"},"canonical":"https:\/\/bkmedevents.com\/fr\/mustapha-el-alloussi\/","og_locale":"fr_FR","og_type":"article","og_title":"Mustapha EL ALLOUSSI - BKMED EVENTS","og_description":"Mustapha El Alloussi Ex Professeur d\u2019enseignement sup\u00e9rieure et chef de d\u00e9partement en odontologie p\u00e9diatrique facult\u00e9 de m\u00e9decine dentaire de Rabat Dipl\u00f4me d\u2019universit\u00e9 en orthodontie p\u00e9diatrique Dipl\u00f4me d\u2019universit\u00e9 en odontologie p\u00e9diatrique Attestation de l\u2019\u00e9tude approfondie en stomatologie p\u00e9diatrique Dipl\u00f4me d\u2019universit\u00e9 en &hellip;","og_url":"https:\/\/bkmedevents.com\/fr\/mustapha-el-alloussi\/","og_site_name":"BKMED EVENTS","article_publisher":"https:\/\/www.facebook.com\/bkmedevents?mibextid=ZbWKwL","article_modified_time":"2023-09-27T14:07:43+00:00","twitter_card":"summary_large_image","twitter_site":"@BkmedEvents","twitter_misc":{"Dur\u00e9e de lecture estim\u00e9e":"1 minute"},"schema":{"@context":"https:\/\/schema.org","@graph":[{"@type":"WebPage","@id":"https:\/\/bkmedevents.com\/mustapha-el-alloussi\/","url":"https:\/\/bkmedevents.com\/mustapha-el-alloussi\/","name":"Mustapha EL ALLOUSSI - BKMED EVENTS","isPartOf":{"@id":"https:\/\/bkmedevents.com\/#website"},"datePublished":"2023-09-27T12:38:47+00:00","dateModified":"2023-09-27T14:07:43+00:00","breadcrumb":{"@id":"https:\/\/bkmedevents.com\/mustapha-el-alloussi\/#breadcrumb"},"inLanguage":"fr-FR","potentialAction":[{"@type":"ReadAction","target":["https:\/\/bkmedevents.com\/mustapha-el-alloussi\/"]}]},{"@type":"BreadcrumbList","@id":"https:\/\/bkmedevents.com\/mustapha-el-alloussi\/#breadcrumb","itemListElement":[{"@type":"ListItem","position":1,"name":"Accueil","item":"https:\/\/bkmedevents.com\/en\/"},{"@type":"ListItem","position":2,"name":"Mustapha EL ALLOUSSI"}]},{"@type":"WebSite","@id":"https:\/\/bkmedevents.com\/#website","url":"https:\/\/bkmedevents.com\/","name":"www.bkmedevents.com","description":"La Formation Continue Vue AUTREMENT ..","publisher":{"@id":"https:\/\/bkmedevents.com\/#organization"},"potentialAction":[{"@type":"SearchAction","target":{"@type":"EntryPoint","urlTemplate":"https:\/\/bkmedevents.com\/?s={search_term_string}"},"query-input":"required name=search_term_string"}],"inLanguage":"fr-FR"},{"@type":"Organization","@id":"https:\/\/bkmedevents.com\/#organization","name":"www.bkmedevents.com","url":"https:\/\/bkmedevents.com\/","logo":{"@type":"ImageObject","inLanguage":"fr-FR","@id":"https:\/\/bkmedevents.com\/#\/schema\/logo\/image\/","url":"https:\/\/bkmedevents.com\/wp-content\/uploads\/2023\/09\/WhatsApp-Image-2023-09-18-a-14.53.20.jpg","contentUrl":"https:\/\/bkmedevents.com\/wp-content\/uploads\/2023\/09\/WhatsApp-Image-2023-09-18-a-14.53.20.jpg","width":493,"height":308,"caption":"www.bkmedevents.com"},"image":{"@id":"https:\/\/bkmedevents.com\/#\/schema\/logo\/image\/"},"sameAs":["https:\/\/www.facebook.com\/bkmedevents?mibextid=ZbWKwL","https:\/\/twitter.com\/BkmedEvents","https:\/\/instagram.com\/bkmedevents?utm_source=qr&igshid=NGExMmI2YTkyZg","https:\/\/youtube.com\/@bkmedevents2022?si=OHuUHYRdW6_kCi4L"]}]}},"_links":{"self":[{"href":"https:\/\/bkmedevents.com\/fr\/wp-json\/wp\/v2\/pages\/12994","targetHints":{"allow":["GET"]}}],"collection":[{"href":"https:\/\/bkmedevents.com\/fr\/wp-json\/wp\/v2\/pages"}],"about":[{"href":"https:\/\/bkmedevents.com\/fr\/wp-json\/wp\/v2\/types\/page"}],"author":[{"embeddable":true,"href":"https:\/\/bkmedevents.com\/fr\/wp-json\/wp\/v2\/users\/1"}],"replies":[{"embeddable":true,"href":"https:\/\/bkmedevents.com\/fr\/wp-json\/wp\/v2\/comments?post=12994"}],"version-history":[{"count":16,"href":"https:\/\/bkmedevents.com\/fr\/wp-json\/wp\/v2\/pages\/12994\/revisions"}],"predecessor-version":[{"id":13033,"href":"https:\/\/bkmedevents.com\/fr\/wp-json\/wp\/v2\/pages\/12994\/revisions\/13033"}],"wp:attachment":[{"href":"https:\/\/bkmedevents.com\/fr\/wp-json\/wp\/v2\/media?parent=12994"}],"curies":[{"name":"wp","href":"https:\/\/api.w.org\/{rel}","templated":true}]}}