{"id":9270,"date":"2022-06-21T12:03:17","date_gmt":"2022-06-21T12:03:17","guid":{"rendered":"https:\/\/bkmedevents.com\/?page_id=9270"},"modified":"2022-07-29T08:23:38","modified_gmt":"2022-07-29T08:23:38","slug":"comment-ca-fonctionne","status":"publish","type":"page","link":"https:\/\/bkmedevents.com\/fr\/comment-ca-fonctionne\/","title":{"rendered":"Comment \u00c7a Fonctionne"},"content":{"rendered":"\n<p>Lorsqu&#8217;un professionnel de la sant\u00e9 ou un \u00e9tudiant cherche sur notre plateforme \u00e0 acqu\u00e9rir ou \u00e0 am\u00e9liorer ses comp\u00e9tences, BKMED EVENTS lui indique les prestataires qui lui fournissent\u00a0 le contenu qu&#8217;il recherche.<\/p>\n\n\n\n<p>Les professionnels de la sant\u00e9 peuvent effectuer des recherches parmi diff\u00e9rentes cat\u00e9gories et diff\u00e9rents types (cours en ligne, cours en classe, ateliers, webinaires, congr\u00e8s, diffusion en direct, conf\u00e9rences, symposiums), dates, lieux, institutions, intervenants, etc.<\/p>\n\n\n\n<p>Les r\u00e9sultats de la recherche contiendront toutes les informations sur le prestataire de cours.<\/p>\n","protected":false},"excerpt":{"rendered":"<p>Lorsqu&#8217;un professionnel de la sant\u00e9 ou un \u00e9tudiant cherche sur notre plateforme \u00e0 acqu\u00e9rir ou \u00e0 am\u00e9liorer ses comp\u00e9tences, BKMED EVENTS lui indique les prestataires qui lui fournissent\u00a0 le contenu qu&#8217;il recherche. Les professionnels de la sant\u00e9 peuvent effectuer des &hellip; <\/p>\n","protected":false},"author":1,"featured_media":0,"parent":0,"menu_order":0,"comment_status":"closed","ping_status":"closed","template":"","meta":{"_bbp_topic_count":0,"_bbp_reply_count":0,"_bbp_total_topic_count":0,"_bbp_total_reply_count":0,"_bbp_voice_count":0,"_bbp_anonymous_reply_count":0,"_bbp_topic_count_hidden":0,"_bbp_reply_count_hidden":0,"_bbp_forum_subforum_count":0,"pmpro_default_level":"","footnotes":""},"class_list":["post-9270","page","type-page","status-publish","hentry","pmpro-has-access"],"yoast_head":"<!-- This site is optimized with the Yoast SEO plugin v22.3 - https:\/\/yoast.com\/wordpress\/plugins\/seo\/ -->\n<title>Comment \u00c7a Fonctionne - BKMED EVENTS<\/title>\n<meta name=\"robots\" content=\"index, follow, max-snippet:-1, max-image-preview:large, max-video-preview:-1\" \/>\n<link rel=\"canonical\" href=\"https:\/\/bkmedevents.com\/fr\/comment-ca-fonctionne\/\" \/>\n<meta property=\"og:locale\" content=\"fr_FR\" \/>\n<meta property=\"og:type\" content=\"article\" \/>\n<meta property=\"og:title\" content=\"Comment \u00c7a Fonctionne - BKMED EVENTS\" \/>\n<meta property=\"og:description\" content=\"Lorsqu&#8217;un professionnel de la sant\u00e9 ou un \u00e9tudiant cherche sur notre plateforme \u00e0 acqu\u00e9rir ou \u00e0 am\u00e9liorer ses comp\u00e9tences, BKMED EVENTS lui indique les prestataires qui lui fournissent\u00a0 le contenu qu&#8217;il recherche. Les professionnels de la sant\u00e9 peuvent effectuer des &hellip;\" \/>\n<meta property=\"og:url\" content=\"https:\/\/bkmedevents.com\/fr\/comment-ca-fonctionne\/\" \/>\n<meta property=\"og:site_name\" content=\"BKMED EVENTS\" \/>\n<meta property=\"article:publisher\" content=\"https:\/\/www.facebook.com\/bkmedevents?mibextid=ZbWKwL\" \/>\n<meta property=\"article:modified_time\" content=\"2022-07-29T08:23:38+00:00\" \/>\n<meta name=\"twitter:card\" content=\"summary_large_image\" \/>\n<meta name=\"twitter:site\" content=\"@BkmedEvents\" \/>\n<script type=\"application\/ld+json\" class=\"yoast-schema-graph\">{\"@context\":\"https:\/\/schema.org\",\"@graph\":[{\"@type\":\"WebPage\",\"@id\":\"https:\/\/bkmedevents.com\/comment-ca-fonctionne\/\",\"url\":\"https:\/\/bkmedevents.com\/comment-ca-fonctionne\/\",\"name\":\"Comment \u00c7a Fonctionne - BKMED EVENTS\",\"isPartOf\":{\"@id\":\"https:\/\/bkmedevents.com\/#website\"},\"datePublished\":\"2022-06-21T12:03:17+00:00\",\"dateModified\":\"2022-07-29T08:23:38+00:00\",\"breadcrumb\":{\"@id\":\"https:\/\/bkmedevents.com\/comment-ca-fonctionne\/#breadcrumb\"},\"inLanguage\":\"fr-FR\",\"potentialAction\":[{\"@type\":\"ReadAction\",\"target\":[\"https:\/\/bkmedevents.com\/comment-ca-fonctionne\/\"]}]},{\"@type\":\"BreadcrumbList\",\"@id\":\"https:\/\/bkmedevents.com\/comment-ca-fonctionne\/#breadcrumb\",\"itemListElement\":[{\"@type\":\"ListItem\",\"position\":1,\"name\":\"Accueil\",\"item\":\"https:\/\/bkmedevents.com\/en\/\"},{\"@type\":\"ListItem\",\"position\":2,\"name\":\"Comment \u00c7a Fonctionne\"}]},{\"@type\":\"WebSite\",\"@id\":\"https:\/\/bkmedevents.com\/#website\",\"url\":\"https:\/\/bkmedevents.com\/\",\"name\":\"www.bkmedevents.com\",\"description\":\"La Formation Continue Vue AUTREMENT ..\",\"publisher\":{\"@id\":\"https:\/\/bkmedevents.com\/#organization\"},\"potentialAction\":[{\"@type\":\"SearchAction\",\"target\":{\"@type\":\"EntryPoint\",\"urlTemplate\":\"https:\/\/bkmedevents.com\/?s={search_term_string}\"},\"query-input\":\"required name=search_term_string\"}],\"inLanguage\":\"fr-FR\"},{\"@type\":\"Organization\",\"@id\":\"https:\/\/bkmedevents.com\/#organization\",\"name\":\"www.bkmedevents.com\",\"url\":\"https:\/\/bkmedevents.com\/\",\"logo\":{\"@type\":\"ImageObject\",\"inLanguage\":\"fr-FR\",\"@id\":\"https:\/\/bkmedevents.com\/#\/schema\/logo\/image\/\",\"url\":\"https:\/\/bkmedevents.com\/wp-content\/uploads\/2023\/09\/WhatsApp-Image-2023-09-18-a-14.53.20.jpg\",\"contentUrl\":\"https:\/\/bkmedevents.com\/wp-content\/uploads\/2023\/09\/WhatsApp-Image-2023-09-18-a-14.53.20.jpg\",\"width\":493,\"height\":308,\"caption\":\"www.bkmedevents.com\"},\"image\":{\"@id\":\"https:\/\/bkmedevents.com\/#\/schema\/logo\/image\/\"},\"sameAs\":[\"https:\/\/www.facebook.com\/bkmedevents?mibextid=ZbWKwL\",\"https:\/\/twitter.com\/BkmedEvents\",\"https:\/\/instagram.com\/bkmedevents?utm_source=qr&igshid=NGExMmI2YTkyZg\",\"https:\/\/youtube.com\/@bkmedevents2022?si=OHuUHYRdW6_kCi4L\"]}]}<\/script>\n<!-- \/ Yoast SEO plugin. -->","yoast_head_json":{"title":"Comment \u00c7a Fonctionne - BKMED EVENTS","robots":{"index":"index","follow":"follow","max-snippet":"max-snippet:-1","max-image-preview":"max-image-preview:large","max-video-preview":"max-video-preview:-1"},"canonical":"https:\/\/bkmedevents.com\/fr\/comment-ca-fonctionne\/","og_locale":"fr_FR","og_type":"article","og_title":"Comment \u00c7a Fonctionne - BKMED EVENTS","og_description":"Lorsqu&#8217;un professionnel de la sant\u00e9 ou un \u00e9tudiant cherche sur notre plateforme \u00e0 acqu\u00e9rir ou \u00e0 am\u00e9liorer ses comp\u00e9tences, BKMED EVENTS lui indique les prestataires qui lui fournissent\u00a0 le contenu qu&#8217;il recherche. Les professionnels de la sant\u00e9 peuvent effectuer des &hellip;","og_url":"https:\/\/bkmedevents.com\/fr\/comment-ca-fonctionne\/","og_site_name":"BKMED EVENTS","article_publisher":"https:\/\/www.facebook.com\/bkmedevents?mibextid=ZbWKwL","article_modified_time":"2022-07-29T08:23:38+00:00","twitter_card":"summary_large_image","twitter_site":"@BkmedEvents","schema":{"@context":"https:\/\/schema.org","@graph":[{"@type":"WebPage","@id":"https:\/\/bkmedevents.com\/comment-ca-fonctionne\/","url":"https:\/\/bkmedevents.com\/comment-ca-fonctionne\/","name":"Comment \u00c7a Fonctionne - BKMED EVENTS","isPartOf":{"@id":"https:\/\/bkmedevents.com\/#website"},"datePublished":"2022-06-21T12:03:17+00:00","dateModified":"2022-07-29T08:23:38+00:00","breadcrumb":{"@id":"https:\/\/bkmedevents.com\/comment-ca-fonctionne\/#breadcrumb"},"inLanguage":"fr-FR","potentialAction":[{"@type":"ReadAction","target":["https:\/\/bkmedevents.com\/comment-ca-fonctionne\/"]}]},{"@type":"BreadcrumbList","@id":"https:\/\/bkmedevents.com\/comment-ca-fonctionne\/#breadcrumb","itemListElement":[{"@type":"ListItem","position":1,"name":"Accueil","item":"https:\/\/bkmedevents.com\/en\/"},{"@type":"ListItem","position":2,"name":"Comment \u00c7a Fonctionne"}]},{"@type":"WebSite","@id":"https:\/\/bkmedevents.com\/#website","url":"https:\/\/bkmedevents.com\/","name":"www.bkmedevents.com","description":"La Formation Continue Vue AUTREMENT ..","publisher":{"@id":"https:\/\/bkmedevents.com\/#organization"},"potentialAction":[{"@type":"SearchAction","target":{"@type":"EntryPoint","urlTemplate":"https:\/\/bkmedevents.com\/?s={search_term_string}"},"query-input":"required name=search_term_string"}],"inLanguage":"fr-FR"},{"@type":"Organization","@id":"https:\/\/bkmedevents.com\/#organization","name":"www.bkmedevents.com","url":"https:\/\/bkmedevents.com\/","logo":{"@type":"ImageObject","inLanguage":"fr-FR","@id":"https:\/\/bkmedevents.com\/#\/schema\/logo\/image\/","url":"https:\/\/bkmedevents.com\/wp-content\/uploads\/2023\/09\/WhatsApp-Image-2023-09-18-a-14.53.20.jpg","contentUrl":"https:\/\/bkmedevents.com\/wp-content\/uploads\/2023\/09\/WhatsApp-Image-2023-09-18-a-14.53.20.jpg","width":493,"height":308,"caption":"www.bkmedevents.com"},"image":{"@id":"https:\/\/bkmedevents.com\/#\/schema\/logo\/image\/"},"sameAs":["https:\/\/www.facebook.com\/bkmedevents?mibextid=ZbWKwL","https:\/\/twitter.com\/BkmedEvents","https:\/\/instagram.com\/bkmedevents?utm_source=qr&igshid=NGExMmI2YTkyZg","https:\/\/youtube.com\/@bkmedevents2022?si=OHuUHYRdW6_kCi4L"]}]}},"_links":{"self":[{"href":"https:\/\/bkmedevents.com\/fr\/wp-json\/wp\/v2\/pages\/9270","targetHints":{"allow":["GET"]}}],"collection":[{"href":"https:\/\/bkmedevents.com\/fr\/wp-json\/wp\/v2\/pages"}],"about":[{"href":"https:\/\/bkmedevents.com\/fr\/wp-json\/wp\/v2\/types\/page"}],"author":[{"embeddable":true,"href":"https:\/\/bkmedevents.com\/fr\/wp-json\/wp\/v2\/users\/1"}],"replies":[{"embeddable":true,"href":"https:\/\/bkmedevents.com\/fr\/wp-json\/wp\/v2\/comments?post=9270"}],"version-history":[{"count":5,"href":"https:\/\/bkmedevents.com\/fr\/wp-json\/wp\/v2\/pages\/9270\/revisions"}],"predecessor-version":[{"id":11280,"href":"https:\/\/bkmedevents.com\/fr\/wp-json\/wp\/v2\/pages\/9270\/revisions\/11280"}],"wp:attachment":[{"href":"https:\/\/bkmedevents.com\/fr\/wp-json\/wp\/v2\/media?parent=9270"}],"curies":[{"name":"wp","href":"https:\/\/api.w.org\/{rel}","templated":true}]}}