{"id":9427,"date":"2022-06-24T07:26:57","date_gmt":"2022-06-24T07:26:57","guid":{"rendered":"https:\/\/bkmedevents.com\/?page_id=9427"},"modified":"2022-08-01T18:06:18","modified_gmt":"2022-08-01T18:06:18","slug":"sinscrire-comme-prestataire","status":"publish","type":"page","link":"https:\/\/bkmedevents.com\/fr\/sinscrire-comme-prestataire\/","title":{"rendered":"S&#8217;inscrire Comme Prestataire"},"content":{"rendered":"\t\t<div data-elementor-type=\"wp-page\" data-elementor-id=\"9427\" class=\"elementor elementor-9427\" data-elementor-post-type=\"page\">\n\t\t\t\t\t\t<section class=\"elementor-section elementor-top-section elementor-element elementor-element-f156905 elementor-section-boxed elementor-section-height-default elementor-section-height-default\" data-id=\"f156905\" data-element_type=\"section\">\n\t\t\t\t\t\t<div class=\"elementor-container elementor-column-gap-default\">\n\t\t\t\t\t<div class=\"elementor-column elementor-col-100 elementor-top-column elementor-element elementor-element-9a415a0\" data-id=\"9a415a0\" data-element_type=\"column\">\n\t\t\t<div class=\"elementor-widget-wrap elementor-element-populated\">\n\t\t\t\t\t\t<section class=\"elementor-section elementor-inner-section elementor-element elementor-element-78bbce32 elementor-section-boxed elementor-section-height-default elementor-section-height-default\" data-id=\"78bbce32\" data-element_type=\"section\">\n\t\t\t\t\t\t<div class=\"elementor-container elementor-column-gap-default\">\n\t\t\t\t\t<div class=\"elementor-column elementor-col-100 elementor-inner-column elementor-element elementor-element-107ce8fe\" data-id=\"107ce8fe\" data-element_type=\"column\">\n\t\t\t<div class=\"elementor-widget-wrap elementor-element-populated\">\n\t\t\t\t\t\t<div class=\"elementor-element elementor-element-6f677f7d elementor-widget elementor-widget-heading\" data-id=\"6f677f7d\" data-element_type=\"widget\" data-widget_type=\"heading.default\">\n\t\t\t\t<div class=\"elementor-widget-container\">\n\t\t\t\t\t<h2 class=\"elementor-heading-title elementor-size-default\">Inscription Des Prestataires<\/h2>\t\t\t\t<\/div>\n\t\t\t\t<\/div>\n\t\t\t\t<div class=\"elementor-element elementor-element-14cebc43 elementor-widget elementor-widget-text-editor\" data-id=\"14cebc43\" data-element_type=\"widget\" data-widget_type=\"text-editor.default\">\n\t\t\t\t<div class=\"elementor-widget-container\">\n\t\t\t\t\t\t\t\t\t<p>Merci de votre int\u00e9r\u00eat \u00e0 nous rejoindre. Veuillez s&#8217;il vous plait remplir ce formulaire.<\/p>\t\t\t\t\t\t\t\t<\/div>\n\t\t\t\t<\/div>\n\t\t\t\t<div class=\"elementor-element elementor-element-2f23d852 elementor-widget-divider--view-line elementor-widget elementor-widget-divider\" data-id=\"2f23d852\" data-element_type=\"widget\" data-widget_type=\"divider.default\">\n\t\t\t\t<div class=\"elementor-widget-container\">\n\t\t\t\t\t\t\t<div class=\"elementor-divider\">\n\t\t\t<span class=\"elementor-divider-separator\">\n\t\t\t\t\t\t<\/span>\n\t\t<\/div>\n\t\t\t\t\t\t<\/div>\n\t\t\t\t<\/div>\n\t\t\t\t\t<\/div>\n\t\t<\/div>\n\t\t\t\t\t<\/div>\n\t\t<\/section>\n\t\t\t\t\t<\/div>\n\t\t<\/div>\n\t\t\t\t\t<\/div>\n\t\t<\/section>\n\t\t\t\t<section class=\"elementor-section elementor-top-section elementor-element elementor-element-abf61d1 elementor-section-boxed elementor-section-height-default elementor-section-height-default\" data-id=\"abf61d1\" data-element_type=\"section\">\n\t\t\t\t\t\t<div class=\"elementor-container elementor-column-gap-default\">\n\t\t\t\t\t<div class=\"elementor-column elementor-col-100 elementor-top-column elementor-element elementor-element-9b8fbd2\" data-id=\"9b8fbd2\" data-element_type=\"column\">\n\t\t\t<div class=\"elementor-widget-wrap elementor-element-populated\">\n\t\t\t\t\t\t<div class=\"elementor-element elementor-element-23e71a7 elementor-button-align-stretch elementor-widget elementor-widget-form\" data-id=\"23e71a7\" data-element_type=\"widget\" data-settings=\"{&quot;button_width&quot;:&quot;100&quot;,&quot;step_type&quot;:&quot;number_text&quot;,&quot;step_icon_shape&quot;:&quot;circle&quot;}\" data-widget_type=\"form.default\">\n\t\t\t\t<div class=\"elementor-widget-container\">\n\t\t\t\t\t\t\t<form class=\"elementor-form\" method=\"post\" name=\"Prestataires\">\n\t\t\t<input type=\"hidden\" name=\"post_id\" value=\"9427\"\/>\n\t\t\t<input type=\"hidden\" name=\"form_id\" value=\"23e71a7\"\/>\n\t\t\t<input type=\"hidden\" name=\"referer_title\" value=\"BKMED EVENTS\" \/>\n\n\t\t\t\n\t\t\t<div class=\"elementor-form-fields-wrapper elementor-labels-above\">\n\t\t\t\t\t\t\t\t<div class=\"elementor-field-type-text elementor-field-group elementor-column elementor-field-group-name elementor-col-50 elementor-field-required elementor-mark-required\">\n\t\t\t\t\t\t\t\t\t\t\t\t<label for=\"form-field-name\" class=\"elementor-field-label\">\n\t\t\t\t\t\t\t\tVotre Pr\u00e9nom :\t\t\t\t\t\t\t<\/label>\n\t\t\t\t\t\t\t\t\t\t\t\t\t\t<input size=\"1\" type=\"text\" name=\"form_fields[name]\" id=\"form-field-name\" class=\"elementor-field elementor-size-sm  elementor-field-textual\" placeholder=\"Pr\u00e9nom\" required=\"required\" aria-required=\"true\">\n\t\t\t\t\t\t\t\t\t\t\t<\/div>\n\t\t\t\t\t\t\t\t<div class=\"elementor-field-type-text elementor-field-group elementor-column elementor-field-group-field_c70596e elementor-col-50 elementor-field-required elementor-mark-required\">\n\t\t\t\t\t\t\t\t\t\t\t\t<label for=\"form-field-field_c70596e\" class=\"elementor-field-label\">\n\t\t\t\t\t\t\t\tVotre Nom :\t\t\t\t\t\t\t<\/label>\n\t\t\t\t\t\t\t\t\t\t\t\t\t\t<input size=\"1\" type=\"text\" name=\"form_fields[field_c70596e]\" id=\"form-field-field_c70596e\" class=\"elementor-field elementor-size-sm  elementor-field-textual\" placeholder=\"Nom\" required=\"required\" aria-required=\"true\">\n\t\t\t\t\t\t\t\t\t\t\t<\/div>\n\t\t\t\t\t\t\t\t<div class=\"elementor-field-type-email elementor-field-group elementor-column elementor-field-group-email elementor-col-50 elementor-field-required elementor-mark-required\">\n\t\t\t\t\t\t\t\t\t\t\t\t<label for=\"form-field-email\" class=\"elementor-field-label\">\n\t\t\t\t\t\t\t\tVotre Adresse E-mail\t\t\t\t\t\t\t<\/label>\n\t\t\t\t\t\t\t\t\t\t\t\t\t\t<input size=\"1\" type=\"email\" name=\"form_fields[email]\" id=\"form-field-email\" class=\"elementor-field elementor-size-sm  elementor-field-textual\" placeholder=\"Adresse E-mail\" required=\"required\" aria-required=\"true\">\n\t\t\t\t\t\t\t\t\t\t\t<\/div>\n\t\t\t\t\t\t\t\t<div class=\"elementor-field-type-text elementor-field-group elementor-column elementor-field-group-field_13cd865 elementor-col-50 elementor-field-required elementor-mark-required\">\n\t\t\t\t\t\t\t\t\t\t\t\t<label for=\"form-field-field_13cd865\" class=\"elementor-field-label\">\n\t\t\t\t\t\t\t\tVotre Soci\u00e9t\u00e9 :\t\t\t\t\t\t\t<\/label>\n\t\t\t\t\t\t\t\t\t\t\t\t\t\t<input size=\"1\" type=\"text\" name=\"form_fields[field_13cd865]\" id=\"form-field-field_13cd865\" class=\"elementor-field elementor-size-sm  elementor-field-textual\" placeholder=\"Soci\u00e9t\u00e9\" required=\"required\" aria-required=\"true\">\n\t\t\t\t\t\t\t\t\t\t\t<\/div>\n\t\t\t\t\t\t\t\t<div class=\"elementor-field-type-number elementor-field-group elementor-column elementor-field-group-field_1d3c943 elementor-col-50 elementor-field-required elementor-mark-required\">\n\t\t\t\t\t\t\t\t\t\t\t\t<label for=\"form-field-field_1d3c943\" class=\"elementor-field-label\">\n\t\t\t\t\t\t\t\tVotre Num\u00e9ro De T\u00e9l\u00e9phone :\t\t\t\t\t\t\t<\/label>\n\t\t\t\t\t\t\t\t\t<input type=\"number\" name=\"form_fields[field_1d3c943]\" id=\"form-field-field_1d3c943\" class=\"elementor-field elementor-size-sm  elementor-field-textual\" placeholder=\"+212(0)661968515\" required=\"required\" aria-required=\"true\" min=\"\" max=\"\" >\n\t\t\t\t\t\t<\/div>\n\t\t\t\t\t\t\t\t<div class=\"elementor-field-type-text elementor-field-group elementor-column elementor-field-group-field_d0a8bc1 elementor-col-50 elementor-field-required elementor-mark-required\">\n\t\t\t\t\t\t\t\t\t\t\t\t<label for=\"form-field-field_d0a8bc1\" class=\"elementor-field-label\">\n\t\t\t\t\t\t\t\tVotre Pays :\t\t\t\t\t\t\t<\/label>\n\t\t\t\t\t\t\t\t\t\t\t\t\t\t<input size=\"1\" type=\"text\" name=\"form_fields[field_d0a8bc1]\" id=\"form-field-field_d0a8bc1\" class=\"elementor-field elementor-size-sm  elementor-field-textual\" placeholder=\"Pays\" required=\"required\" aria-required=\"true\">\n\t\t\t\t\t\t\t\t\t\t\t<\/div>\n\t\t\t\t\t\t\t\t<div class=\"elementor-field-type-textarea elementor-field-group elementor-column elementor-field-group-message elementor-col-50 elementor-field-required elementor-mark-required\">\n\t\t\t\t\t\t\t\t\t\t\t\t<label for=\"form-field-message\" class=\"elementor-field-label\">\n\t\t\t\t\t\t\t\tDescription de la soci\u00e9t\u00e9  en Fran\u00e7ais  : \t\t\t\t\t\t\t<\/label>\n\t\t\t\t\t\t<textarea class=\"elementor-field-textual elementor-field  elementor-size-sm\" name=\"form_fields[message]\" id=\"form-field-message\" rows=\"4\" placeholder=\"D\u00e9crire ici votre activit\u00e9 en fran\u00e7ais...\" required=\"required\" aria-required=\"true\"><\/textarea>\t\t\t\t<\/div>\n\t\t\t\t\t\t\t\t<div class=\"elementor-field-type-textarea elementor-field-group elementor-column elementor-field-group-field_7b1ceb2 elementor-col-50 elementor-field-required elementor-mark-required\">\n\t\t\t\t\t\t\t\t\t\t\t\t<label for=\"form-field-field_7b1ceb2\" class=\"elementor-field-label\">\n\t\t\t\t\t\t\t\tDescription de la soci\u00e9t\u00e9  en Anglais : \t\t\t\t\t\t\t<\/label>\n\t\t\t\t\t\t<textarea class=\"elementor-field-textual elementor-field  elementor-size-sm\" name=\"form_fields[field_7b1ceb2]\" id=\"form-field-field_7b1ceb2\" rows=\"4\" placeholder=\"D\u00e9crire ici votre activit\u00e9 en anglais...\" required=\"required\" aria-required=\"true\"><\/textarea>\t\t\t\t<\/div>\n\t\t\t\t\t\t\t\t<div class=\"elementor-field-type-upload elementor-field-group elementor-column elementor-field-group-field_6f083cf elementor-col-100 elementor-field-required elementor-mark-required\">\n\t\t\t\t\t\t\t\t\t\t\t\t<label for=\"form-field-field_6f083cf\" class=\"elementor-field-label\">\n\t\t\t\t\t\t\t\tVotre Logo :\t\t\t\t\t\t\t<\/label>\n\t\t\t\t\t\t\t\t<input type=\"file\" name=\"form_fields[field_6f083cf]\" id=\"form-field-field_6f083cf\" class=\"elementor-field elementor-size-sm  elementor-upload-field\" required=\"required\" aria-required=\"true\" data-maxsize=\"5\" data-maxsize-message=\"This file exceeds the maximum allowed size.\">\n\n\t\t\t\t\t\t<\/div>\n\t\t\t\t\t\t\t\t<div class=\"elementor-field-group elementor-column elementor-field-type-submit elementor-col-100 e-form__buttons\">\n\t\t\t\t\t<button class=\"elementor-button elementor-size-md\" type=\"submit\">\n\t\t\t\t\t\t<span class=\"elementor-button-content-wrapper\">\n\t\t\t\t\t\t\t\t\t\t\t\t\t\t\t\t\t\t\t\t\t\t<span class=\"elementor-button-text\">Envoyer<\/span>\n\t\t\t\t\t\t\t\t\t\t\t\t\t<\/span>\n\t\t\t\t\t<\/button>\n\t\t\t\t<\/div>\n\t\t\t<\/div>\n\t\t<\/form>\n\t\t\t\t\t\t<\/div>\n\t\t\t\t<\/div>\n\t\t\t\t\t<\/div>\n\t\t<\/div>\n\t\t\t\t\t<\/div>\n\t\t<\/section>\n\t\t\t\t<\/div>\n\t\t","protected":false},"excerpt":{"rendered":"<p>Inscription Des Prestataires Merci de votre int\u00e9r\u00eat \u00e0 nous rejoindre. Veuillez s&#8217;il vous plait remplir ce formulaire.<\/p>\n","protected":false},"author":1,"featured_media":0,"parent":0,"menu_order":0,"comment_status":"closed","ping_status":"closed","template":"elementor_theme","meta":{"_bbp_topic_count":0,"_bbp_reply_count":0,"_bbp_total_topic_count":0,"_bbp_total_reply_count":0,"_bbp_voice_count":0,"_bbp_anonymous_reply_count":0,"_bbp_topic_count_hidden":0,"_bbp_reply_count_hidden":0,"_bbp_forum_subforum_count":0,"pmpro_default_level":"","footnotes":""},"class_list":["post-9427","page","type-page","status-publish","hentry","pmpro-has-access"],"yoast_head":"<!-- This site is optimized with the Yoast SEO plugin v22.3 - https:\/\/yoast.com\/wordpress\/plugins\/seo\/ -->\n<title>S&#039;inscrire Comme Prestataire - BKMED EVENTS<\/title>\n<meta name=\"robots\" content=\"index, follow, max-snippet:-1, max-image-preview:large, max-video-preview:-1\" \/>\n<link rel=\"canonical\" href=\"https:\/\/bkmedevents.com\/fr\/sinscrire-comme-prestataire\/\" \/>\n<meta property=\"og:locale\" content=\"fr_FR\" \/>\n<meta property=\"og:type\" content=\"article\" \/>\n<meta property=\"og:title\" content=\"S&#039;inscrire Comme Prestataire - BKMED EVENTS\" \/>\n<meta property=\"og:description\" content=\"Inscription Des Prestataires Merci de votre int\u00e9r\u00eat \u00e0 nous rejoindre. Veuillez s&#8217;il vous plait remplir ce formulaire.\" \/>\n<meta property=\"og:url\" content=\"https:\/\/bkmedevents.com\/fr\/sinscrire-comme-prestataire\/\" \/>\n<meta property=\"og:site_name\" content=\"BKMED EVENTS\" \/>\n<meta property=\"article:publisher\" content=\"https:\/\/www.facebook.com\/bkmedevents?mibextid=ZbWKwL\" \/>\n<meta property=\"article:modified_time\" content=\"2022-08-01T18:06:18+00:00\" \/>\n<meta name=\"twitter:card\" content=\"summary_large_image\" \/>\n<meta name=\"twitter:site\" content=\"@BkmedEvents\" \/>\n<script type=\"application\/ld+json\" class=\"yoast-schema-graph\">{\"@context\":\"https:\/\/schema.org\",\"@graph\":[{\"@type\":\"WebPage\",\"@id\":\"https:\/\/bkmedevents.com\/fr\/sinscrire-comme-prestataire\/\",\"url\":\"https:\/\/bkmedevents.com\/fr\/sinscrire-comme-prestataire\/\",\"name\":\"S'inscrire Comme Prestataire - BKMED EVENTS\",\"isPartOf\":{\"@id\":\"https:\/\/bkmedevents.com\/#website\"},\"datePublished\":\"2022-06-24T07:26:57+00:00\",\"dateModified\":\"2022-08-01T18:06:18+00:00\",\"breadcrumb\":{\"@id\":\"https:\/\/bkmedevents.com\/fr\/sinscrire-comme-prestataire\/#breadcrumb\"},\"inLanguage\":\"fr-FR\",\"potentialAction\":[{\"@type\":\"ReadAction\",\"target\":[\"https:\/\/bkmedevents.com\/fr\/sinscrire-comme-prestataire\/\"]}]},{\"@type\":\"BreadcrumbList\",\"@id\":\"https:\/\/bkmedevents.com\/fr\/sinscrire-comme-prestataire\/#breadcrumb\",\"itemListElement\":[{\"@type\":\"ListItem\",\"position\":1,\"name\":\"Accueil\",\"item\":\"https:\/\/bkmedevents.com\/en\/\"},{\"@type\":\"ListItem\",\"position\":2,\"name\":\"S&#8217;inscrire Comme Prestataire\"}]},{\"@type\":\"WebSite\",\"@id\":\"https:\/\/bkmedevents.com\/#website\",\"url\":\"https:\/\/bkmedevents.com\/\",\"name\":\"www.bkmedevents.com\",\"description\":\"La Formation Continue Vue AUTREMENT ..\",\"publisher\":{\"@id\":\"https:\/\/bkmedevents.com\/#organization\"},\"potentialAction\":[{\"@type\":\"SearchAction\",\"target\":{\"@type\":\"EntryPoint\",\"urlTemplate\":\"https:\/\/bkmedevents.com\/?s={search_term_string}\"},\"query-input\":\"required name=search_term_string\"}],\"inLanguage\":\"fr-FR\"},{\"@type\":\"Organization\",\"@id\":\"https:\/\/bkmedevents.com\/#organization\",\"name\":\"www.bkmedevents.com\",\"url\":\"https:\/\/bkmedevents.com\/\",\"logo\":{\"@type\":\"ImageObject\",\"inLanguage\":\"fr-FR\",\"@id\":\"https:\/\/bkmedevents.com\/#\/schema\/logo\/image\/\",\"url\":\"https:\/\/bkmedevents.com\/wp-content\/uploads\/2023\/09\/WhatsApp-Image-2023-09-18-a-14.53.20.jpg\",\"contentUrl\":\"https:\/\/bkmedevents.com\/wp-content\/uploads\/2023\/09\/WhatsApp-Image-2023-09-18-a-14.53.20.jpg\",\"width\":493,\"height\":308,\"caption\":\"www.bkmedevents.com\"},\"image\":{\"@id\":\"https:\/\/bkmedevents.com\/#\/schema\/logo\/image\/\"},\"sameAs\":[\"https:\/\/www.facebook.com\/bkmedevents?mibextid=ZbWKwL\",\"https:\/\/twitter.com\/BkmedEvents\",\"https:\/\/instagram.com\/bkmedevents?utm_source=qr&igshid=NGExMmI2YTkyZg\",\"https:\/\/youtube.com\/@bkmedevents2022?si=OHuUHYRdW6_kCi4L\"]}]}<\/script>\n<!-- \/ Yoast SEO plugin. -->","yoast_head_json":{"title":"S'inscrire Comme Prestataire - BKMED EVENTS","robots":{"index":"index","follow":"follow","max-snippet":"max-snippet:-1","max-image-preview":"max-image-preview:large","max-video-preview":"max-video-preview:-1"},"canonical":"https:\/\/bkmedevents.com\/fr\/sinscrire-comme-prestataire\/","og_locale":"fr_FR","og_type":"article","og_title":"S'inscrire Comme Prestataire - BKMED EVENTS","og_description":"Inscription Des Prestataires Merci de votre int\u00e9r\u00eat \u00e0 nous rejoindre. Veuillez s&#8217;il vous plait remplir ce formulaire.","og_url":"https:\/\/bkmedevents.com\/fr\/sinscrire-comme-prestataire\/","og_site_name":"BKMED EVENTS","article_publisher":"https:\/\/www.facebook.com\/bkmedevents?mibextid=ZbWKwL","article_modified_time":"2022-08-01T18:06:18+00:00","twitter_card":"summary_large_image","twitter_site":"@BkmedEvents","schema":{"@context":"https:\/\/schema.org","@graph":[{"@type":"WebPage","@id":"https:\/\/bkmedevents.com\/fr\/sinscrire-comme-prestataire\/","url":"https:\/\/bkmedevents.com\/fr\/sinscrire-comme-prestataire\/","name":"S'inscrire Comme Prestataire - BKMED EVENTS","isPartOf":{"@id":"https:\/\/bkmedevents.com\/#website"},"datePublished":"2022-06-24T07:26:57+00:00","dateModified":"2022-08-01T18:06:18+00:00","breadcrumb":{"@id":"https:\/\/bkmedevents.com\/fr\/sinscrire-comme-prestataire\/#breadcrumb"},"inLanguage":"fr-FR","potentialAction":[{"@type":"ReadAction","target":["https:\/\/bkmedevents.com\/fr\/sinscrire-comme-prestataire\/"]}]},{"@type":"BreadcrumbList","@id":"https:\/\/bkmedevents.com\/fr\/sinscrire-comme-prestataire\/#breadcrumb","itemListElement":[{"@type":"ListItem","position":1,"name":"Accueil","item":"https:\/\/bkmedevents.com\/en\/"},{"@type":"ListItem","position":2,"name":"S&#8217;inscrire Comme Prestataire"}]},{"@type":"WebSite","@id":"https:\/\/bkmedevents.com\/#website","url":"https:\/\/bkmedevents.com\/","name":"www.bkmedevents.com","description":"La Formation Continue Vue AUTREMENT ..","publisher":{"@id":"https:\/\/bkmedevents.com\/#organization"},"potentialAction":[{"@type":"SearchAction","target":{"@type":"EntryPoint","urlTemplate":"https:\/\/bkmedevents.com\/?s={search_term_string}"},"query-input":"required name=search_term_string"}],"inLanguage":"fr-FR"},{"@type":"Organization","@id":"https:\/\/bkmedevents.com\/#organization","name":"www.bkmedevents.com","url":"https:\/\/bkmedevents.com\/","logo":{"@type":"ImageObject","inLanguage":"fr-FR","@id":"https:\/\/bkmedevents.com\/#\/schema\/logo\/image\/","url":"https:\/\/bkmedevents.com\/wp-content\/uploads\/2023\/09\/WhatsApp-Image-2023-09-18-a-14.53.20.jpg","contentUrl":"https:\/\/bkmedevents.com\/wp-content\/uploads\/2023\/09\/WhatsApp-Image-2023-09-18-a-14.53.20.jpg","width":493,"height":308,"caption":"www.bkmedevents.com"},"image":{"@id":"https:\/\/bkmedevents.com\/#\/schema\/logo\/image\/"},"sameAs":["https:\/\/www.facebook.com\/bkmedevents?mibextid=ZbWKwL","https:\/\/twitter.com\/BkmedEvents","https:\/\/instagram.com\/bkmedevents?utm_source=qr&igshid=NGExMmI2YTkyZg","https:\/\/youtube.com\/@bkmedevents2022?si=OHuUHYRdW6_kCi4L"]}]}},"_links":{"self":[{"href":"https:\/\/bkmedevents.com\/fr\/wp-json\/wp\/v2\/pages\/9427","targetHints":{"allow":["GET"]}}],"collection":[{"href":"https:\/\/bkmedevents.com\/fr\/wp-json\/wp\/v2\/pages"}],"about":[{"href":"https:\/\/bkmedevents.com\/fr\/wp-json\/wp\/v2\/types\/page"}],"author":[{"embeddable":true,"href":"https:\/\/bkmedevents.com\/fr\/wp-json\/wp\/v2\/users\/1"}],"replies":[{"embeddable":true,"href":"https:\/\/bkmedevents.com\/fr\/wp-json\/wp\/v2\/comments?post=9427"}],"version-history":[{"count":97,"href":"https:\/\/bkmedevents.com\/fr\/wp-json\/wp\/v2\/pages\/9427\/revisions"}],"predecessor-version":[{"id":11548,"href":"https:\/\/bkmedevents.com\/fr\/wp-json\/wp\/v2\/pages\/9427\/revisions\/11548"}],"wp:attachment":[{"href":"https:\/\/bkmedevents.com\/fr\/wp-json\/wp\/v2\/media?parent=9427"}],"curies":[{"name":"wp","href":"https:\/\/api.w.org\/{rel}","templated":true}]}}